{"id":29981,"date":"2026-02-27T00:08:31","date_gmt":"2026-02-27T00:08:31","guid":{"rendered":"https:\/\/nordicmart.andreevmaster.com\/product\/songmics-metallihenkari-20-kpl-musta\/"},"modified":"2026-02-27T09:32:30","modified_gmt":"2026-02-27T09:32:30","slug":"songmics-metallihenkari-20-kpl-musta","status":"publish","type":"product","link":"https:\/\/nordicmart.andreevmaster.com\/fi\/tuote\/songmics-metallihenkari-20-kpl-musta\/","title":{"rendered":"SONGMICS metallihenkari 20 kpl musta"},"content":{"rendered":"<p>Metalliset olkap\u00e4\u00e4muotoiset henkarit, mustalla pinnoitteella ja tyylikk\u00e4\u00e4ll\u00e4 muotoilulla, 2 lovella, tarjoavat riitt\u00e4v\u00e4t ripustusmahdollisuudet paidoille, T-paidoille, mekkoille, tankkitopeille tai housuille ja sopivat erinomaisesti p\u00e4ivitt\u00e4isiin teht\u00e4viin. Songmics-vaatehenkari on valmistettu \u00f8 3 mm:n PVC-pinnoitetusta langasta, joten se kest\u00e4\u00e4 pidemp\u00e4\u00e4n kuin \u00f8 2 mm:n langasta valmistetut vaatehenkarit. Songmicsin kapean ja hienosti muotoillun vaatehenkarin avulla saat viel\u00e4 enemm\u00e4n tilaa vaatekaappiisi.Tuotetiedot: Mitat: 42,5 x 20,5 x 0,4 cm (L x K x S) V\u00e4ri: musta Materiaali: kromattu metalli + PVC-pinnoite Kunkin henkarin kantavuus: 3 kg Paino (20 kpl): 1,35 kg Bruttopaino: 1,7 kg Toimitus sis\u00e4lt\u00e4\u00e4: 20 x henkari Huomautukset:V\u00e4lt\u00e4 ripustimien pitk\u00e4aikaista s\u00e4ilytyst\u00e4 korkeassa l\u00e4mp\u00f6tilassa. Puhdista ripustimet kevyesti kostutetulla liinalla.<\/p>\n","protected":false},"excerpt":{"rendered":"<p>SONGMICS-vaatehenkari, 20 kpl, metallinen takkinenkari, ohut ja luistamaton, \u00d8 4 mm, tilaa s\u00e4\u00e4st\u00e4v\u00e4 360\u00b0 k\u00e4\u00e4ntyv\u00e4 koukku, musta CRI33B-20<\/p>\n","protected":false},"featured_media":39381,"comment_status":"open","ping_status":"closed","template":"","meta":[],"product_brand":[],"product_cat":[32],"product_tag":[],"class_list":{"0":"post-29981","1":"product","2":"type-product","3":"status-publish","4":"has-post-thumbnail","6":"product_cat-uncategorized-fi","8":"first","9":"instock","10":"shipping-taxable","11":"purchasable","12":"product-type-simple"},"_links":{"self":[{"href":"https:\/\/nordicmart.andreevmaster.com\/fi\/wp-json\/wp\/v2\/product\/29981","targetHints":{"allow":["GET"]}}],"collection":[{"href":"https:\/\/nordicmart.andreevmaster.com\/fi\/wp-json\/wp\/v2\/product"}],"about":[{"href":"https:\/\/nordicmart.andreevmaster.com\/fi\/wp-json\/wp\/v2\/types\/product"}],"replies":[{"embeddable":true,"href":"https:\/\/nordicmart.andreevmaster.com\/fi\/wp-json\/wp\/v2\/comments?post=29981"}],"wp:featuredmedia":[{"embeddable":true,"href":"https:\/\/nordicmart.andreevmaster.com\/fi\/wp-json\/wp\/v2\/media\/39381"}],"wp:attachment":[{"href":"https:\/\/nordicmart.andreevmaster.com\/fi\/wp-json\/wp\/v2\/media?parent=29981"}],"wp:term":[{"taxonomy":"product_brand","embeddable":true,"href":"https:\/\/nordicmart.andreevmaster.com\/fi\/wp-json\/wp\/v2\/product_brand?post=29981"},{"taxonomy":"product_cat","embeddable":true,"href":"https:\/\/nordicmart.andreevmaster.com\/fi\/wp-json\/wp\/v2\/product_cat?post=29981"},{"taxonomy":"product_tag","embeddable":true,"href":"https:\/\/nordicmart.andreevmaster.com\/fi\/wp-json\/wp\/v2\/product_tag?post=29981"}],"curies":[{"name":"wp","href":"https:\/\/api.w.org\/{rel}","templated":true}]}}