{"id":29980,"date":"2026-02-27T00:08:31","date_gmt":"2026-02-27T00:08:31","guid":{"rendered":"https:\/\/nordicmart.andreevmaster.com\/product\/songmics-hylly-huiveille-ja-huiveille-musta\/"},"modified":"2026-02-27T09:32:30","modified_gmt":"2026-02-27T09:32:30","slug":"songmics-hylly-huiveille-ja-huiveille-musta","status":"publish","type":"product","link":"https:\/\/nordicmart.andreevmaster.com\/fi\/tuote\/songmics-hylly-huiveille-ja-huiveille-musta\/","title":{"rendered":"SONGMICS hylly huiveille ja huiveille, musta"},"content":{"rendered":"<p>SONGMICS huiviteline Metallinen huiviteline liukumattomalla pinnalla 12 silmukkaa Vaatekoukku huiveille, huiveille, vy\u00f6ille, solmioille Kromattu koukku Kiilt\u00e4v\u00e4, ruostumaton ja kest\u00e4v\u00e4. Tilaa s\u00e4\u00e4st\u00e4v\u00e4 Telineen kompaktien mittojen ansiosta voit hy\u00f6dynt\u00e4\u00e4 kaapin tilan t\u00e4ysim\u00e4\u00e4r\u00e4isesti.Luistamaton muotoilu Henkari on p\u00e4\u00e4llystetty PVC-muovilla, joten se est\u00e4\u00e4 huiveja putoamasta eik\u00e4 j\u00e4t\u00e4 j\u00e4lki\u00e4. Kunto: Uusi ja alkuper\u00e4isess\u00e4 pakkauksessa Kuvaus:K\u00e4tev\u00e4 huivi- ja huiviteline pit\u00e4\u00e4 vaatekaapin siistin\u00e4 ja j\u00e4rjestyksess\u00e4. 12 reik\u00e4\u00e4 huiveille, kaulahuiveille, solmioille, vy\u00f6ille, sukkahousuille ja monelle muulle. Ter\u00e4ksest\u00e4 valmistettu, muovipinnoitettu, luistamaton ja v\u00e4\u00e4ntym\u00e4t\u00f6n. Viistetty ja sile\u00e4 pinta est\u00e4\u00e4 kankaan tarttumisen. Toimitus sis\u00e4lt\u00e4\u00e4: 1 x huivi- ja huiviteline<\/p>\n","protected":false},"excerpt":{"rendered":"<p>SONGMICS huiviteline metallinen huivi- ja huiviteline liukumattomalla pinnalla 12 silmukkaa, mitat: 42 x 25 cm renkaat \u00f8 7,5 cm henkari huiveille, solmioille, musta CRI22B<\/p>\n","protected":false},"featured_media":39380,"comment_status":"open","ping_status":"closed","template":"","meta":[],"product_brand":[],"product_cat":[32],"product_tag":[],"class_list":{"0":"post-29980","1":"product","2":"type-product","3":"status-publish","4":"has-post-thumbnail","6":"product_cat-uncategorized-fi","8":"first","9":"instock","10":"shipping-taxable","11":"purchasable","12":"product-type-simple"},"_links":{"self":[{"href":"https:\/\/nordicmart.andreevmaster.com\/fi\/wp-json\/wp\/v2\/product\/29980","targetHints":{"allow":["GET"]}}],"collection":[{"href":"https:\/\/nordicmart.andreevmaster.com\/fi\/wp-json\/wp\/v2\/product"}],"about":[{"href":"https:\/\/nordicmart.andreevmaster.com\/fi\/wp-json\/wp\/v2\/types\/product"}],"replies":[{"embeddable":true,"href":"https:\/\/nordicmart.andreevmaster.com\/fi\/wp-json\/wp\/v2\/comments?post=29980"}],"wp:featuredmedia":[{"embeddable":true,"href":"https:\/\/nordicmart.andreevmaster.com\/fi\/wp-json\/wp\/v2\/media\/39380"}],"wp:attachment":[{"href":"https:\/\/nordicmart.andreevmaster.com\/fi\/wp-json\/wp\/v2\/media?parent=29980"}],"wp:term":[{"taxonomy":"product_brand","embeddable":true,"href":"https:\/\/nordicmart.andreevmaster.com\/fi\/wp-json\/wp\/v2\/product_brand?post=29980"},{"taxonomy":"product_cat","embeddable":true,"href":"https:\/\/nordicmart.andreevmaster.com\/fi\/wp-json\/wp\/v2\/product_cat?post=29980"},{"taxonomy":"product_tag","embeddable":true,"href":"https:\/\/nordicmart.andreevmaster.com\/fi\/wp-json\/wp\/v2\/product_tag?post=29980"}],"curies":[{"name":"wp","href":"https:\/\/api.w.org\/{rel}","templated":true}]}}