{"id":29979,"date":"2026-02-27T00:08:31","date_gmt":"2026-02-27T00:08:31","guid":{"rendered":"https:\/\/nordicmart.andreevmaster.com\/product\/songmics-kiinnityskannattimet-10-kpl-musta\/"},"modified":"2026-02-27T09:32:30","modified_gmt":"2026-02-27T09:32:30","slug":"songmics-kiinnityskannattimet-10-kpl-musta","status":"publish","type":"product","link":"https:\/\/nordicmart.andreevmaster.com\/fi\/tuote\/songmics-kiinnityskannattimet-10-kpl-musta\/","title":{"rendered":"SONGMICS kiinnityskannattimet 10 kpl musta"},"content":{"rendered":"<p>Kest\u00e4v\u00e4 liitososa Valmistettu korkealaatuisesta ABS-muovista, kest\u00e4v\u00e4 ja lujatekoinen, pitk\u00e4 k\u00e4ytt\u00f6ik\u00e4. SONGMICS-ohje: Pid\u00e4 henkarit poissa syttymisl\u00e4hteist\u00e4, \u00e4l\u00e4 altista henkareita suoralle voimakkaalle auringonvalolle. Tuotetiedot: Kunkin henkarin mitat: 26 x 15,2 x 1,5 cm (L x K x S) V\u00e4ri: musta Materiaali: metalli + PVC Paino: 1,3 kg Toimitus sis\u00e4lt\u00e4\u00e4: 10 x henkari<\/p>\n","protected":false},"excerpt":{"rendered":"<p>SONGMICS Housuhenkari 10 kpl metallia &#8211; Housunj\u00e4nnitin Hameenhenkari Vaatehenkari Puristinhenkari Hameenj\u00e4nnitin 360\u00b0k\u00e4\u00e4ntyv\u00e4 koukku hameille, housuille Musta CRI07B-10<\/p>\n","protected":false},"featured_media":39379,"comment_status":"open","ping_status":"closed","template":"","meta":[],"product_brand":[],"product_cat":[32],"product_tag":[],"class_list":{"0":"post-29979","1":"product","2":"type-product","3":"status-publish","4":"has-post-thumbnail","6":"product_cat-uncategorized-fi","8":"first","9":"instock","10":"shipping-taxable","11":"purchasable","12":"product-type-simple"},"_links":{"self":[{"href":"https:\/\/nordicmart.andreevmaster.com\/fi\/wp-json\/wp\/v2\/product\/29979","targetHints":{"allow":["GET"]}}],"collection":[{"href":"https:\/\/nordicmart.andreevmaster.com\/fi\/wp-json\/wp\/v2\/product"}],"about":[{"href":"https:\/\/nordicmart.andreevmaster.com\/fi\/wp-json\/wp\/v2\/types\/product"}],"replies":[{"embeddable":true,"href":"https:\/\/nordicmart.andreevmaster.com\/fi\/wp-json\/wp\/v2\/comments?post=29979"}],"wp:featuredmedia":[{"embeddable":true,"href":"https:\/\/nordicmart.andreevmaster.com\/fi\/wp-json\/wp\/v2\/media\/39379"}],"wp:attachment":[{"href":"https:\/\/nordicmart.andreevmaster.com\/fi\/wp-json\/wp\/v2\/media?parent=29979"}],"wp:term":[{"taxonomy":"product_brand","embeddable":true,"href":"https:\/\/nordicmart.andreevmaster.com\/fi\/wp-json\/wp\/v2\/product_brand?post=29979"},{"taxonomy":"product_cat","embeddable":true,"href":"https:\/\/nordicmart.andreevmaster.com\/fi\/wp-json\/wp\/v2\/product_cat?post=29979"},{"taxonomy":"product_tag","embeddable":true,"href":"https:\/\/nordicmart.andreevmaster.com\/fi\/wp-json\/wp\/v2\/product_tag?post=29979"}],"curies":[{"name":"wp","href":"https:\/\/api.w.org\/{rel}","templated":true}]}}