{"id":29978,"date":"2026-02-27T00:08:31","date_gmt":"2026-02-27T00:08:31","guid":{"rendered":"https:\/\/nordicmart.andreevmaster.com\/product\/songmics-metalliset-housuhenkarit-20-kpl-harmaa\/"},"modified":"2026-02-27T09:32:30","modified_gmt":"2026-02-27T09:32:30","slug":"songmics-metalliset-housuhenkarit-20-kpl-harmaa","status":"publish","type":"product","link":"https:\/\/nordicmart.andreevmaster.com\/fi\/tuote\/songmics-metalliset-housuhenkarit-20-kpl-harmaa\/","title":{"rendered":"SONGMICS metalliset housuhenkarit 20 kpl harmaa"},"content":{"rendered":"<p>Mitk\u00e4 ovat n\u00e4iden hamehenkareiden k\u00e4yt\u00e4nn\u00f6n edut? N\u00e4m\u00e4 hamehakat on valmistettu \u00d8 3,4 mm:n metallilangasta, joten ne ovat ohuita ja tilaa s\u00e4\u00e4st\u00e4vi\u00e4. N\u00e4m\u00e4 hamehakat ovat kest\u00e4vi\u00e4 ja kest\u00e4v\u00e4t jopa 3 kg:n painon. Voit ripustaa n\u00e4ille hamehakeille erilaisia vaatteita, kuten housuja, hameita ja vauvanvaatteita.Kiinnikkeet voidaan siirt\u00e4\u00e4 enint\u00e4\u00e4n 40 cm:n p\u00e4\u00e4h\u00e4n toisistaan, joten ne sopivat erikokoisille vaatteille. PVC-pinnoitetut kiinnikkeet est\u00e4v\u00e4t vaatteita liukumasta alas. Kromattu pinta on tyylik\u00e4s ja ruostumaton. Koukku k\u00e4\u00e4ntyy 360\u00b0. Tuotetiedot:V\u00e4ri: hopeanharmaa Materiaali: kromattu rauta, PVC-pinnoite Koko per henkari: 40 x 2,4 x 10,5 cm (P x L x K) Paino per henkari: 60 g Maks. staattinen kantavuus per henkari: 3 kg Toimitus sis\u00e4lt\u00e4\u00e4: 20 x housuhenkari SONGMICS Huomautukset: Henkarin maksimaalinen kantavuus on 3 kg. \u00c4l\u00e4 ylit\u00e4 t\u00e4t\u00e4 enimm\u00e4ispainoa. \u00c4l\u00e4 k\u00e4yt\u00e4 n\u00e4it\u00e4 henkareita kuivausrummussa tai pesukoneessa.<\/p>\n","protected":false},"excerpt":{"rendered":"<p>SONGMICS 20 x metallinen housuhenkari vaatehenkari housuille sukkahousuille hameille 40 x 10,5 cm (eritt\u00e4in leve\u00e4) liukumaton &#8211; kromattu CRI006-20<\/p>\n","protected":false},"featured_media":39378,"comment_status":"open","ping_status":"closed","template":"","meta":[],"product_brand":[],"product_cat":[32],"product_tag":[],"class_list":{"0":"post-29978","1":"product","2":"type-product","3":"status-publish","4":"has-post-thumbnail","6":"product_cat-uncategorized-fi","8":"first","9":"instock","10":"shipping-taxable","11":"purchasable","12":"product-type-simple"},"_links":{"self":[{"href":"https:\/\/nordicmart.andreevmaster.com\/fi\/wp-json\/wp\/v2\/product\/29978","targetHints":{"allow":["GET"]}}],"collection":[{"href":"https:\/\/nordicmart.andreevmaster.com\/fi\/wp-json\/wp\/v2\/product"}],"about":[{"href":"https:\/\/nordicmart.andreevmaster.com\/fi\/wp-json\/wp\/v2\/types\/product"}],"replies":[{"embeddable":true,"href":"https:\/\/nordicmart.andreevmaster.com\/fi\/wp-json\/wp\/v2\/comments?post=29978"}],"wp:featuredmedia":[{"embeddable":true,"href":"https:\/\/nordicmart.andreevmaster.com\/fi\/wp-json\/wp\/v2\/media\/39378"}],"wp:attachment":[{"href":"https:\/\/nordicmart.andreevmaster.com\/fi\/wp-json\/wp\/v2\/media?parent=29978"}],"wp:term":[{"taxonomy":"product_brand","embeddable":true,"href":"https:\/\/nordicmart.andreevmaster.com\/fi\/wp-json\/wp\/v2\/product_brand?post=29978"},{"taxonomy":"product_cat","embeddable":true,"href":"https:\/\/nordicmart.andreevmaster.com\/fi\/wp-json\/wp\/v2\/product_cat?post=29978"},{"taxonomy":"product_tag","embeddable":true,"href":"https:\/\/nordicmart.andreevmaster.com\/fi\/wp-json\/wp\/v2\/product_tag?post=29978"}],"curies":[{"name":"wp","href":"https:\/\/api.w.org\/{rel}","templated":true}]}}