{"id":29977,"date":"2026-02-27T00:08:31","date_gmt":"2026-02-27T00:08:31","guid":{"rendered":"https:\/\/nordicmart.andreevmaster.com\/product\/songmics-avoimet-housuhenkarit-20-kpl-harmaa\/"},"modified":"2026-02-27T09:32:30","modified_gmt":"2026-02-27T09:32:30","slug":"songmics-avoimet-housuhenkarit-20-kpl-harmaa","status":"publish","type":"product","link":"https:\/\/nordicmart.andreevmaster.com\/fi\/tuote\/songmics-avoimet-housuhenkarit-20-kpl-harmaa\/","title":{"rendered":"SONGMICS Avoimet housuhenkarit 20 kpl Harmaa"},"content":{"rendered":"<p>Avoin p\u00e4\u00e4ty Suunniteltu yhten\u00e4 kappaleena, virtaviivainen henkari mahdollistaa vaatteiden helpon ottamisen pois ilman, ett\u00e4 henkaria tarvitsee irrottaa tangosta.Luistamaton ja kest\u00e4v\u00e4 Pinnoitettu housuhenkari on yl\u00e4p\u00e4\u00e4st\u00e4\u00e4n yl\u00f6sp\u00e4in kaartuva, jotta vaatteet eiv\u00e4t putoa; kromattu metalli ja PVC-muovimateriaali kest\u00e4v\u00e4t ruostetta ja hapettumista. Tilaa s\u00e4\u00e4st\u00e4v\u00e4 Henkareiden avulla vaatteesi ovat helposti j\u00e4rjestyksess\u00e4, joten vaatekaappisi pysyy aina siistin\u00e4.Tuotetiedot: V\u00e4ri: harmaa Materiaali: kromattu metalli, PVC-muovipinnoite Mitat: 38 x 14,5 x 0,5 cm (L x K x S) Paino: 2,25 g Maks. kantavuus per henkari: 3 kg Toimitus sis\u00e4lt\u00e4\u00e4: 20 x metallinen henkari SONGMICS Huomautukset:\u00c4l\u00e4 k\u00e4yt\u00e4 henkareita pitk\u00e4\u00e4n korkeissa l\u00e4mp\u00f6tiloissa tai kosteassa ymp\u00e4rist\u00f6ss\u00e4.<\/p>\n","protected":false},"excerpt":{"rendered":"<p>SONGMICS metallinen housuhenkari, 20 kpl, housuhenkari avoimella p\u00e4\u00e4ll\u00e4 ja luistamattomalla pinnoitteella, tilaa s\u00e4\u00e4st\u00e4v\u00e4, leveys 38 cm, harmaa CRI04G-20<\/p>\n","protected":false},"featured_media":39377,"comment_status":"open","ping_status":"closed","template":"","meta":[],"product_brand":[],"product_cat":[32],"product_tag":[],"class_list":{"0":"post-29977","1":"product","2":"type-product","3":"status-publish","4":"has-post-thumbnail","6":"product_cat-uncategorized-fi","8":"first","9":"instock","10":"shipping-taxable","11":"purchasable","12":"product-type-simple"},"_links":{"self":[{"href":"https:\/\/nordicmart.andreevmaster.com\/fi\/wp-json\/wp\/v2\/product\/29977","targetHints":{"allow":["GET"]}}],"collection":[{"href":"https:\/\/nordicmart.andreevmaster.com\/fi\/wp-json\/wp\/v2\/product"}],"about":[{"href":"https:\/\/nordicmart.andreevmaster.com\/fi\/wp-json\/wp\/v2\/types\/product"}],"replies":[{"embeddable":true,"href":"https:\/\/nordicmart.andreevmaster.com\/fi\/wp-json\/wp\/v2\/comments?post=29977"}],"wp:featuredmedia":[{"embeddable":true,"href":"https:\/\/nordicmart.andreevmaster.com\/fi\/wp-json\/wp\/v2\/media\/39377"}],"wp:attachment":[{"href":"https:\/\/nordicmart.andreevmaster.com\/fi\/wp-json\/wp\/v2\/media?parent=29977"}],"wp:term":[{"taxonomy":"product_brand","embeddable":true,"href":"https:\/\/nordicmart.andreevmaster.com\/fi\/wp-json\/wp\/v2\/product_brand?post=29977"},{"taxonomy":"product_cat","embeddable":true,"href":"https:\/\/nordicmart.andreevmaster.com\/fi\/wp-json\/wp\/v2\/product_cat?post=29977"},{"taxonomy":"product_tag","embeddable":true,"href":"https:\/\/nordicmart.andreevmaster.com\/fi\/wp-json\/wp\/v2\/product_tag?post=29977"}],"curies":[{"name":"wp","href":"https:\/\/api.w.org\/{rel}","templated":true}]}}