{"id":29975,"date":"2026-02-27T00:08:30","date_gmt":"2026-02-27T00:08:30","guid":{"rendered":"https:\/\/nordicmart.andreevmaster.com\/product\/songmics-s-muotoinen-housuhenkari\/"},"modified":"2026-02-27T09:32:29","modified_gmt":"2026-02-27T09:32:29","slug":"songmics-s-muotoinen-housuhenkari","status":"publish","type":"product","link":"https:\/\/nordicmart.andreevmaster.com\/fi\/tuote\/songmics-s-muotoinen-housuhenkari\/","title":{"rendered":"SONGMICS S-muotoinen housuhenkari"},"content":{"rendered":"<p>T\u00e4m\u00e4n monik\u00e4ytt\u00f6isen S-muotoisen housuhenkarin parhaat ominaisuudet:<\/p>\n<p>Jokaiseen n\u00e4ist\u00e4 monik\u00e4ytt\u00f6isist\u00e4 henkareista mahtuu jopa 5 housua.<br \/>\nVankasta ruostumattomasta ter\u00e4ksest\u00e4 valmistetut henkarit ovat kest\u00e4vi\u00e4 (jokainen monihenkari kest\u00e4\u00e4 jopa 5 kg:n painon).<br \/>\nHousuhenkareiden musta liukumaton pinnoite ja pieni kumikorkki p\u00e4\u00e4ss\u00e4 est\u00e4v\u00e4t vaatteiden putoamisen.<br \/>\nN\u00e4iden henkareiden avulla voit ripustaa housut, huivit ja solmiot siististi. Tuotetiedot:<br \/>\nV\u00e4ri: hopea-musta<br \/>\nMateriaali: ruostumaton ter\u00e4s, PVC<br \/>\nKoko: 39 x 0,8 x 32 cm (P x L x K)<br \/>\nPaino: 0,94 kg<br \/>\nEnimm\u00e4iskantavuus per monihenkinen henkari: 5 kg<\/p>\n<p>Toimitus sis\u00e4lt\u00e4\u00e4<br \/>\n4 x monik\u00e4ytt\u00f6inen housuhenkari<\/p>\n<p>SONGMICS Huomautukset:<br \/>\nMonik\u00e4ytt\u00f6isen henkarin enimm\u00e4iskuormitus on 5 kg. \u00c4l\u00e4 ylit\u00e4 t\u00e4t\u00e4 enimm\u00e4ispainoa.<br \/>\n\u00c4l\u00e4 k\u00e4yt\u00e4 n\u00e4it\u00e4 henkareita kuivausrummussa tai pesukoneessa.<\/p>\n","protected":false},"excerpt":{"rendered":"<p>SONGMICS tilaa s\u00e4\u00e4st\u00e4v\u00e4t housuhenkarit, 4 kpl:n sarja, metalliset monik\u00e4ytt\u00f6iset henkarit, kuhunkin 5 housua, S-muotoiset, luistamattomat, vaatekaappi, housuille, farkuille, huiveille, pyyhkeille, hopeanmusta CRI043BK<\/p>\n","protected":false},"featured_media":39375,"comment_status":"open","ping_status":"closed","template":"","meta":[],"product_brand":[],"product_cat":[32],"product_tag":[],"class_list":{"0":"post-29975","1":"product","2":"type-product","3":"status-publish","4":"has-post-thumbnail","6":"product_cat-uncategorized-fi","8":"first","9":"instock","10":"shipping-taxable","11":"purchasable","12":"product-type-simple"},"_links":{"self":[{"href":"https:\/\/nordicmart.andreevmaster.com\/fi\/wp-json\/wp\/v2\/product\/29975","targetHints":{"allow":["GET"]}}],"collection":[{"href":"https:\/\/nordicmart.andreevmaster.com\/fi\/wp-json\/wp\/v2\/product"}],"about":[{"href":"https:\/\/nordicmart.andreevmaster.com\/fi\/wp-json\/wp\/v2\/types\/product"}],"replies":[{"embeddable":true,"href":"https:\/\/nordicmart.andreevmaster.com\/fi\/wp-json\/wp\/v2\/comments?post=29975"}],"wp:featuredmedia":[{"embeddable":true,"href":"https:\/\/nordicmart.andreevmaster.com\/fi\/wp-json\/wp\/v2\/media\/39375"}],"wp:attachment":[{"href":"https:\/\/nordicmart.andreevmaster.com\/fi\/wp-json\/wp\/v2\/media?parent=29975"}],"wp:term":[{"taxonomy":"product_brand","embeddable":true,"href":"https:\/\/nordicmart.andreevmaster.com\/fi\/wp-json\/wp\/v2\/product_brand?post=29975"},{"taxonomy":"product_cat","embeddable":true,"href":"https:\/\/nordicmart.andreevmaster.com\/fi\/wp-json\/wp\/v2\/product_cat?post=29975"},{"taxonomy":"product_tag","embeddable":true,"href":"https:\/\/nordicmart.andreevmaster.com\/fi\/wp-json\/wp\/v2\/product_tag?post=29975"}],"curies":[{"name":"wp","href":"https:\/\/api.w.org\/{rel}","templated":true}]}}