{"id":29974,"date":"2026-02-27T00:08:30","date_gmt":"2026-02-27T00:08:30","guid":{"rendered":"https:\/\/nordicmart.andreevmaster.com\/product\/songmics-monikayttoiset-henkarit-3-kpl\/"},"modified":"2026-02-27T09:32:29","modified_gmt":"2026-02-27T09:32:29","slug":"songmics-monikayttoiset-henkarit-3-kpl","status":"publish","type":"product","link":"https:\/\/nordicmart.andreevmaster.com\/fi\/tuote\/songmics-monikayttoiset-henkarit-3-kpl\/","title":{"rendered":"SONGMICS monik\u00e4ytt\u00f6iset henkarit, 3 kpl"},"content":{"rendered":"<p>Haluatko pit\u00e4\u00e4 housusi tai hameesi aina hyv\u00e4ss\u00e4 kunnossa, mutta et halua silitt\u00e4\u00e4 niit\u00e4 ennen treffej\u00e4 tai kokousta? Silloin t\u00e4m\u00e4 3-osainen monik\u00e4ytt\u00f6isten henkareiden sarja on juuri sinulle sopiva. Vaatteesi voidaan ripustaa n\u00e4ille henkareille ilman taitteita, ja ne ovat aina k\u00e4ytt\u00f6valmiina. N\u00e4iden hamehenkareiden t\u00e4rkeimm\u00e4t ominaisuudet:- PVC-pinnoitetut kiinnikkeet est\u00e4v\u00e4t vaatteitasi putoamasta lattialle. &#8211; S\u00e4\u00e4dett\u00e4vien kiinnikkeiden ansiosta voit ripustaa n\u00e4ille henkareille erikokoisia housuja ja hameita. &#8211; N\u00e4m\u00e4 tilaa s\u00e4\u00e4st\u00e4v\u00e4t monik\u00e4ytt\u00f6iset henkarit (4 housua kukin) auttavat sinua maksimoimaan tilan vaatekaapissasi.- Monihenkiset henkarit ovat niin vahvoja, ett\u00e4 niihin voi ripustaa useita housuja kerralla. &#8211; Kromattu pinta on ruostumaton ja tuo vaatekaappiisi hieman kiiltoa. Tuotetiedot:- V\u00e4ri: hopea &#8211; Materiaali: rautalanka, PVC-pinnoite &#8211; Koko per henkari: 32 x 0,4 x 35 cm (P x L x K) &#8211; Paino per henkari: 250 g &#8211; Maks. staattinen kantavuus per henkari: 3 kg Toimitus sis\u00e4lt\u00e4\u00e4: &#8211; 3 x monihenkari SONGMICS Huomautukset:- Henkarin enimm\u00e4iskuormituskyky on 3 kg. \u00c4l\u00e4 ylit\u00e4 t\u00e4t\u00e4 enimm\u00e4ispainoa. &#8211; \u00c4l\u00e4 k\u00e4yt\u00e4 n\u00e4it\u00e4 henkareita kuivausrummussa tai pesukoneessa.<\/p>\n","protected":false},"excerpt":{"rendered":"<p>SONGMICS tilaa s\u00e4\u00e4st\u00e4v\u00e4t housuhenkarit, monik\u00e4ytt\u00f6iset hamehenkarit klipseill\u00e4, 3 kpl:n sarja, metalliset henkarit, kuhunkin 4 housua, 8 s\u00e4\u00e4dett\u00e4v\u00e4\u00e4 pidikett\u00e4, luistamattomat, housuille, farkuille, 32 cm, hopeanv\u00e4riset CRI042BK<\/p>\n","protected":false},"featured_media":39374,"comment_status":"open","ping_status":"closed","template":"","meta":[],"product_brand":[],"product_cat":[32],"product_tag":[],"class_list":{"0":"post-29974","1":"product","2":"type-product","3":"status-publish","4":"has-post-thumbnail","6":"product_cat-uncategorized-fi","8":"first","9":"instock","10":"shipping-taxable","11":"purchasable","12":"product-type-simple"},"_links":{"self":[{"href":"https:\/\/nordicmart.andreevmaster.com\/fi\/wp-json\/wp\/v2\/product\/29974","targetHints":{"allow":["GET"]}}],"collection":[{"href":"https:\/\/nordicmart.andreevmaster.com\/fi\/wp-json\/wp\/v2\/product"}],"about":[{"href":"https:\/\/nordicmart.andreevmaster.com\/fi\/wp-json\/wp\/v2\/types\/product"}],"replies":[{"embeddable":true,"href":"https:\/\/nordicmart.andreevmaster.com\/fi\/wp-json\/wp\/v2\/comments?post=29974"}],"wp:featuredmedia":[{"embeddable":true,"href":"https:\/\/nordicmart.andreevmaster.com\/fi\/wp-json\/wp\/v2\/media\/39374"}],"wp:attachment":[{"href":"https:\/\/nordicmart.andreevmaster.com\/fi\/wp-json\/wp\/v2\/media?parent=29974"}],"wp:term":[{"taxonomy":"product_brand","embeddable":true,"href":"https:\/\/nordicmart.andreevmaster.com\/fi\/wp-json\/wp\/v2\/product_brand?post=29974"},{"taxonomy":"product_cat","embeddable":true,"href":"https:\/\/nordicmart.andreevmaster.com\/fi\/wp-json\/wp\/v2\/product_cat?post=29974"},{"taxonomy":"product_tag","embeddable":true,"href":"https:\/\/nordicmart.andreevmaster.com\/fi\/wp-json\/wp\/v2\/product_tag?post=29974"}],"curies":[{"name":"wp","href":"https:\/\/api.w.org\/{rel}","templated":true}]}}