{"id":29973,"date":"2026-02-27T00:08:30","date_gmt":"2026-02-27T00:08:30","guid":{"rendered":"https:\/\/nordicmart.andreevmaster.com\/product\/songmics-monikayttoinen-housuhenkari\/"},"modified":"2026-02-27T09:32:29","modified_gmt":"2026-02-27T09:32:29","slug":"songmics-monikayttoinen-housuhenkari","status":"publish","type":"product","link":"https:\/\/nordicmart.andreevmaster.com\/fi\/tuote\/songmics-monikayttoinen-housuhenkari\/","title":{"rendered":"SONGMICS monik\u00e4ytt\u00f6inen housuhenkari"},"content":{"rendered":"<p>Taita, taita, taita \u2013 Jos olet kyll\u00e4stynyt taittamaan housusi ja farkkusi yh\u00e4 uudelleen siististi ja rypistym\u00e4tt\u00f6m\u00e4sti ja jos vaatekaapissasi on liikaa tilaa vievi\u00e4 vaatekappaleita, on aika hankkia n\u00e4m\u00e4 k\u00e4yt\u00e4nn\u00f6lliset housuhenkarit. 3 kappaleen sarja on valmistettu 5 mm paksusta rautalangasta ja kukin henkari kest\u00e4\u00e4 jopa 5 kg:n painon. Vaahtomuovip\u00e4\u00e4llyste suojaa vaatteitasi liukumiselta ja rypistymiselt\u00e4. 3 x 5 housuhenkarilla voit ripustaa housut, solmiot, farkut, huivit, vy\u00f6t ja muut vaatteet ja s\u00e4\u00e4st\u00e4\u00e4 jopa 75 % tilaa vaatekaapissasi! Housuhenkareiden t\u00e4rkeimm\u00e4t ominaisuudet yhdell\u00e4 silm\u00e4yksell\u00e4: &#8211; 3 kappaleen sarja, jossa kussakin 5 housuhenkaria (yhteens\u00e4 15) vaatteiden tilaa s\u00e4\u00e4st\u00e4v\u00e4\u00e4n s\u00e4ilytykseen &#8211; Maks. staattinen kantavuus per henkari: 5 kg &#8211; Valmistettu tukevasta, 5 mm paksusta rautalangasta &#8211; K\u00e4\u00e4nnett\u00e4v\u00e4t housuhenkarit vaatteiden helpoksi ripustamiseksi ja irrottamiseksi &#8211; Luistamaton, v\u00e4rinkest\u00e4v\u00e4 ja tahroja hylkiv\u00e4 EVAC-vaahtomuovip\u00e4\u00e4llyste &#8211; Sopii pukuhousuille, farkuille, solmioille, huiveille, v\u00f6ille, pyyhkeille jne. &#8211; 360\u00b0 k\u00e4\u00e4ntyv\u00e4 koukku Tuotetiedot: &#8211; V\u00e4ri: hopeanharmaa &#8211; Materiaali: rautalanka, EVAC-vaahto &#8211; Koko: 38 x 0,5 x 37 cm (P x L x K) &#8211; Paino per henkari: 413 g &#8211; Maks. staattinen kantavuus per henkari: 5 kg Toimitus sis\u00e4lt\u00e4\u00e4:- 3 x housuhenkari SONGMICS Huomautukset: &#8211; Henkarin maks. staattinen kantavuus on 5 kg. \u00c4l\u00e4 ripusta siihen painavampia esineit\u00e4. &#8211; Ei sovellu pesukoneeseen tai kuivausrumpuun. &#8211; Pakkausta avattaessa housuhenkarin yl\u00e4osan muovip\u00e4\u00e4llysteess\u00e4 saattaa olla kolhuja. N\u00e4m\u00e4 kolhut h\u00e4vi\u00e4v\u00e4t lyhyen ajan kuluttua.<\/p>\n","protected":false},"excerpt":{"rendered":"<p>SONGMICS tilaa s\u00e4\u00e4st\u00e4v\u00e4t housuhenkarit, 3 kpl:n sarja metallisia monik\u00e4ytt\u00f6isi\u00e4 henkareita, tukevat, luistamattomat pehmusteet, k\u00e4\u00e4ntyv\u00e4t housuhenkarit, kuhunkin 5 paria farkkuja, pukuhousuja, huiveja, solmioita CRI041BK<\/p>\n","protected":false},"featured_media":39373,"comment_status":"open","ping_status":"closed","template":"","meta":[],"product_brand":[],"product_cat":[32],"product_tag":[],"class_list":{"0":"post-29973","1":"product","2":"type-product","3":"status-publish","4":"has-post-thumbnail","6":"product_cat-uncategorized-fi","8":"first","9":"instock","10":"shipping-taxable","11":"purchasable","12":"product-type-simple"},"_links":{"self":[{"href":"https:\/\/nordicmart.andreevmaster.com\/fi\/wp-json\/wp\/v2\/product\/29973","targetHints":{"allow":["GET"]}}],"collection":[{"href":"https:\/\/nordicmart.andreevmaster.com\/fi\/wp-json\/wp\/v2\/product"}],"about":[{"href":"https:\/\/nordicmart.andreevmaster.com\/fi\/wp-json\/wp\/v2\/types\/product"}],"replies":[{"embeddable":true,"href":"https:\/\/nordicmart.andreevmaster.com\/fi\/wp-json\/wp\/v2\/comments?post=29973"}],"wp:featuredmedia":[{"embeddable":true,"href":"https:\/\/nordicmart.andreevmaster.com\/fi\/wp-json\/wp\/v2\/media\/39373"}],"wp:attachment":[{"href":"https:\/\/nordicmart.andreevmaster.com\/fi\/wp-json\/wp\/v2\/media?parent=29973"}],"wp:term":[{"taxonomy":"product_brand","embeddable":true,"href":"https:\/\/nordicmart.andreevmaster.com\/fi\/wp-json\/wp\/v2\/product_brand?post=29973"},{"taxonomy":"product_cat","embeddable":true,"href":"https:\/\/nordicmart.andreevmaster.com\/fi\/wp-json\/wp\/v2\/product_cat?post=29973"},{"taxonomy":"product_tag","embeddable":true,"href":"https:\/\/nordicmart.andreevmaster.com\/fi\/wp-json\/wp\/v2\/product_tag?post=29973"}],"curies":[{"name":"wp","href":"https:\/\/api.w.org\/{rel}","templated":true}]}}