{"id":29971,"date":"2026-02-27T00:08:29","date_gmt":"2026-02-27T00:08:29","guid":{"rendered":"https:\/\/nordicmart.andreevmaster.com\/product\/songmics-monikayttoinen-housuhenkari-4-kpl\/"},"modified":"2026-02-27T09:32:29","modified_gmt":"2026-02-27T09:32:29","slug":"songmics-monikayttoinen-housuhenkari-4-kpl","status":"publish","type":"product","link":"https:\/\/nordicmart.andreevmaster.com\/fi\/tuote\/songmics-monikayttoinen-housuhenkari-4-kpl\/","title":{"rendered":"SONGMICS monik\u00e4ytt\u00f6inen housuhenkari, 4 kpl"},"content":{"rendered":"<p>T\u00e4m\u00e4n monik\u00e4ytt\u00f6isen housuhenkarin parhaat ominaisuudet: &#8211; \u00c4lyk\u00e4s muotoilu: yksi henkariin mahtuu 5 housua &#8211; Hyv\u00e4 vakaus; metallista valmistettu henkari kest\u00e4\u00e4 jopa 4 kg:n painon &#8211; Luistamaton muotoilu: luistamaton pinnoite est\u00e4\u00e4 housuja liukumasta alas &#8211; Sopii hyvin housuille, solmioille, huiveille ja muille asusteille Tuotetiedot:- V\u00e4ri: valkoinen &#8211; Materiaali: metalli, PVC-pinnoite &#8211; Koko per henkari: 32 x 0,5 x 35 cm (P x L x K) &#8211; Paino per henkari: 350 g &#8211; Maks. staattinen kantavuus per henkari: 4 kg Toimitus sis\u00e4lt\u00e4\u00e4: &#8211; 4 x monik\u00e4ytt\u00f6inen housuhenkari SONGMICS Huomautukset:- Monik\u00e4ytt\u00f6isen housuhenkarin maksimaalinen staattinen kantavuus on 4 kg. \u00c4l\u00e4 ylit\u00e4 t\u00e4t\u00e4 enimm\u00e4ispainoa. &#8211; Ei sovellu pesukoneeseen tai kuivausrumpuun.<\/p>\n","protected":false},"excerpt":{"rendered":"<p>SONGMICS tilaa s\u00e4\u00e4st\u00e4v\u00e4t housuhenkarit, 4 kpl:n sarja, monik\u00e4ytt\u00f6iset henkarit, avoin p\u00e4\u00e4, luistamattomat, 5 housua kukin, farkuille, pyyhkeille, huiveille, musta CRI034B02<\/p>\n","protected":false},"featured_media":39371,"comment_status":"open","ping_status":"closed","template":"","meta":[],"product_brand":[],"product_cat":[32],"product_tag":[],"class_list":{"0":"post-29971","1":"product","2":"type-product","3":"status-publish","4":"has-post-thumbnail","6":"product_cat-uncategorized-fi","8":"first","9":"instock","10":"shipping-taxable","11":"purchasable","12":"product-type-simple"},"_links":{"self":[{"href":"https:\/\/nordicmart.andreevmaster.com\/fi\/wp-json\/wp\/v2\/product\/29971","targetHints":{"allow":["GET"]}}],"collection":[{"href":"https:\/\/nordicmart.andreevmaster.com\/fi\/wp-json\/wp\/v2\/product"}],"about":[{"href":"https:\/\/nordicmart.andreevmaster.com\/fi\/wp-json\/wp\/v2\/types\/product"}],"replies":[{"embeddable":true,"href":"https:\/\/nordicmart.andreevmaster.com\/fi\/wp-json\/wp\/v2\/comments?post=29971"}],"wp:featuredmedia":[{"embeddable":true,"href":"https:\/\/nordicmart.andreevmaster.com\/fi\/wp-json\/wp\/v2\/media\/39371"}],"wp:attachment":[{"href":"https:\/\/nordicmart.andreevmaster.com\/fi\/wp-json\/wp\/v2\/media?parent=29971"}],"wp:term":[{"taxonomy":"product_brand","embeddable":true,"href":"https:\/\/nordicmart.andreevmaster.com\/fi\/wp-json\/wp\/v2\/product_brand?post=29971"},{"taxonomy":"product_cat","embeddable":true,"href":"https:\/\/nordicmart.andreevmaster.com\/fi\/wp-json\/wp\/v2\/product_cat?post=29971"},{"taxonomy":"product_tag","embeddable":true,"href":"https:\/\/nordicmart.andreevmaster.com\/fi\/wp-json\/wp\/v2\/product_tag?post=29971"}],"curies":[{"name":"wp","href":"https:\/\/api.w.org\/{rel}","templated":true}]}}