{"id":29969,"date":"2026-02-27T00:08:29","date_gmt":"2026-02-27T00:08:29","guid":{"rendered":"https:\/\/nordicmart.andreevmaster.com\/product\/buksebojler-med-abent-design-saet-med-20-stk-2\/"},"modified":"2026-02-27T09:32:29","modified_gmt":"2026-02-27T09:32:29","slug":"buksebojler-med-abent-design-saet-med-20-stk-2","status":"publish","type":"product","link":"https:\/\/nordicmart.andreevmaster.com\/fi\/tuote\/buksebojler-med-abent-design-saet-med-20-stk-2\/","title":{"rendered":"Bukseb\u00f8jler med \u00e5bent design, s\u00e6t med 20 stk."},"content":{"rendered":"<p>Tekniset tiedot: &#8211; V\u00e4ri: musta &#8211; Materiaali: kromattu metalli, PVC-muovi &#8211; Tuotteen koko: 38 x 0,5 x 14,5 cm (Pituus x Leveys x Korkeus)- Kokonaispaino (20 henkaria): 2,25 kg- Kunkin henkarin enimm\u00e4iskuormitus: 3 kg Pakkauksen sis\u00e4lt\u00f6:- 20 x metallinen henkari SONGMICS:n huomautukset:- \u00c4l\u00e4 k\u00e4yt\u00e4 henkareita kosteissa tai korkean l\u00e4mp\u00f6tilan ymp\u00e4rist\u00f6iss\u00e4 pitki\u00e4 aikoja.<\/p>\n","protected":false},"excerpt":{"rendered":"<p>Tekniset tiedot: &#8211; V\u00e4ri: musta &#8211; Materiaali: kromattu metalli, PVC-muovi &#8211; Tuotteen koko: 38 x 0,5 x 14,5 cm (Pituus x Leveys x Korkeus)- Kokonaispaino (20 henkaria): 2,25 kg- Kunkin henkarin enimm\u00e4iskuormitus: 3 kg Pakkauksen sis\u00e4lt\u00f6:- 20 x metallinen henkari SONGMICS:n huomautukset:- \u00c4l\u00e4 k\u00e4yt\u00e4 henkareita kosteissa tai korkean l\u00e4mp\u00f6tilan ymp\u00e4rist\u00f6iss\u00e4 pitki\u00e4 aikoja.<\/p>\n","protected":false},"featured_media":0,"comment_status":"open","ping_status":"closed","template":"","meta":[],"product_brand":[],"product_cat":[32],"product_tag":[],"class_list":{"0":"post-29969","1":"product","2":"type-product","3":"status-publish","5":"product_cat-uncategorized-fi","7":"first","8":"instock","9":"shipping-taxable","10":"purchasable","11":"product-type-simple"},"_links":{"self":[{"href":"https:\/\/nordicmart.andreevmaster.com\/fi\/wp-json\/wp\/v2\/product\/29969","targetHints":{"allow":["GET"]}}],"collection":[{"href":"https:\/\/nordicmart.andreevmaster.com\/fi\/wp-json\/wp\/v2\/product"}],"about":[{"href":"https:\/\/nordicmart.andreevmaster.com\/fi\/wp-json\/wp\/v2\/types\/product"}],"replies":[{"embeddable":true,"href":"https:\/\/nordicmart.andreevmaster.com\/fi\/wp-json\/wp\/v2\/comments?post=29969"}],"wp:attachment":[{"href":"https:\/\/nordicmart.andreevmaster.com\/fi\/wp-json\/wp\/v2\/media?parent=29969"}],"wp:term":[{"taxonomy":"product_brand","embeddable":true,"href":"https:\/\/nordicmart.andreevmaster.com\/fi\/wp-json\/wp\/v2\/product_brand?post=29969"},{"taxonomy":"product_cat","embeddable":true,"href":"https:\/\/nordicmart.andreevmaster.com\/fi\/wp-json\/wp\/v2\/product_cat?post=29969"},{"taxonomy":"product_tag","embeddable":true,"href":"https:\/\/nordicmart.andreevmaster.com\/fi\/wp-json\/wp\/v2\/product_tag?post=29969"}],"curies":[{"name":"wp","href":"https:\/\/api.w.org\/{rel}","templated":true}]}}