{"id":29967,"date":"2026-02-27T00:08:29","date_gmt":"2026-02-27T00:08:29","guid":{"rendered":"https:\/\/nordicmart.andreevmaster.com\/product\/songmics-avoimet-housuhenkarit-20-kpl-valkoiset\/"},"modified":"2026-02-27T09:32:28","modified_gmt":"2026-02-27T09:32:28","slug":"songmics-avoimet-housuhenkarit-20-kpl-valkoiset","status":"publish","type":"product","link":"https:\/\/nordicmart.andreevmaster.com\/fi\/tuote\/songmics-avoimet-housuhenkarit-20-kpl-valkoiset\/","title":{"rendered":"SONGMICS Avoimet housuhenkarit 20 kpl valkoiset"},"content":{"rendered":"<p>Avoin p\u00e4\u00e4ty \u00c4lyk\u00e4s muotoilu helpottaa vaatteiden ripustamista ja ottamista pois henkarista. Lis\u00e4ksi henkarin runko on yhten\u00e4inen ja virtaviivainen. Luistamaton Pinnoitettu tanko on hieman yl\u00f6sp\u00e4in kaareva p\u00e4\u00e4dyist\u00e4, jotta vaatteet eiv\u00e4t luiskahda alas.Kromattu materiaali Kromattu materiaali ja kiilt\u00e4v\u00e4 pinta ovat kest\u00e4vi\u00e4, ruostumattomia ja hapettumattomia. Muovipinnoite Laadukkaan PVC-pinnoitteen ansiosta vaatteesi pysyv\u00e4t rypistym\u00e4tt\u00f6min\u00e4 ja eiv\u00e4t luiskahda. Ohut ja tilaa s\u00e4\u00e4st\u00e4v\u00e4 Ripusta useita vaatekappaleita selke\u00e4sti ja tuo j\u00e4rjestyst\u00e4 vaatekaappiisi.Vahvistettu lanka Metallilangan halkaisija on 5 mm ja se kest\u00e4\u00e4 hyvin kuormitusta. Sinun ei siis tarvitse huolehtia siit\u00e4, ett\u00e4 henkari v\u00e4\u00e4ntyy. Tuotetiedot: Materiaali: kromattu metalli + PVC-pinnoite Koukun v\u00e4ri: Valkoinen Mitat: 38 x 13 cm (L x K) Paino: 2,15 kg Toimitus sis\u00e4lt\u00e4\u00e4: 20 x housuhenkari Huomautus: V\u00e4lt\u00e4 ripustimien pitk\u00e4aikaista s\u00e4ilytyst\u00e4 kosteissa ja l\u00e4mpimiss\u00e4 tiloissa. Puhdista ripustimet kevyesti kostutetulla liinalla.<\/p>\n","protected":false},"excerpt":{"rendered":"<p>SONGMICS Songmics 20 kpl metallisia henkareita housuhenkareita \u00d8 5 mm, musta, 38 cm<\/p>\n","protected":false},"featured_media":39368,"comment_status":"open","ping_status":"closed","template":"","meta":[],"product_brand":[],"product_cat":[32],"product_tag":[],"class_list":{"0":"post-29967","1":"product","2":"type-product","3":"status-publish","4":"has-post-thumbnail","6":"product_cat-uncategorized-fi","8":"first","9":"instock","10":"shipping-taxable","11":"purchasable","12":"product-type-simple"},"_links":{"self":[{"href":"https:\/\/nordicmart.andreevmaster.com\/fi\/wp-json\/wp\/v2\/product\/29967","targetHints":{"allow":["GET"]}}],"collection":[{"href":"https:\/\/nordicmart.andreevmaster.com\/fi\/wp-json\/wp\/v2\/product"}],"about":[{"href":"https:\/\/nordicmart.andreevmaster.com\/fi\/wp-json\/wp\/v2\/types\/product"}],"replies":[{"embeddable":true,"href":"https:\/\/nordicmart.andreevmaster.com\/fi\/wp-json\/wp\/v2\/comments?post=29967"}],"wp:featuredmedia":[{"embeddable":true,"href":"https:\/\/nordicmart.andreevmaster.com\/fi\/wp-json\/wp\/v2\/media\/39368"}],"wp:attachment":[{"href":"https:\/\/nordicmart.andreevmaster.com\/fi\/wp-json\/wp\/v2\/media?parent=29967"}],"wp:term":[{"taxonomy":"product_brand","embeddable":true,"href":"https:\/\/nordicmart.andreevmaster.com\/fi\/wp-json\/wp\/v2\/product_brand?post=29967"},{"taxonomy":"product_cat","embeddable":true,"href":"https:\/\/nordicmart.andreevmaster.com\/fi\/wp-json\/wp\/v2\/product_cat?post=29967"},{"taxonomy":"product_tag","embeddable":true,"href":"https:\/\/nordicmart.andreevmaster.com\/fi\/wp-json\/wp\/v2\/product_tag?post=29967"}],"curies":[{"name":"wp","href":"https:\/\/api.w.org\/{rel}","templated":true}]}}