{"id":29966,"date":"2026-02-27T00:08:28","date_gmt":"2026-02-27T00:08:28","guid":{"rendered":"https:\/\/nordicmart.andreevmaster.com\/product\/songmics-kumitetut-housuhenkarit-50-kpl-musta\/"},"modified":"2026-02-27T09:32:28","modified_gmt":"2026-02-27T09:32:28","slug":"songmics-kumitetut-housuhenkarit-50-kpl-musta","status":"publish","type":"product","link":"https:\/\/nordicmart.andreevmaster.com\/fi\/tuote\/songmics-kumitetut-housuhenkarit-50-kpl-musta\/","title":{"rendered":"SONGMICS kumitetut housuhenkarit, 50 kpl, musta"},"content":{"rendered":"<p>Nauti vaatekaapin miellytt\u00e4v\u00e4st\u00e4 j\u00e4rjestyksest\u00e4 SONGMICS-housuhenkareiden avulla, ja yll\u00e4tys, kuinka k\u00e4yt\u00e4nn\u00f6llisi\u00e4 ja tilaa s\u00e4\u00e4st\u00e4vi\u00e4 ne ovat. Avoimen rakenteensa ansiosta voit ottaa housut nopeasti kaapista ja s\u00e4\u00e4st\u00e4\u00e4 aikaa.Luistamaton ja kest\u00e4v\u00e4 Pinnoitettu housuhenkari on yl\u00e4p\u00e4\u00e4st\u00e4\u00e4n yl\u00f6sp\u00e4in kallistettu, jotta vaatteet eiv\u00e4t putoa; kromattu metalli ja PVC-pinnoite ovat ruostumattomia. Tilaa s\u00e4\u00e4st\u00e4v\u00e4 Henkareiden avulla vaatteesi on helppo j\u00e4rjest\u00e4\u00e4, joten vaatekaappisi pysyy aina siistin\u00e4. Tuotetiedot: V\u00e4ri: musta-hopea Materiaali: Kromattu metalli, PVC-pinnoite Koko: 38 x 0,5 x 13 cm (P x L x K) Paino: 5,4 kg Toimitus sis\u00e4lt\u00e4\u00e4 50 x housuhenkari SONGMICS Huomautukset: V\u00e4lt\u00e4 pit\u00e4m\u00e4st\u00e4 henkareita pitk\u00e4\u00e4n kosteissa ja l\u00e4mpimiss\u00e4 tiloissa. Puhdista henkarit kevyesti kostutetulla liinalla.<\/p>\n","protected":false},"excerpt":{"rendered":"<p>SONGMICS metalliset henkarit, 50 kpl, housuhenkarit, \u00d8 5 mm, lanka, kumip\u00e4\u00e4llysteiset ja kromatut, luistamattomat, 38 cm, musta CRI00450, hopea<\/p>\n","protected":false},"featured_media":39367,"comment_status":"open","ping_status":"closed","template":"","meta":[],"product_brand":[],"product_cat":[32],"product_tag":[],"class_list":{"0":"post-29966","1":"product","2":"type-product","3":"status-publish","4":"has-post-thumbnail","6":"product_cat-uncategorized-fi","8":"first","9":"instock","10":"shipping-taxable","11":"purchasable","12":"product-type-simple"},"_links":{"self":[{"href":"https:\/\/nordicmart.andreevmaster.com\/fi\/wp-json\/wp\/v2\/product\/29966","targetHints":{"allow":["GET"]}}],"collection":[{"href":"https:\/\/nordicmart.andreevmaster.com\/fi\/wp-json\/wp\/v2\/product"}],"about":[{"href":"https:\/\/nordicmart.andreevmaster.com\/fi\/wp-json\/wp\/v2\/types\/product"}],"replies":[{"embeddable":true,"href":"https:\/\/nordicmart.andreevmaster.com\/fi\/wp-json\/wp\/v2\/comments?post=29966"}],"wp:featuredmedia":[{"embeddable":true,"href":"https:\/\/nordicmart.andreevmaster.com\/fi\/wp-json\/wp\/v2\/media\/39367"}],"wp:attachment":[{"href":"https:\/\/nordicmart.andreevmaster.com\/fi\/wp-json\/wp\/v2\/media?parent=29966"}],"wp:term":[{"taxonomy":"product_brand","embeddable":true,"href":"https:\/\/nordicmart.andreevmaster.com\/fi\/wp-json\/wp\/v2\/product_brand?post=29966"},{"taxonomy":"product_cat","embeddable":true,"href":"https:\/\/nordicmart.andreevmaster.com\/fi\/wp-json\/wp\/v2\/product_cat?post=29966"},{"taxonomy":"product_tag","embeddable":true,"href":"https:\/\/nordicmart.andreevmaster.com\/fi\/wp-json\/wp\/v2\/product_tag?post=29966"}],"curies":[{"name":"wp","href":"https:\/\/api.w.org\/{rel}","templated":true}]}}