{"id":29965,"date":"2026-02-27T00:08:28","date_gmt":"2026-02-27T00:08:28","guid":{"rendered":"https:\/\/nordicmart.andreevmaster.com\/product\/songmics-avoimet-metalliset-henkarit-20-kpl\/"},"modified":"2026-02-27T09:32:28","modified_gmt":"2026-02-27T09:32:28","slug":"songmics-avoimet-metalliset-henkarit-20-kpl","status":"publish","type":"product","link":"https:\/\/nordicmart.andreevmaster.com\/fi\/tuote\/songmics-avoimet-metalliset-henkarit-20-kpl\/","title":{"rendered":"SONGMICS Avoimet metalliset henkarit, 20 kpl"},"content":{"rendered":"<p>Nauti miellytt\u00e4v\u00e4st\u00e4 j\u00e4rjestyksest\u00e4 vaatekaapissasi Songmicsin housuhenkareiden avulla. Tulet yll\u00e4ttym\u00e4\u00e4n siit\u00e4, kuinka k\u00e4yt\u00e4nn\u00f6llinen ja tilaa s\u00e4\u00e4st\u00e4v\u00e4 se on. Avoimen rakenteensa ansiosta voit ottaa housut nopeasti kaapista ja s\u00e4\u00e4st\u00e4\u00e4 aikaa.   Tuotetiedot: &#8211; Materiaali:  kromattu metalli + PVC-pinnoite &#8211; Koukun v\u00e4ri: hopea &#8211; Mitat: 38 x 13 cm (L x K) &#8211; Paino: 2,15 kg Toimitus sis\u00e4lt\u00e4\u00e4 &#8211; 20&nbsp;x&nbsp;housuhenkaria  Huomautus:, ett\u00e4 ripustimia ei s\u00e4ilytet\u00e4 pitk\u00e4\u00e4n tiloissa, joissa on korkea kosteuskosteuden ja l\u00e4mp\u00f6tilan huoneissa.- K\u00e4yt\u00e4 puhdistukseen hieman kostutettua liinaa.<\/p>\n","protected":false},"excerpt":{"rendered":"<p>SONGMICS Songmics 20 kpl metallisia henkareita housuhenkareita \u00d8 5 mm, musta, 38 cm<\/p>\n","protected":false},"featured_media":39366,"comment_status":"open","ping_status":"closed","template":"","meta":[],"product_brand":[],"product_cat":[32],"product_tag":[],"class_list":{"0":"post-29965","1":"product","2":"type-product","3":"status-publish","4":"has-post-thumbnail","6":"product_cat-uncategorized-fi","8":"first","9":"instock","10":"shipping-taxable","11":"purchasable","12":"product-type-simple"},"_links":{"self":[{"href":"https:\/\/nordicmart.andreevmaster.com\/fi\/wp-json\/wp\/v2\/product\/29965","targetHints":{"allow":["GET"]}}],"collection":[{"href":"https:\/\/nordicmart.andreevmaster.com\/fi\/wp-json\/wp\/v2\/product"}],"about":[{"href":"https:\/\/nordicmart.andreevmaster.com\/fi\/wp-json\/wp\/v2\/types\/product"}],"replies":[{"embeddable":true,"href":"https:\/\/nordicmart.andreevmaster.com\/fi\/wp-json\/wp\/v2\/comments?post=29965"}],"wp:featuredmedia":[{"embeddable":true,"href":"https:\/\/nordicmart.andreevmaster.com\/fi\/wp-json\/wp\/v2\/media\/39366"}],"wp:attachment":[{"href":"https:\/\/nordicmart.andreevmaster.com\/fi\/wp-json\/wp\/v2\/media?parent=29965"}],"wp:term":[{"taxonomy":"product_brand","embeddable":true,"href":"https:\/\/nordicmart.andreevmaster.com\/fi\/wp-json\/wp\/v2\/product_brand?post=29965"},{"taxonomy":"product_cat","embeddable":true,"href":"https:\/\/nordicmart.andreevmaster.com\/fi\/wp-json\/wp\/v2\/product_cat?post=29965"},{"taxonomy":"product_tag","embeddable":true,"href":"https:\/\/nordicmart.andreevmaster.com\/fi\/wp-json\/wp\/v2\/product_tag?post=29965"}],"curies":[{"name":"wp","href":"https:\/\/api.w.org\/{rel}","templated":true}]}}