{"id":29964,"date":"2026-02-27T00:08:28","date_gmt":"2026-02-27T00:08:28","guid":{"rendered":"https:\/\/nordicmart.andreevmaster.com\/product\/songmics-metalliset-housuhenkarit-20-kpl\/"},"modified":"2026-02-27T09:32:28","modified_gmt":"2026-02-27T09:32:28","slug":"songmics-metalliset-housuhenkarit-20-kpl","status":"publish","type":"product","link":"https:\/\/nordicmart.andreevmaster.com\/fi\/tuote\/songmics-metalliset-housuhenkarit-20-kpl\/","title":{"rendered":"SONGMICS metalliset housuhenkarit, 20 kpl"},"content":{"rendered":"<p>\u00c4rsytt\u00e4v\u00e4tk\u00f6 sinua ymp\u00e4riins\u00e4 lentelev\u00e4t housut ja hameet? Songmics-ripustimilla ne ripustetaan rypistym\u00e4tt\u00f6m\u00e4sti ja muodonmukaisesti. N\u00e4in vaatekaappi pysyy siistin\u00e4 ja j\u00e4rjestyksess\u00e4. Siirrett\u00e4v\u00e4t kiinnikkeet pit\u00e4v\u00e4t hyvin ja voidaan kiinnitt\u00e4\u00e4 mihin tahansa vy\u00f6t\u00e4r\u00f6n kohtaan. Klipseiss\u00e4 oleva kumip\u00e4\u00e4llyste est\u00e4\u00e4 vaatteita putoamasta ja j\u00e4tt\u00e4m\u00e4st\u00e4 j\u00e4lki\u00e4 kankaaseen, joten kangas ei vahingoitu. Sivussa on my\u00f6s p\u00e4\u00e4tykappaleet, joten ter\u00e4vi\u00e4\/ter\u00e4vi\u00e4 reunoja ei ole ja kaikki on &#8221;turvallista&#8221;. Songmics-vaatehenkari klipsipidikkeill\u00e4 tulee varmasti olemaan perheesi &#8221;tehokas apulainen&#8221;. Tuotetiedot: &#8211; Materiaali: kromattu metalli, PVC-pinnoite &#8211; V\u00e4ri: hopeanv\u00e4rinen &#8211; Mitat: 31 x 10,5 cm (K x L) &#8211; Bruttopaino: 1,25 kg Toimitus sis\u00e4lt\u00e4\u00e4: &#8211; 20 x henkarikiinnikkeet Huomautus: &#8211; V\u00e4lt\u00e4 s\u00e4ilytt\u00e4m\u00e4st\u00e4 henkarikiinnikkeit\u00e4 kosteissa ja l\u00e4mpimiss\u00e4 tiloissa. Puhdista pinta pyyhkim\u00e4ll\u00e4 se kevyesti kostealla liinalla.<\/p>\n","protected":false},"excerpt":{"rendered":"<p>SONGMICS Housuhenkari Metallinen henkari housuille, 20 kpl, 31 cm, luistamaton henkari hameille ja sukkahousuille, hamehenkari klipseill\u00e4, kromattu CRI003-20<\/p>\n","protected":false},"featured_media":39365,"comment_status":"open","ping_status":"closed","template":"","meta":[],"product_brand":[],"product_cat":[32],"product_tag":[],"class_list":{"0":"post-29964","1":"product","2":"type-product","3":"status-publish","4":"has-post-thumbnail","6":"product_cat-uncategorized-fi","8":"first","9":"instock","10":"shipping-taxable","11":"purchasable","12":"product-type-simple"},"_links":{"self":[{"href":"https:\/\/nordicmart.andreevmaster.com\/fi\/wp-json\/wp\/v2\/product\/29964","targetHints":{"allow":["GET"]}}],"collection":[{"href":"https:\/\/nordicmart.andreevmaster.com\/fi\/wp-json\/wp\/v2\/product"}],"about":[{"href":"https:\/\/nordicmart.andreevmaster.com\/fi\/wp-json\/wp\/v2\/types\/product"}],"replies":[{"embeddable":true,"href":"https:\/\/nordicmart.andreevmaster.com\/fi\/wp-json\/wp\/v2\/comments?post=29964"}],"wp:featuredmedia":[{"embeddable":true,"href":"https:\/\/nordicmart.andreevmaster.com\/fi\/wp-json\/wp\/v2\/media\/39365"}],"wp:attachment":[{"href":"https:\/\/nordicmart.andreevmaster.com\/fi\/wp-json\/wp\/v2\/media?parent=29964"}],"wp:term":[{"taxonomy":"product_brand","embeddable":true,"href":"https:\/\/nordicmart.andreevmaster.com\/fi\/wp-json\/wp\/v2\/product_brand?post=29964"},{"taxonomy":"product_cat","embeddable":true,"href":"https:\/\/nordicmart.andreevmaster.com\/fi\/wp-json\/wp\/v2\/product_cat?post=29964"},{"taxonomy":"product_tag","embeddable":true,"href":"https:\/\/nordicmart.andreevmaster.com\/fi\/wp-json\/wp\/v2\/product_tag?post=29964"}],"curies":[{"name":"wp","href":"https:\/\/api.w.org\/{rel}","templated":true}]}}