{"id":29961,"date":"2026-02-27T00:08:28","date_gmt":"2026-02-27T00:08:28","guid":{"rendered":"https:\/\/nordicmart.andreevmaster.com\/product\/songmics-kiinnityskoukut-50-kpl\/"},"modified":"2026-02-27T09:32:27","modified_gmt":"2026-02-27T09:32:27","slug":"songmics-kiinnityskoukut-50-kpl","status":"publish","type":"product","link":"https:\/\/nordicmart.andreevmaster.com\/fi\/tuote\/songmics-kiinnityskoukut-50-kpl\/","title":{"rendered":"SONGMICS kiinnityskoukut 50 kpl"},"content":{"rendered":"<p>Ei vain mekkoja, hameita, puseroita, paitoja, takkeja ja pukuja voi ripustaa. Songmics-klipsikoukkuihin mahtuu my\u00f6s p\u00e4ivitt\u00e4isess\u00e4 k\u00e4yt\u00f6ss\u00e4 tarvittavat pienet tavarat, kuten huivit, sukat ja vastaavat, olipa kyse sitten s\u00e4ilytyksest\u00e4 tai pyykin kuivattamisesta, turvallisesti ja siististi! Lis\u00e4ksi n\u00e4ill\u00e4 klipseill\u00e4 voi ripustaa saappaat, jotta lattia pysyy vapaana. Kaikki roikkuu siististi riviss\u00e4, eik\u00e4 saappaiden varret en\u00e4\u00e4 rypisty. Kiinnikkeet ovat kumip\u00e4\u00e4llysteisi\u00e4 eiv\u00e4tk\u00e4 vahingoita nahkaa. Kompaktin muotoilunsa ansiosta ne mahtuvat mihin tahansa eteiseen, oveen tai kaappiin! Songmics-vaatekoukku kiinnikkeell\u00e4 tulee varmasti olemaan perheesi &#8221;tehokas apulainen&#8221;. Tuotetiedot:- Materiaali: kromattu metalli, PVC-pinnoite &#8211; V\u00e4ri: hopeanv\u00e4rinen &#8211; Mitat: 10,5 x 4,5 cm (K x L) &#8211; Bruttopaino: 0,445 kg Toimitus sis\u00e4lt\u00e4\u00e4: &#8211; 50 x kiinnityskoukku Huomautus: &#8211; V\u00e4lt\u00e4 kiinnityskoukkujen s\u00e4ilytt\u00e4mist\u00e4 kosteissa ja kuumissa tiloissa. Puhdista pinta pyyhkim\u00e4ll\u00e4 se kevyesti kostealla liinalla.<\/p>\n","protected":false},"excerpt":{"rendered":"<p>SONGMICS kiinnityskoukku saappaiden ripustamiseen, 20 kpl, metallinen vaateripustin, saappaiden kiinnikkeet, luistamaton, 4,5 x 10,5 cm, kromattu CRI001-20<\/p>\n","protected":false},"featured_media":39362,"comment_status":"open","ping_status":"closed","template":"","meta":[],"product_brand":[],"product_cat":[32],"product_tag":[],"class_list":{"0":"post-29961","1":"product","2":"type-product","3":"status-publish","4":"has-post-thumbnail","6":"product_cat-uncategorized-fi","8":"first","9":"instock","10":"shipping-taxable","11":"purchasable","12":"product-type-simple"},"_links":{"self":[{"href":"https:\/\/nordicmart.andreevmaster.com\/fi\/wp-json\/wp\/v2\/product\/29961","targetHints":{"allow":["GET"]}}],"collection":[{"href":"https:\/\/nordicmart.andreevmaster.com\/fi\/wp-json\/wp\/v2\/product"}],"about":[{"href":"https:\/\/nordicmart.andreevmaster.com\/fi\/wp-json\/wp\/v2\/types\/product"}],"replies":[{"embeddable":true,"href":"https:\/\/nordicmart.andreevmaster.com\/fi\/wp-json\/wp\/v2\/comments?post=29961"}],"wp:featuredmedia":[{"embeddable":true,"href":"https:\/\/nordicmart.andreevmaster.com\/fi\/wp-json\/wp\/v2\/media\/39362"}],"wp:attachment":[{"href":"https:\/\/nordicmart.andreevmaster.com\/fi\/wp-json\/wp\/v2\/media?parent=29961"}],"wp:term":[{"taxonomy":"product_brand","embeddable":true,"href":"https:\/\/nordicmart.andreevmaster.com\/fi\/wp-json\/wp\/v2\/product_brand?post=29961"},{"taxonomy":"product_cat","embeddable":true,"href":"https:\/\/nordicmart.andreevmaster.com\/fi\/wp-json\/wp\/v2\/product_cat?post=29961"},{"taxonomy":"product_tag","embeddable":true,"href":"https:\/\/nordicmart.andreevmaster.com\/fi\/wp-json\/wp\/v2\/product_tag?post=29961"}],"curies":[{"name":"wp","href":"https:\/\/api.w.org\/{rel}","templated":true}]}}