{"id":29960,"date":"2026-02-27T00:08:27","date_gmt":"2026-02-27T00:08:27","guid":{"rendered":"https:\/\/nordicmart.andreevmaster.com\/product\/songmics-kiinnityskoukut-20-kpl\/"},"modified":"2026-02-27T09:32:27","modified_gmt":"2026-02-27T09:32:27","slug":"songmics-kiinnityskoukut-20-kpl","status":"publish","type":"product","link":"https:\/\/nordicmart.andreevmaster.com\/fi\/tuote\/songmics-kiinnityskoukut-20-kpl\/","title":{"rendered":"SONGMICS kiinnityskoukut, 20 kpl"},"content":{"rendered":"<p>SONGMICS kromatut metalliset kiinnityskoukut \u2013 k\u00e4yt\u00e4nn\u00f6lliset ja kest\u00e4v\u00e4t, helpottavat arkeasi. S\u00e4ilyt\u00e4 sukat, hatut, alusvaatteet, solmiot, k\u00e4sineet, saappaat, pyyhkeet jne. siististi. Niihin voi ripustaa paitsi vaatteita, hameita, puseroita, paitoja, takkeja ja pukuja. SONGMICS-kiinnityskoukkuihin mahtuvat my\u00f6s pienet p\u00e4ivitt\u00e4iset tarvikkeet, kuten huivit, sukat ja vastaavat, olipa kyse sitten s\u00e4ilytyksest\u00e4 tai pyykin kuivattamisesta, turvallisesti ja siististi! Lis\u00e4ksi n\u00e4ill\u00e4 kiinnikkeill\u00e4 voi ripustaa saappaat, jotta lattia pysyy vapaana. Kaikki roikkuu siististi riviss\u00e4, eik\u00e4 saappaiden varret en\u00e4\u00e4 rypisty. Kiinnikkeet ovat kumip\u00e4\u00e4llysteisi\u00e4 eiv\u00e4tk\u00e4 vahingoita nahkaa. Kompaktin muotoilunsa ansiosta ne mahtuvat mihin tahansa eteiseen, oveen tai kaappiin! Songmics-vaatekoukku kiinnikkeell\u00e4 tulee varmasti olemaan perheesi &#8221;tehokas apulainen&#8221;.Tuotetiedot: Materiaali: kromattu metalli, PVC-pinnoite V\u00e4ri: hopeanv\u00e4rinen Mitat: 10,5 x 4,5 cm (K x L) Bruttopaino: 0,445 kg Toimitus sis\u00e4lt\u00e4\u00e4: 20 x kiinnityskoukku Huomautus: V\u00e4lt\u00e4 kiinnityskoukkujen s\u00e4ilytt\u00e4mist\u00e4 kosteissa ja kuumissa tiloissa. Puhdista pinta pyyhkim\u00e4ll\u00e4 se kevyesti kostealla liinalla.<\/p>\n","protected":false},"excerpt":{"rendered":"<p>SONGMICS kiinnityskoukku saappaiden ripustamiseen, 20 kpl, metallinen vaateripustin, saappaiden kiinnikkeet, luistamaton, 4,5 x 10,5 cm, kromattu CRI001-20<\/p>\n","protected":false},"featured_media":39361,"comment_status":"open","ping_status":"closed","template":"","meta":[],"product_brand":[],"product_cat":[32],"product_tag":[],"class_list":{"0":"post-29960","1":"product","2":"type-product","3":"status-publish","4":"has-post-thumbnail","6":"product_cat-uncategorized-fi","8":"first","9":"instock","10":"shipping-taxable","11":"purchasable","12":"product-type-simple"},"_links":{"self":[{"href":"https:\/\/nordicmart.andreevmaster.com\/fi\/wp-json\/wp\/v2\/product\/29960","targetHints":{"allow":["GET"]}}],"collection":[{"href":"https:\/\/nordicmart.andreevmaster.com\/fi\/wp-json\/wp\/v2\/product"}],"about":[{"href":"https:\/\/nordicmart.andreevmaster.com\/fi\/wp-json\/wp\/v2\/types\/product"}],"replies":[{"embeddable":true,"href":"https:\/\/nordicmart.andreevmaster.com\/fi\/wp-json\/wp\/v2\/comments?post=29960"}],"wp:featuredmedia":[{"embeddable":true,"href":"https:\/\/nordicmart.andreevmaster.com\/fi\/wp-json\/wp\/v2\/media\/39361"}],"wp:attachment":[{"href":"https:\/\/nordicmart.andreevmaster.com\/fi\/wp-json\/wp\/v2\/media?parent=29960"}],"wp:term":[{"taxonomy":"product_brand","embeddable":true,"href":"https:\/\/nordicmart.andreevmaster.com\/fi\/wp-json\/wp\/v2\/product_brand?post=29960"},{"taxonomy":"product_cat","embeddable":true,"href":"https:\/\/nordicmart.andreevmaster.com\/fi\/wp-json\/wp\/v2\/product_cat?post=29960"},{"taxonomy":"product_tag","embeddable":true,"href":"https:\/\/nordicmart.andreevmaster.com\/fi\/wp-json\/wp\/v2\/product_tag?post=29960"}],"curies":[{"name":"wp","href":"https:\/\/api.w.org\/{rel}","templated":true}]}}