{"id":29959,"date":"2026-02-27T00:08:27","date_gmt":"2026-02-27T00:08:27","guid":{"rendered":"https:\/\/nordicmart.andreevmaster.com\/product\/songmics-vaatehenkari-sametti-50-kpln-sarja-samettihenkari\/"},"modified":"2026-02-27T09:32:27","modified_gmt":"2026-02-27T09:32:27","slug":"songmics-vaatehenkari-sametti-50-kpln-sarja-samettihenkari","status":"publish","type":"product","link":"https:\/\/nordicmart.andreevmaster.com\/fi\/tuote\/songmics-vaatehenkari-sametti-50-kpln-sarja-samettihenkari\/","title":{"rendered":"SONGMICS-vaatehenkari, sametti, 50 kpl:n sarja, samettihenkari"},"content":{"rendered":"<p>Songmics-vaatehenkari, jossa on flokattu pinta, tarjoaa luistamattoman, tilaa s\u00e4\u00e4st\u00e4v\u00e4n ja kest\u00e4v\u00e4n ratkaisun vaatteiden ripustamiseen. Erilaisten tarpeiden t\u00e4ytt\u00e4miseksi t\u00e4m\u00e4 henkari on suunniteltu monik\u00e4ytt\u00f6iseksi, joten voit ripustaa siihen turvallisesti paitsi takkeja ja paitoja my\u00f6s housuja ja solmioita.Huomautukset: Ennen k\u00e4ytt\u00f6\u00e4 puhalta pinnalla oleva nukka pois hiustenkuivaajalla (pinnalla oleva nukka voi olla pakkauspussissa tai henkareissa, t\u00e4m\u00e4 on normaalia, \u00e4l\u00e4 huoli). V\u00e4lt\u00e4 pit\u00e4m\u00e4st\u00e4 henkareita pitk\u00e4\u00e4n kosteissa ja kuumissa tiloissa. V\u00e4lt\u00e4 ripustamasta m\u00e4rki\u00e4 vaatteita henkareille. Tuotetiedot: Materiaali: ABS (muovi) + sametti V\u00e4ri: musta Mitat: 45 x 23,5 x 0,6 cm (L x K x S) Koukun korkeus: 8 cm Koukun aukko: 5,4 cm Toimitus sis\u00e4lt\u00e4\u00e4: 50 x henkari housutangolla<\/p>\n","protected":false},"excerpt":{"rendered":"<p>SONGMICS vaatehenkari, 50 kpl, paksuus 0,6 cm, pukuhenkari liukastumattomalla pinnalla, sametti, kaksi lovetta, 360\u00b0 k\u00e4\u00e4ntyv\u00e4 koukku, ohut ja tilaa s\u00e4\u00e4st\u00e4v\u00e4, musta CRF50B<\/p>\n","protected":false},"featured_media":39360,"comment_status":"open","ping_status":"closed","template":"","meta":[],"product_brand":[],"product_cat":[32],"product_tag":[],"class_list":{"0":"post-29959","1":"product","2":"type-product","3":"status-publish","4":"has-post-thumbnail","6":"product_cat-uncategorized-fi","8":"first","9":"instock","10":"shipping-taxable","11":"purchasable","12":"product-type-simple"},"_links":{"self":[{"href":"https:\/\/nordicmart.andreevmaster.com\/fi\/wp-json\/wp\/v2\/product\/29959","targetHints":{"allow":["GET"]}}],"collection":[{"href":"https:\/\/nordicmart.andreevmaster.com\/fi\/wp-json\/wp\/v2\/product"}],"about":[{"href":"https:\/\/nordicmart.andreevmaster.com\/fi\/wp-json\/wp\/v2\/types\/product"}],"replies":[{"embeddable":true,"href":"https:\/\/nordicmart.andreevmaster.com\/fi\/wp-json\/wp\/v2\/comments?post=29959"}],"wp:featuredmedia":[{"embeddable":true,"href":"https:\/\/nordicmart.andreevmaster.com\/fi\/wp-json\/wp\/v2\/media\/39360"}],"wp:attachment":[{"href":"https:\/\/nordicmart.andreevmaster.com\/fi\/wp-json\/wp\/v2\/media?parent=29959"}],"wp:term":[{"taxonomy":"product_brand","embeddable":true,"href":"https:\/\/nordicmart.andreevmaster.com\/fi\/wp-json\/wp\/v2\/product_brand?post=29959"},{"taxonomy":"product_cat","embeddable":true,"href":"https:\/\/nordicmart.andreevmaster.com\/fi\/wp-json\/wp\/v2\/product_cat?post=29959"},{"taxonomy":"product_tag","embeddable":true,"href":"https:\/\/nordicmart.andreevmaster.com\/fi\/wp-json\/wp\/v2\/product_tag?post=29959"}],"curies":[{"name":"wp","href":"https:\/\/api.w.org\/{rel}","templated":true}]}}