{"id":29947,"date":"2026-02-27T00:08:25","date_gmt":"2026-02-27T00:08:25","guid":{"rendered":"https:\/\/nordicmart.andreevmaster.com\/product\/songmics-lasten-vaatehenkari-30-kpln-sarja-360-kaantyvilla-koukkuilla-kyyhkynharmaa\/"},"modified":"2026-02-27T09:32:25","modified_gmt":"2026-02-27T09:32:25","slug":"songmics-lasten-vaatehenkari-30-kpln-sarja-360-kaantyvilla-koukkuilla-kyyhkynharmaa","status":"publish","type":"product","link":"https:\/\/nordicmart.andreevmaster.com\/fi\/tuote\/songmics-lasten-vaatehenkari-30-kpln-sarja-360-kaantyvilla-koukkuilla-kyyhkynharmaa\/","title":{"rendered":"SONGMICS lasten vaatehenkari 30 kpl:n sarja, 360\u00b0 k\u00e4\u00e4ntyvill\u00e4 koukkuilla, kyyhkynharmaa"},"content":{"rendered":"<p>SONGMICS lasten vaatehenkari, 50 kpl:n sarja, samettinen henkari roosakultaisella koukulla, luistamaton, vaatekaappiin, lastenvaatteille, vauvanvaatteille, hameille ja housuille, vaaleanpunainen CRF027P01<br \/>\nV\u00e4ri: kyyhkynharmaa<br \/>\nMateriaali: ABS-muovi, sametti, metallikoukku<br \/>\nKoko per henkari: 30 x 20,5 cm (L x K)<br \/>\n30 henkarin paino: 1,4 kg<br \/>\nHenkarin maks. staattinen kantavuus: 3 kg<\/p>\n","protected":false},"excerpt":{"rendered":"<p>SONGMICS lasten vaatehenkari, 50 kpl:n sarja, samettinen henkari roosakultaisella koukulla, luistamaton, vaatekaappiin, lastenvaatteille, vauvanvaatteille, hameille ja housuille, vaaleanpunainen CRF027P01<\/p>\n","protected":false},"featured_media":39348,"comment_status":"open","ping_status":"closed","template":"","meta":[],"product_brand":[],"product_cat":[32],"product_tag":[],"class_list":{"0":"post-29947","1":"product","2":"type-product","3":"status-publish","4":"has-post-thumbnail","6":"product_cat-uncategorized-fi","8":"first","9":"instock","10":"shipping-taxable","11":"purchasable","12":"product-type-simple"},"_links":{"self":[{"href":"https:\/\/nordicmart.andreevmaster.com\/fi\/wp-json\/wp\/v2\/product\/29947","targetHints":{"allow":["GET"]}}],"collection":[{"href":"https:\/\/nordicmart.andreevmaster.com\/fi\/wp-json\/wp\/v2\/product"}],"about":[{"href":"https:\/\/nordicmart.andreevmaster.com\/fi\/wp-json\/wp\/v2\/types\/product"}],"replies":[{"embeddable":true,"href":"https:\/\/nordicmart.andreevmaster.com\/fi\/wp-json\/wp\/v2\/comments?post=29947"}],"wp:featuredmedia":[{"embeddable":true,"href":"https:\/\/nordicmart.andreevmaster.com\/fi\/wp-json\/wp\/v2\/media\/39348"}],"wp:attachment":[{"href":"https:\/\/nordicmart.andreevmaster.com\/fi\/wp-json\/wp\/v2\/media?parent=29947"}],"wp:term":[{"taxonomy":"product_brand","embeddable":true,"href":"https:\/\/nordicmart.andreevmaster.com\/fi\/wp-json\/wp\/v2\/product_brand?post=29947"},{"taxonomy":"product_cat","embeddable":true,"href":"https:\/\/nordicmart.andreevmaster.com\/fi\/wp-json\/wp\/v2\/product_cat?post=29947"},{"taxonomy":"product_tag","embeddable":true,"href":"https:\/\/nordicmart.andreevmaster.com\/fi\/wp-json\/wp\/v2\/product_tag?post=29947"}],"curies":[{"name":"wp","href":"https:\/\/api.w.org\/{rel}","templated":true}]}}