{"id":29946,"date":"2026-02-27T00:08:25","date_gmt":"2026-02-27T00:08:25","guid":{"rendered":"https:\/\/nordicmart.andreevmaster.com\/product\/songmics-vaatehenkari-sametti-20-kpln-sarja-samettihenkari\/"},"modified":"2026-02-27T09:32:25","modified_gmt":"2026-02-27T09:32:25","slug":"songmics-vaatehenkari-sametti-20-kpln-sarja-samettihenkari","status":"publish","type":"product","link":"https:\/\/nordicmart.andreevmaster.com\/fi\/tuote\/songmics-vaatehenkari-sametti-20-kpln-sarja-samettihenkari\/","title":{"rendered":"SONGMICS vaatehenkari sametti, 20 kpl:n sarja, samettihenkari"},"content":{"rendered":"<p>SONGMICS vaatehenkari, sametti, 20 kpl:n sarja, takkikoukut, luistamaton pinta, pituus 42 cm, pukukoukut, ohut, kest\u00e4v\u00e4, 360\u00b0 k\u00e4\u00e4ntyv\u00e4 koukku, ruusukulta, takkeja varten, musta CRF026B01<br \/>\nTekniset tiedot:<br \/>\n&#8211; Mitat per henkari: 41,5 x 21,5 cm (L x K)<br \/>\n&#8211; Paino per henkari: 68 g<br \/>\n&#8211; Henkarin maks. staattinen kantavuus: 5 kg<br \/>\n&#8211; Materiaali: ABS-muovi, sametti, metallinen koukku<br \/>\n&#8211; V\u00e4ri: vaaleanpunainen-ros\u00e9gold<\/p>\n","protected":false},"excerpt":{"rendered":"<p>SONGMICS vaatehenkari, sametti, 20 kpl:n sarja, takkikoukut, luistamaton pinta, pituus 42 cm, pukukoukut, ohut, kest\u00e4v\u00e4, 360\u00b0 k\u00e4\u00e4ntyv\u00e4 koukku, ruusukulta, takkeja varten, musta CRF026B01<\/p>\n","protected":false},"featured_media":39347,"comment_status":"open","ping_status":"closed","template":"","meta":[],"product_brand":[],"product_cat":[32],"product_tag":[],"class_list":{"0":"post-29946","1":"product","2":"type-product","3":"status-publish","4":"has-post-thumbnail","6":"product_cat-uncategorized-fi","8":"first","9":"instock","10":"shipping-taxable","11":"purchasable","12":"product-type-simple"},"_links":{"self":[{"href":"https:\/\/nordicmart.andreevmaster.com\/fi\/wp-json\/wp\/v2\/product\/29946","targetHints":{"allow":["GET"]}}],"collection":[{"href":"https:\/\/nordicmart.andreevmaster.com\/fi\/wp-json\/wp\/v2\/product"}],"about":[{"href":"https:\/\/nordicmart.andreevmaster.com\/fi\/wp-json\/wp\/v2\/types\/product"}],"replies":[{"embeddable":true,"href":"https:\/\/nordicmart.andreevmaster.com\/fi\/wp-json\/wp\/v2\/comments?post=29946"}],"wp:featuredmedia":[{"embeddable":true,"href":"https:\/\/nordicmart.andreevmaster.com\/fi\/wp-json\/wp\/v2\/media\/39347"}],"wp:attachment":[{"href":"https:\/\/nordicmart.andreevmaster.com\/fi\/wp-json\/wp\/v2\/media?parent=29946"}],"wp:term":[{"taxonomy":"product_brand","embeddable":true,"href":"https:\/\/nordicmart.andreevmaster.com\/fi\/wp-json\/wp\/v2\/product_brand?post=29946"},{"taxonomy":"product_cat","embeddable":true,"href":"https:\/\/nordicmart.andreevmaster.com\/fi\/wp-json\/wp\/v2\/product_cat?post=29946"},{"taxonomy":"product_tag","embeddable":true,"href":"https:\/\/nordicmart.andreevmaster.com\/fi\/wp-json\/wp\/v2\/product_tag?post=29946"}],"curies":[{"name":"wp","href":"https:\/\/api.w.org\/{rel}","templated":true}]}}