{"id":29941,"date":"2026-02-27T00:08:24","date_gmt":"2026-02-27T00:08:24","guid":{"rendered":"https:\/\/nordicmart.andreevmaster.com\/product\/songmics-50-kpl-samettisia-henkareita-vaaleanpunaiset\/"},"modified":"2026-02-27T09:32:25","modified_gmt":"2026-02-27T09:32:25","slug":"songmics-50-kpl-samettisia-henkareita-vaaleanpunaiset","status":"publish","type":"product","link":"https:\/\/nordicmart.andreevmaster.com\/fi\/tuote\/songmics-50-kpl-samettisia-henkareita-vaaleanpunaiset\/","title":{"rendered":"SONGMICS 50 kpl samettisia henkareita, vaaleanpunaiset"},"content":{"rendered":"<p>Tuotetiedot:V\u00e4ri: vaaleanpunainen Materiaali: sametti, ABS-muovi, metallikoukku Koko per henkari: 43,5 x 0,6 x 22,5 cm (P x L x K) 50 henkarin paino: 3,9 kg Maks. staattinen kantavuus per henkari: 5 kg Toimitus sis\u00e4lt\u00e4\u00e4: 50 x henkari SONGMICS Huomautukset:\u00c4l\u00e4 ripusta m\u00e4rki\u00e4 vaatteita henkareille. \u00c4l\u00e4 ripusta liian painavia vaatteita henkareille. \u00c4l\u00e4 k\u00e4yt\u00e4 n\u00e4it\u00e4 henkareita kuivausrummussa.<\/p>\n","protected":false},"excerpt":{"rendered":"<p>Vilkkuva henkari, 50 kpl:n sarja, henkari, luistamaton, pieni tanko solmioille, 360\u00b0 k\u00e4\u00e4ntyv\u00e4 koukku, tilaa s\u00e4\u00e4st\u00e4v\u00e4, 43,5 cm, ruusukulta-pilvinen valkoinen<\/p>\n","protected":false},"featured_media":39342,"comment_status":"open","ping_status":"closed","template":"","meta":[],"product_brand":[],"product_cat":[32],"product_tag":[],"class_list":{"0":"post-29941","1":"product","2":"type-product","3":"status-publish","4":"has-post-thumbnail","6":"product_cat-uncategorized-fi","8":"first","9":"instock","10":"shipping-taxable","11":"purchasable","12":"product-type-simple"},"_links":{"self":[{"href":"https:\/\/nordicmart.andreevmaster.com\/fi\/wp-json\/wp\/v2\/product\/29941","targetHints":{"allow":["GET"]}}],"collection":[{"href":"https:\/\/nordicmart.andreevmaster.com\/fi\/wp-json\/wp\/v2\/product"}],"about":[{"href":"https:\/\/nordicmart.andreevmaster.com\/fi\/wp-json\/wp\/v2\/types\/product"}],"replies":[{"embeddable":true,"href":"https:\/\/nordicmart.andreevmaster.com\/fi\/wp-json\/wp\/v2\/comments?post=29941"}],"wp:featuredmedia":[{"embeddable":true,"href":"https:\/\/nordicmart.andreevmaster.com\/fi\/wp-json\/wp\/v2\/media\/39342"}],"wp:attachment":[{"href":"https:\/\/nordicmart.andreevmaster.com\/fi\/wp-json\/wp\/v2\/media?parent=29941"}],"wp:term":[{"taxonomy":"product_brand","embeddable":true,"href":"https:\/\/nordicmart.andreevmaster.com\/fi\/wp-json\/wp\/v2\/product_brand?post=29941"},{"taxonomy":"product_cat","embeddable":true,"href":"https:\/\/nordicmart.andreevmaster.com\/fi\/wp-json\/wp\/v2\/product_cat?post=29941"},{"taxonomy":"product_tag","embeddable":true,"href":"https:\/\/nordicmart.andreevmaster.com\/fi\/wp-json\/wp\/v2\/product_tag?post=29941"}],"curies":[{"name":"wp","href":"https:\/\/api.w.org\/{rel}","templated":true}]}}