{"id":29937,"date":"2026-02-27T00:08:23","date_gmt":"2026-02-27T00:08:23","guid":{"rendered":"https:\/\/nordicmart.andreevmaster.com\/product\/songmics-vaateripustimet-sametti-50-kpl-vaaleanharmaa\/"},"modified":"2026-02-27T09:32:24","modified_gmt":"2026-02-27T09:32:24","slug":"songmics-vaateripustimet-sametti-50-kpl-vaaleanharmaa","status":"publish","type":"product","link":"https:\/\/nordicmart.andreevmaster.com\/fi\/tuote\/songmics-vaateripustimet-sametti-50-kpl-vaaleanharmaa\/","title":{"rendered":"SONGMICS vaateripustimet, sametti, 50 kpl, vaaleanharmaa"},"content":{"rendered":"<p>Huomautukset: Ennen k\u00e4ytt\u00f6\u00e4 puhalta pinnalla oleva nukka pois hiustenkuivaajalla (pinnalla oleva nukka voi olla pakkauspussissa tai henkareissa, t\u00e4m\u00e4 on normaalia, \u00e4l\u00e4 huoli).V\u00e4lt\u00e4 ripustimien pitk\u00e4aikaista s\u00e4ilytyst\u00e4 kosteissa ja kuumissa tiloissa. V\u00e4lt\u00e4 ripustamasta m\u00e4rki\u00e4 vaatteita ripustimiin.Tuotetiedot: Materiaali: ABS (muovi) + sametti V\u00e4ri: vaaleanharmaa Mitat: 45 x 23,5 x 0,6 cm (L x K x S) Koukun korkeus: 8 cm Koukun aukko: 5,4 cm Toimitus sis\u00e4lt\u00e4\u00e4: 50 x henkari housutangolla<\/p>\n","protected":false},"excerpt":{"rendered":"<p>SONGMICS vaatehenkari, 50 kpl, paksuus 0,6 cm, pukuhenkari liukumattomalla pinnalla, sametti, kaksi lovetta, 360\u00b0 k\u00e4\u00e4ntyv\u00e4 koukku, ohut ja tilaa s\u00e4\u00e4st\u00e4v\u00e4, musta CRF50B<\/p>\n","protected":false},"featured_media":39339,"comment_status":"open","ping_status":"closed","template":"","meta":[],"product_brand":[],"product_cat":[32],"product_tag":[],"class_list":{"0":"post-29937","1":"product","2":"type-product","3":"status-publish","4":"has-post-thumbnail","6":"product_cat-uncategorized-fi","8":"first","9":"instock","10":"shipping-taxable","11":"purchasable","12":"product-type-simple"},"_links":{"self":[{"href":"https:\/\/nordicmart.andreevmaster.com\/fi\/wp-json\/wp\/v2\/product\/29937","targetHints":{"allow":["GET"]}}],"collection":[{"href":"https:\/\/nordicmart.andreevmaster.com\/fi\/wp-json\/wp\/v2\/product"}],"about":[{"href":"https:\/\/nordicmart.andreevmaster.com\/fi\/wp-json\/wp\/v2\/types\/product"}],"replies":[{"embeddable":true,"href":"https:\/\/nordicmart.andreevmaster.com\/fi\/wp-json\/wp\/v2\/comments?post=29937"}],"wp:featuredmedia":[{"embeddable":true,"href":"https:\/\/nordicmart.andreevmaster.com\/fi\/wp-json\/wp\/v2\/media\/39339"}],"wp:attachment":[{"href":"https:\/\/nordicmart.andreevmaster.com\/fi\/wp-json\/wp\/v2\/media?parent=29937"}],"wp:term":[{"taxonomy":"product_brand","embeddable":true,"href":"https:\/\/nordicmart.andreevmaster.com\/fi\/wp-json\/wp\/v2\/product_brand?post=29937"},{"taxonomy":"product_cat","embeddable":true,"href":"https:\/\/nordicmart.andreevmaster.com\/fi\/wp-json\/wp\/v2\/product_cat?post=29937"},{"taxonomy":"product_tag","embeddable":true,"href":"https:\/\/nordicmart.andreevmaster.com\/fi\/wp-json\/wp\/v2\/product_tag?post=29937"}],"curies":[{"name":"wp","href":"https:\/\/api.w.org\/{rel}","templated":true}]}}