{"id":29932,"date":"2026-02-27T00:08:22","date_gmt":"2026-02-27T00:08:22","guid":{"rendered":"https:\/\/nordicmart.andreevmaster.com\/product\/songmics-vaatehenkari-42-cm\/"},"modified":"2026-02-27T09:32:24","modified_gmt":"2026-02-27T09:32:24","slug":"songmics-vaatehenkari-42-cm","status":"publish","type":"product","link":"https:\/\/nordicmart.andreevmaster.com\/fi\/tuote\/songmics-vaatehenkari-42-cm\/","title":{"rendered":"SONGMICS-vaatehenkari 42 cm"},"content":{"rendered":"<p>Onko sinulla vaikeuksia valita tuhansien vaatekappaleiden joukosta? Onko vaatekaappisi aina sekaisin? Liukuvatko suosikkivaatteesi aina henkarista? \u00c4l\u00e4 paniikkia, n\u00e4m\u00e4 SONGMICS-samettihenkarit tulevat apuun! Elegantin muotoilun ja kest\u00e4vien materiaalien ansiosta vaatteesi ovat aina kauniisti ja siististi ripustettuina vaatekaapissa odottamassa k\u00e4ytt\u00f6\u00e4.<\/p>\n<p>Vaatekaapin filosofia \u2013 \u201dv\u00e4hemm\u00e4n on enemm\u00e4n\u201d: Haluatko ripustaa enemm\u00e4n vaatteita kaappiin? Silloin ohuiden henkareiden valinta on eritt\u00e4in helppo tapa saavuttaa t\u00e4m\u00e4 tavoite. Niiden tulisi kuitenkin olla my\u00f6s eritt\u00e4in kest\u00e4vi\u00e4 \u2013 kuten n\u00e4m\u00e4 SONGMICS-samettiset henkarit. Jokainen henkari on vain 0,5 cm paksu, mutta kest\u00e4\u00e4 jopa 5 kg:n painon. N\u00e4in voit hy\u00f6dynt\u00e4\u00e4 kaapin tilan optimaalisesti, koska henkarit viev\u00e4t itse vain v\u00e4h\u00e4n tilaa.<\/p>\n<p>Hyvin suunniteltu muotoilu: edes herkimm\u00e4t silkkivaatteet eiv\u00e4t luiskahda n\u00e4ilt\u00e4 luistamattomilta samettisilta; paidat eiv\u00e4t rypisty olkap\u00e4ill\u00e4 henkareiden ergonomisten kaarevuuksien ansiosta; olkap\u00e4\u00e4alueella olevien lovien ansiosta jopa olkaimettomat topit sopivat n\u00e4ille henkareille. Koukku k\u00e4\u00e4ntyy 360\u00b0, joten voit helposti k\u00e4\u00e4nt\u00e4\u00e4 vaatteesi, jos olet ripustanut ne vahingossa v\u00e4\u00e4r\u00e4\u00e4n suuntaan. Lyhyesti sanottuna, n\u00e4m\u00e4 henkarit on suunniteltu monenlaisia vaatteita varten! Tuotetiedot:<br \/>\nV\u00e4ri: vaaleanpunainen<br \/>\nMateriaali: ABS-muovi, sametti, metallinen koukku<br \/>\nKoko: 42 x 0,5 x 21,5 cm (P x L x K)<br \/>\nPaino per henkari: 68 g<br \/>\nHenkarin maks. staattinen kantavuus: 5 kg<\/p>\n<p>Toimitus sis\u00e4lt\u00e4\u00e4:<br \/>\n30 x vaateripustin<\/p>\n<p>SONGMICS Huomautukset:<br \/>\n\u00c4l\u00e4 k\u00e4yt\u00e4 n\u00e4it\u00e4 henkareita kuivausrummussa tai pesukoneessa.<br \/>\nHenkarin enimm\u00e4iskuormitus on 5 kg. \u00c4l\u00e4 ylit\u00e4 t\u00e4t\u00e4 enimm\u00e4ispainoa.<\/p>\n","protected":false},"excerpt":{"rendered":"<p>SONGMICS vaatehenkari, sametti, 30 kpl:n sarja, takkipidike liukumattomalla pinnalla, pituus 42 cm, pukupidike, ohut, kest\u00e4v\u00e4, hyv\u00e4 kantavuus, 360\u00b0 k\u00e4\u00e4ntyv\u00e4 koukku, takkeihin, paitoihin, harmaa CRF26V<\/p>\n","protected":false},"featured_media":39334,"comment_status":"open","ping_status":"closed","template":"","meta":[],"product_brand":[],"product_cat":[32],"product_tag":[],"class_list":{"0":"post-29932","1":"product","2":"type-product","3":"status-publish","4":"has-post-thumbnail","6":"product_cat-uncategorized-fi","8":"first","9":"instock","10":"shipping-taxable","11":"purchasable","12":"product-type-simple"},"_links":{"self":[{"href":"https:\/\/nordicmart.andreevmaster.com\/fi\/wp-json\/wp\/v2\/product\/29932","targetHints":{"allow":["GET"]}}],"collection":[{"href":"https:\/\/nordicmart.andreevmaster.com\/fi\/wp-json\/wp\/v2\/product"}],"about":[{"href":"https:\/\/nordicmart.andreevmaster.com\/fi\/wp-json\/wp\/v2\/types\/product"}],"replies":[{"embeddable":true,"href":"https:\/\/nordicmart.andreevmaster.com\/fi\/wp-json\/wp\/v2\/comments?post=29932"}],"wp:featuredmedia":[{"embeddable":true,"href":"https:\/\/nordicmart.andreevmaster.com\/fi\/wp-json\/wp\/v2\/media\/39334"}],"wp:attachment":[{"href":"https:\/\/nordicmart.andreevmaster.com\/fi\/wp-json\/wp\/v2\/media?parent=29932"}],"wp:term":[{"taxonomy":"product_brand","embeddable":true,"href":"https:\/\/nordicmart.andreevmaster.com\/fi\/wp-json\/wp\/v2\/product_brand?post=29932"},{"taxonomy":"product_cat","embeddable":true,"href":"https:\/\/nordicmart.andreevmaster.com\/fi\/wp-json\/wp\/v2\/product_cat?post=29932"},{"taxonomy":"product_tag","embeddable":true,"href":"https:\/\/nordicmart.andreevmaster.com\/fi\/wp-json\/wp\/v2\/product_tag?post=29932"}],"curies":[{"name":"wp","href":"https:\/\/api.w.org\/{rel}","templated":true}]}}