{"id":29930,"date":"2026-02-27T00:08:22","date_gmt":"2026-02-27T00:08:22","guid":{"rendered":"https:\/\/nordicmart.andreevmaster.com\/product\/songmics-samettihenkari-50-kpl-violetti\/"},"modified":"2026-02-27T09:32:23","modified_gmt":"2026-02-27T09:32:23","slug":"songmics-samettihenkari-50-kpl-violetti","status":"publish","type":"product","link":"https:\/\/nordicmart.andreevmaster.com\/fi\/tuote\/songmics-samettihenkari-50-kpl-violetti\/","title":{"rendered":"SONGMICS samettihenkari 50 kpl violetti"},"content":{"rendered":"<p>Onko sinulla vaikeuksia valita sopivaa henkaria laajan valikoiman joukosta? Kokeile SONGMICSin klassisia henkareita, jotka tuovat vaatekaappiisi ripauksen tyylikkyytt\u00e4. Joskus yksinkertainen muotoilu on juuri se, mit\u00e4 tarvitset.Olipa kyseess\u00e4 untuvatakit, villatakit, tuulitakit, paidat, mekot, housut, hameet, huivit tai pyyhkeet \u2013 kaikki vaatteet on helppo ripustaa henkareille ja ottaa niist\u00e4 pois. N\u00e4m\u00e4 SONGMICS-vaatehenkarit tarjoavat kaikki tarvitsemasi ominaisuudet vaatteiden siistiin ja rypistym\u00e4tt\u00f6m\u00e4\u00e4n s\u00e4ilytykseen. Tuotetiedot:V\u00e4ri: vaaleanpunainen, koukut ruusukultaiset Materiaali: sametti, ABS-muovi, metallikoukut Koko per henkari: 45 x 0,6 x 23,5 cm (P x L x K) Paino per henkari: 78 g Maks. staattinen kantavuus per henkari: 5 kg Toimitus sis\u00e4lt\u00e4\u00e4: 50 x samettinen henkari SONGMICS Huomautukset:\u00c4l\u00e4 ripusta m\u00e4rki\u00e4 vaatteita henkareille. Pid\u00e4 henkarit poissa l\u00e4mm\u00f6nl\u00e4hteist\u00e4 ja syttymisl\u00e4hteist\u00e4. \u00c4l\u00e4 k\u00e4yt\u00e4 henkareita korkeassa l\u00e4mp\u00f6tilassa tai kosteassa ymp\u00e4rist\u00f6ss\u00e4. \u00c4l\u00e4 ripusta liian painavia esineit\u00e4 tai vaatteita henkareille. \u00c4l\u00e4 k\u00e4yt\u00e4 n\u00e4it\u00e4 henkareita kannettavassa kuivausrummussa.<\/p>\n","protected":false},"excerpt":{"rendered":"<p>SONGMICS samettinen vaatehaka, 50 kpl, luistamaton, takkikoukku, k\u00e4\u00e4ntyv\u00e4 koukku ruusukulta, paksuus 0,6 cm, tilaa s\u00e4\u00e4st\u00e4v\u00e4, leveys 45 cm, takkeihin, paitoihin, hameisiin, housuihin, solmioihin, musta CRF21BK50<\/p>\n","protected":false},"featured_media":39332,"comment_status":"open","ping_status":"closed","template":"","meta":[],"product_brand":[],"product_cat":[32],"product_tag":[],"class_list":{"0":"post-29930","1":"product","2":"type-product","3":"status-publish","4":"has-post-thumbnail","6":"product_cat-uncategorized-fi","8":"first","9":"instock","10":"shipping-taxable","11":"purchasable","12":"product-type-simple"},"_links":{"self":[{"href":"https:\/\/nordicmart.andreevmaster.com\/fi\/wp-json\/wp\/v2\/product\/29930","targetHints":{"allow":["GET"]}}],"collection":[{"href":"https:\/\/nordicmart.andreevmaster.com\/fi\/wp-json\/wp\/v2\/product"}],"about":[{"href":"https:\/\/nordicmart.andreevmaster.com\/fi\/wp-json\/wp\/v2\/types\/product"}],"replies":[{"embeddable":true,"href":"https:\/\/nordicmart.andreevmaster.com\/fi\/wp-json\/wp\/v2\/comments?post=29930"}],"wp:featuredmedia":[{"embeddable":true,"href":"https:\/\/nordicmart.andreevmaster.com\/fi\/wp-json\/wp\/v2\/media\/39332"}],"wp:attachment":[{"href":"https:\/\/nordicmart.andreevmaster.com\/fi\/wp-json\/wp\/v2\/media?parent=29930"}],"wp:term":[{"taxonomy":"product_brand","embeddable":true,"href":"https:\/\/nordicmart.andreevmaster.com\/fi\/wp-json\/wp\/v2\/product_brand?post=29930"},{"taxonomy":"product_cat","embeddable":true,"href":"https:\/\/nordicmart.andreevmaster.com\/fi\/wp-json\/wp\/v2\/product_cat?post=29930"},{"taxonomy":"product_tag","embeddable":true,"href":"https:\/\/nordicmart.andreevmaster.com\/fi\/wp-json\/wp\/v2\/product_tag?post=29930"}],"curies":[{"name":"wp","href":"https:\/\/api.w.org\/{rel}","templated":true}]}}