{"id":29921,"date":"2026-02-27T00:08:20","date_gmt":"2026-02-27T00:08:20","guid":{"rendered":"https:\/\/nordicmart.andreevmaster.com\/product\/songmics-lasten-henkarit-20-kpl-samettia-turkoosi\/"},"modified":"2026-02-27T09:32:22","modified_gmt":"2026-02-27T09:32:22","slug":"songmics-lasten-henkarit-20-kpl-samettia-turkoosi","status":"publish","type":"product","link":"https:\/\/nordicmart.andreevmaster.com\/fi\/tuote\/songmics-lasten-henkarit-20-kpl-samettia-turkoosi\/","title":{"rendered":"SONGMICS lasten henkarit 20 kpl samettia turkoosi"},"content":{"rendered":"<p>Oletko aina \u00e4rtynyt lastesi ymp\u00e4riins\u00e4 lentelevist\u00e4 vaatteista? Etsitk\u00f6 sopivia henkareita lapsillesi? Songmicsin samettipintaiset lasten henkarit ovat paras valinta. Ne on suunniteltu erityisesti lasten vaatteille. Voimakas v\u00e4ri on my\u00f6s eritt\u00e4in houkutteleva lapsille. Lis\u00e4ksi ne ovat vain 0,5 cm paksuja. Kun olet ottanut sen k\u00e4ytt\u00f6\u00f6n, tulet yll\u00e4ttym\u00e4\u00e4n siit\u00e4, kuinka paljon tilaa voit s\u00e4\u00e4st\u00e4\u00e4. Ergonomisesti muotoiltujen molempien sivujen kaarevuuksien ansiosta vaatteiden hartiat eiv\u00e4t rypisty tai v\u00e4\u00e4nny ripustettaessa. Siin\u00e4 on my\u00f6s kaksi lovetta, joten my\u00f6s hameet tai hihansuissa olevat vaatteet pysyv\u00e4t tukevasti paikoillaan. Metallinen koukku on kiilt\u00e4v\u00e4, ruostumaton ja 360\u00b0 k\u00e4\u00e4ntyv\u00e4.  Songmicsin lasten vaatekoukku tulee varmasti olemaan perheesi &#8221;tehokas apulainen&#8221;. Tuotetiedot: &#8211; Materiaali: ABS (muovi) + sametti &#8211; V\u00e4ri: turkoosi sininen &#8211; Mitat: 30 x 20,5 x 0,5 cm (L x K x S) &#8211; Koukun korkeus: 7,8 cm &#8211; Koukun leveys: 5,1 cm &#8211; Bruttopaino: 1,4 kg Toimitus sis\u00e4lt\u00e4\u00e4: &#8211; 20 x lasten vaatehenkari Huomautukset:  &#8211; Ennen k\u00e4ytt\u00f6\u00e4 puhalta pinnalla oleva nukka pois hiustenkuivaajalla (pinnalla oleva nukka voi olla per\u00e4isin pakkauspussista tai vaatehenkareista, se on normaalia, \u00e4l\u00e4 huoli). &#8211; V\u00e4lt\u00e4 ripustimien pitk\u00e4aikaista s\u00e4ilytyst\u00e4 kosteissa ja l\u00e4mpimiss\u00e4 tiloissa. &#8211; V\u00e4lt\u00e4 ripustimien k\u00e4ytt\u00f6\u00e4 m\u00e4r\u00e4n pyykin ripustamiseen.<\/p>\n","protected":false},"excerpt":{"rendered":"<p>SONGMICS vaatehenkari, sametti, 20 kpl, paksuus 0,6 cm, pukuhenkari, takkihenka, luistamaton pinta, kaksi lovetta, 360\u00b0 k\u00e4\u00e4ntyv\u00e4 koukku, luistamaton, musta CRF20B<\/p>\n","protected":false},"featured_media":39323,"comment_status":"open","ping_status":"closed","template":"","meta":[],"product_brand":[],"product_cat":[32],"product_tag":[],"class_list":{"0":"post-29921","1":"product","2":"type-product","3":"status-publish","4":"has-post-thumbnail","6":"product_cat-uncategorized-fi","8":"first","9":"instock","10":"shipping-taxable","11":"purchasable","12":"product-type-simple"},"_links":{"self":[{"href":"https:\/\/nordicmart.andreevmaster.com\/fi\/wp-json\/wp\/v2\/product\/29921","targetHints":{"allow":["GET"]}}],"collection":[{"href":"https:\/\/nordicmart.andreevmaster.com\/fi\/wp-json\/wp\/v2\/product"}],"about":[{"href":"https:\/\/nordicmart.andreevmaster.com\/fi\/wp-json\/wp\/v2\/types\/product"}],"replies":[{"embeddable":true,"href":"https:\/\/nordicmart.andreevmaster.com\/fi\/wp-json\/wp\/v2\/comments?post=29921"}],"wp:featuredmedia":[{"embeddable":true,"href":"https:\/\/nordicmart.andreevmaster.com\/fi\/wp-json\/wp\/v2\/media\/39323"}],"wp:attachment":[{"href":"https:\/\/nordicmart.andreevmaster.com\/fi\/wp-json\/wp\/v2\/media?parent=29921"}],"wp:term":[{"taxonomy":"product_brand","embeddable":true,"href":"https:\/\/nordicmart.andreevmaster.com\/fi\/wp-json\/wp\/v2\/product_brand?post=29921"},{"taxonomy":"product_cat","embeddable":true,"href":"https:\/\/nordicmart.andreevmaster.com\/fi\/wp-json\/wp\/v2\/product_cat?post=29921"},{"taxonomy":"product_tag","embeddable":true,"href":"https:\/\/nordicmart.andreevmaster.com\/fi\/wp-json\/wp\/v2\/product_tag?post=29921"}],"curies":[{"name":"wp","href":"https:\/\/api.w.org\/{rel}","templated":true}]}}