{"id":29919,"date":"2026-02-27T00:08:19","date_gmt":"2026-02-27T00:08:19","guid":{"rendered":"https:\/\/nordicmart.andreevmaster.com\/product\/songmics-vaatehenkari-keskitangolla-solmioille\/"},"modified":"2026-02-27T09:32:22","modified_gmt":"2026-02-27T09:32:22","slug":"songmics-vaatehenkari-keskitangolla-solmioille","status":"publish","type":"product","link":"https:\/\/nordicmart.andreevmaster.com\/fi\/tuote\/songmics-vaatehenkari-keskitangolla-solmioille\/","title":{"rendered":"SONGMICS-vaatehenkari keskitangolla solmioille"},"content":{"rendered":"<p>Songmics-vaatehenkari, jossa on flokattu pinta, tarjoaa luistamattoman, tilaa s\u00e4\u00e4st\u00e4v\u00e4n ja kest\u00e4v\u00e4n ratkaisun vaatteiden ripustamiseen. Erilaisten tarpeiden t\u00e4ytt\u00e4miseksi t\u00e4m\u00e4 henkari on suunniteltu monik\u00e4ytt\u00f6iseksi, joten voit ripustaa siihen turvallisesti paitsi takit ja topit my\u00f6s housut ja solmiot. Huomautukset:  &#8211; Ennen k\u00e4ytt\u00f6\u00e4 puhalta hiustenkuivaajalla pinnalla oleva nukka pois (pinnalla oleva nukka voi olla per\u00e4isin pakkauspussista tai ripustimista, se on normaalia, \u00e4l\u00e4 huoli).  &#8211; V\u00e4lt\u00e4 ripustimien pitk\u00e4aikaista s\u00e4ilytyst\u00e4 kosteissa ja kuumissa tiloissa.  &#8211; V\u00e4lt\u00e4 ripustamasta m\u00e4rki\u00e4 vaatteita ripustimille.  Tuotetiedot: &#8211; Materiaali: ABS (muovi) + sametti &#8211; V\u00e4ri: vaaleanpunainen &#8211; Mitat: 45 x 24 x 0,6 cm (L x K x S) &#8211; Koukun korkeus: 8 cm &#8211; Koukun aukko: 5,4 cm Toimitus sis\u00e4lt\u00e4\u00e4: &#8211; 20 x henkari housutangolla<\/p>\n","protected":false},"excerpt":{"rendered":"<p>SONGMICS vaatehenkari, sametti, 20 kpl, paksuus 0,6 cm, pukuhenkari, takkihenka, luistamaton pinta, kaksi lovetta, 360\u00b0 k\u00e4\u00e4ntyv\u00e4 koukku, luistamaton, musta CRF20B<\/p>\n","protected":false},"featured_media":39321,"comment_status":"open","ping_status":"closed","template":"","meta":[],"product_brand":[],"product_cat":[32],"product_tag":[],"class_list":{"0":"post-29919","1":"product","2":"type-product","3":"status-publish","4":"has-post-thumbnail","6":"product_cat-uncategorized-fi","8":"first","9":"instock","10":"shipping-taxable","11":"purchasable","12":"product-type-simple"},"_links":{"self":[{"href":"https:\/\/nordicmart.andreevmaster.com\/fi\/wp-json\/wp\/v2\/product\/29919","targetHints":{"allow":["GET"]}}],"collection":[{"href":"https:\/\/nordicmart.andreevmaster.com\/fi\/wp-json\/wp\/v2\/product"}],"about":[{"href":"https:\/\/nordicmart.andreevmaster.com\/fi\/wp-json\/wp\/v2\/types\/product"}],"replies":[{"embeddable":true,"href":"https:\/\/nordicmart.andreevmaster.com\/fi\/wp-json\/wp\/v2\/comments?post=29919"}],"wp:featuredmedia":[{"embeddable":true,"href":"https:\/\/nordicmart.andreevmaster.com\/fi\/wp-json\/wp\/v2\/media\/39321"}],"wp:attachment":[{"href":"https:\/\/nordicmart.andreevmaster.com\/fi\/wp-json\/wp\/v2\/media?parent=29919"}],"wp:term":[{"taxonomy":"product_brand","embeddable":true,"href":"https:\/\/nordicmart.andreevmaster.com\/fi\/wp-json\/wp\/v2\/product_brand?post=29919"},{"taxonomy":"product_cat","embeddable":true,"href":"https:\/\/nordicmart.andreevmaster.com\/fi\/wp-json\/wp\/v2\/product_cat?post=29919"},{"taxonomy":"product_tag","embeddable":true,"href":"https:\/\/nordicmart.andreevmaster.com\/fi\/wp-json\/wp\/v2\/product_tag?post=29919"}],"curies":[{"name":"wp","href":"https:\/\/api.w.org\/{rel}","templated":true}]}}