{"id":29916,"date":"2026-02-27T00:08:19","date_gmt":"2026-02-27T00:08:19","guid":{"rendered":"https:\/\/nordicmart.andreevmaster.com\/product\/songmics-vaateripustimet-vaaleanpunaisina-24-kpln-sarja\/"},"modified":"2026-02-27T09:32:21","modified_gmt":"2026-02-27T09:32:21","slug":"songmics-vaateripustimet-vaaleanpunaisina-24-kpln-sarja","status":"publish","type":"product","link":"https:\/\/nordicmart.andreevmaster.com\/fi\/tuote\/songmics-vaateripustimet-vaaleanpunaisina-24-kpln-sarja\/","title":{"rendered":"SONGMICS vaateripustimet vaaleanpunaisina, 24 kpl:n sarja"},"content":{"rendered":"<p>Tuotetiedot: V\u00e4ri: vaaleanpunainen Materiaali: ABS-muovi, nailon, sametti Koko per henkari: 42,5 x 0,5 x 23,5 cm (P x L x K) 24 henkarin paino: 2,7 kg Maks. staattinen kantavuus per henkari: 2,5 kg Toimitus sis\u00e4lt\u00e4\u00e4: 24 x henkari SONGMICS Huomautukset:\u00c4l\u00e4 ripusta m\u00e4rki\u00e4 vaatteita samettisiin henkareihin. Pid\u00e4 tuote poissa tulen l\u00e4hteist\u00e4. \u00c4l\u00e4 altista tuotetta suoralle auringonvalolle pitki\u00e4 aikoja.<\/p>\n","protected":false},"excerpt":{"rendered":"<p>SONGMICS samettinen vaatehenkari, 24 kpl:n sarja, 42,5 cm:n housuhenkari s\u00e4\u00e4dett\u00e4vill\u00e4 klipseill\u00e4, ruusukulta, kest\u00e4v\u00e4, luistamaton, tilaa s\u00e4\u00e4st\u00e4v\u00e4, housuille, hameille, takkeille, mekkoille, vaaleanpunainen CRF14PK24<\/p>\n","protected":false},"featured_media":39318,"comment_status":"open","ping_status":"closed","template":"","meta":[],"product_brand":[],"product_cat":[32],"product_tag":[],"class_list":{"0":"post-29916","1":"product","2":"type-product","3":"status-publish","4":"has-post-thumbnail","6":"product_cat-uncategorized-fi","8":"first","9":"instock","10":"shipping-taxable","11":"purchasable","12":"product-type-simple"},"_links":{"self":[{"href":"https:\/\/nordicmart.andreevmaster.com\/fi\/wp-json\/wp\/v2\/product\/29916","targetHints":{"allow":["GET"]}}],"collection":[{"href":"https:\/\/nordicmart.andreevmaster.com\/fi\/wp-json\/wp\/v2\/product"}],"about":[{"href":"https:\/\/nordicmart.andreevmaster.com\/fi\/wp-json\/wp\/v2\/types\/product"}],"replies":[{"embeddable":true,"href":"https:\/\/nordicmart.andreevmaster.com\/fi\/wp-json\/wp\/v2\/comments?post=29916"}],"wp:featuredmedia":[{"embeddable":true,"href":"https:\/\/nordicmart.andreevmaster.com\/fi\/wp-json\/wp\/v2\/media\/39318"}],"wp:attachment":[{"href":"https:\/\/nordicmart.andreevmaster.com\/fi\/wp-json\/wp\/v2\/media?parent=29916"}],"wp:term":[{"taxonomy":"product_brand","embeddable":true,"href":"https:\/\/nordicmart.andreevmaster.com\/fi\/wp-json\/wp\/v2\/product_brand?post=29916"},{"taxonomy":"product_cat","embeddable":true,"href":"https:\/\/nordicmart.andreevmaster.com\/fi\/wp-json\/wp\/v2\/product_cat?post=29916"},{"taxonomy":"product_tag","embeddable":true,"href":"https:\/\/nordicmart.andreevmaster.com\/fi\/wp-json\/wp\/v2\/product_tag?post=29916"}],"curies":[{"name":"wp","href":"https:\/\/api.w.org\/{rel}","templated":true}]}}