{"id":29915,"date":"2026-02-27T00:08:19","date_gmt":"2026-02-27T00:08:19","guid":{"rendered":"https:\/\/nordicmart.andreevmaster.com\/product\/songmics-vaatehenkari-jossa-on-360-kaantyva-koukku\/"},"modified":"2026-02-27T09:32:21","modified_gmt":"2026-02-27T09:32:21","slug":"songmics-vaatehenkari-jossa-on-360-kaantyva-koukku","status":"publish","type":"product","link":"https:\/\/nordicmart.andreevmaster.com\/fi\/tuote\/songmics-vaatehenkari-jossa-on-360-kaantyva-koukku\/","title":{"rendered":"SONGMICS-vaatehenkari, jossa on 360\u00b0 k\u00e4\u00e4ntyv\u00e4 koukku"},"content":{"rendered":"<p>SONGMICS on t\u00e4ysin sitoutunut tarjoamaan parempia ja laadukkaampia henkareita. Pyrimme jatkuvasti ratkaisemaan vaatteiden s\u00e4ilytykseen liittyv\u00e4t ongelmat. Pyrimme jatkuvasti parantamaan tuotetta ehdotustenne perusteella. Pyrimme aina k\u00e4ytt\u00e4m\u00e4\u00e4n korkealaatuisia materiaaleja parhaan laadun takaamiseksi. Pyrimme aina siihen, ett\u00e4 jokainen l\u00f6yt\u00e4\u00e4 Songmicsist\u00e4 sopivat vaatehenkarit. SONGMICS-vaatehenkarit seuraavat sinua joka puolelle kotia. Tuotetiedot: Kunkin vaatehenkarin mitat: 42,5 x 0,5 x 23,5 cm (P x L x K) V\u00e4ri: Vaaleanharmaa Materiaali: ABS-muovi + sametti Kunkin henkarin kantavuus: 2,5 kg Nettopaino: 1 kg Bruttopaino: 1,6 kg Toimitus sis\u00e4lt\u00e4\u00e4: 12 x henkari klipseill\u00e4 SONGMICS-ohjeet: V\u00e4lt\u00e4 ripustamasta m\u00e4rki\u00e4 vaatteita suoraan henkareille.Pid\u00e4 henkarit poissa syttymisl\u00e4hteist\u00e4, \u00e4l\u00e4 altista henkareita suoralle voimakkaalle auringonvalolle.<\/p>\n","protected":false},"excerpt":{"rendered":"<p>SONGMICS 30 kpl housuhenkareita, samettisia, kiinnikkeell\u00e4 ja klipseill\u00e4, ohuet, luistamattomat, tilaa s\u00e4\u00e4st\u00e4v\u00e4t, 360\u00b0 k\u00e4\u00e4ntyv\u00e4t koukut pukuihin, paitoihin, takkeihin ja takkeihin, 42,5 cm, harmaa CRF12V-30<\/p>\n","protected":false},"featured_media":39317,"comment_status":"open","ping_status":"closed","template":"","meta":[],"product_brand":[],"product_cat":[32],"product_tag":[],"class_list":{"0":"post-29915","1":"product","2":"type-product","3":"status-publish","4":"has-post-thumbnail","6":"product_cat-uncategorized-fi","8":"first","9":"instock","10":"shipping-taxable","11":"purchasable","12":"product-type-simple"},"_links":{"self":[{"href":"https:\/\/nordicmart.andreevmaster.com\/fi\/wp-json\/wp\/v2\/product\/29915","targetHints":{"allow":["GET"]}}],"collection":[{"href":"https:\/\/nordicmart.andreevmaster.com\/fi\/wp-json\/wp\/v2\/product"}],"about":[{"href":"https:\/\/nordicmart.andreevmaster.com\/fi\/wp-json\/wp\/v2\/types\/product"}],"replies":[{"embeddable":true,"href":"https:\/\/nordicmart.andreevmaster.com\/fi\/wp-json\/wp\/v2\/comments?post=29915"}],"wp:featuredmedia":[{"embeddable":true,"href":"https:\/\/nordicmart.andreevmaster.com\/fi\/wp-json\/wp\/v2\/media\/39317"}],"wp:attachment":[{"href":"https:\/\/nordicmart.andreevmaster.com\/fi\/wp-json\/wp\/v2\/media?parent=29915"}],"wp:term":[{"taxonomy":"product_brand","embeddable":true,"href":"https:\/\/nordicmart.andreevmaster.com\/fi\/wp-json\/wp\/v2\/product_brand?post=29915"},{"taxonomy":"product_cat","embeddable":true,"href":"https:\/\/nordicmart.andreevmaster.com\/fi\/wp-json\/wp\/v2\/product_cat?post=29915"},{"taxonomy":"product_tag","embeddable":true,"href":"https:\/\/nordicmart.andreevmaster.com\/fi\/wp-json\/wp\/v2\/product_tag?post=29915"}],"curies":[{"name":"wp","href":"https:\/\/api.w.org\/{rel}","templated":true}]}}