{"id":29914,"date":"2026-02-27T00:08:18","date_gmt":"2026-02-27T00:08:18","guid":{"rendered":"https:\/\/nordicmart.andreevmaster.com\/product\/songmics-housuhenkari-30-kpl-harmaa\/"},"modified":"2026-02-27T09:32:21","modified_gmt":"2026-02-27T09:32:21","slug":"songmics-housuhenkari-30-kpl-harmaa","status":"publish","type":"product","link":"https:\/\/nordicmart.andreevmaster.com\/fi\/tuote\/songmics-housuhenkari-30-kpl-harmaa\/","title":{"rendered":"SONGMICS housuhenkari 30 kpl harmaa"},"content":{"rendered":"<p>Joustavat kiinnikkeet Kiinnikkeet voidaan siirt\u00e4\u00e4 vasemmalle ja oikealle, joten ne sopivat yht\u00e4 hyvin lasten kuin aikuisten vaatteillekin. Luistamaton ja rypistym\u00e4t\u00f6n Kiinnikkeiden leuat on varustettu muovisuojuksilla. N\u00e4in henkarit eiv\u00e4t j\u00e4t\u00e4 j\u00e4lki\u00e4 vaatteisiin, mutta pit\u00e4v\u00e4t ne silti tukevasti paikallaan.Erilaisille vaatteille Jokainen henkari kest\u00e4\u00e4 jopa 2,5 kg:n painon. Haluatko ripustaa mekkoja, housuja tai k\u00e4sineit\u00e4? Ei ongelmaa! Tuotetiedot: Jokaisen henkarin mitat: 42,5 x 23,5 x 0,5 cm (L x K x S) V\u00e4ri: harmaa Materiaali: ABS-muovi + sametti Kunkin henkarin kantavuus: 5 kg Puristusvoima: 2,5 kg Nettopaino: 1 kg Bruttopaino: 1,6 kg Toimitus sis\u00e4lt\u00e4\u00e4: 30 x henkari klipseill\u00e4 Huomautukset: V\u00e4lt\u00e4 ripustamasta m\u00e4rki\u00e4 vaatteita suoraan henkareille.Pid\u00e4 henkarit poissa syttymisl\u00e4hteist\u00e4, \u00e4l\u00e4 altista henkareita suoralle voimakkaalle auringonvalolle.<\/p>\n","protected":false},"excerpt":{"rendered":"<p>SONGMICS 30 kpl housuhenkareita, samettisia, kiinnikkeell\u00e4 ja klipseill\u00e4, ohuet, luistamattomat, tilaa s\u00e4\u00e4st\u00e4v\u00e4t, 360\u00b0 k\u00e4\u00e4ntyv\u00e4t koukut pukuihin, paitoihin, takkeihin ja takkeihin, 42,5 cm, harmaa CRF12V-30<\/p>\n","protected":false},"featured_media":39316,"comment_status":"open","ping_status":"closed","template":"","meta":[],"product_brand":[],"product_cat":[32],"product_tag":[],"class_list":{"0":"post-29914","1":"product","2":"type-product","3":"status-publish","4":"has-post-thumbnail","6":"product_cat-uncategorized-fi","8":"first","9":"instock","10":"shipping-taxable","11":"purchasable","12":"product-type-simple"},"_links":{"self":[{"href":"https:\/\/nordicmart.andreevmaster.com\/fi\/wp-json\/wp\/v2\/product\/29914","targetHints":{"allow":["GET"]}}],"collection":[{"href":"https:\/\/nordicmart.andreevmaster.com\/fi\/wp-json\/wp\/v2\/product"}],"about":[{"href":"https:\/\/nordicmart.andreevmaster.com\/fi\/wp-json\/wp\/v2\/types\/product"}],"replies":[{"embeddable":true,"href":"https:\/\/nordicmart.andreevmaster.com\/fi\/wp-json\/wp\/v2\/comments?post=29914"}],"wp:featuredmedia":[{"embeddable":true,"href":"https:\/\/nordicmart.andreevmaster.com\/fi\/wp-json\/wp\/v2\/media\/39316"}],"wp:attachment":[{"href":"https:\/\/nordicmart.andreevmaster.com\/fi\/wp-json\/wp\/v2\/media?parent=29914"}],"wp:term":[{"taxonomy":"product_brand","embeddable":true,"href":"https:\/\/nordicmart.andreevmaster.com\/fi\/wp-json\/wp\/v2\/product_brand?post=29914"},{"taxonomy":"product_cat","embeddable":true,"href":"https:\/\/nordicmart.andreevmaster.com\/fi\/wp-json\/wp\/v2\/product_cat?post=29914"},{"taxonomy":"product_tag","embeddable":true,"href":"https:\/\/nordicmart.andreevmaster.com\/fi\/wp-json\/wp\/v2\/product_tag?post=29914"}],"curies":[{"name":"wp","href":"https:\/\/api.w.org\/{rel}","templated":true}]}}