{"id":29912,"date":"2026-02-27T00:08:18","date_gmt":"2026-02-27T00:08:18","guid":{"rendered":"https:\/\/nordicmart.andreevmaster.com\/product\/songmics-housuhenkaripakkaus-30-kpl\/"},"modified":"2026-02-27T09:32:21","modified_gmt":"2026-02-27T09:32:21","slug":"songmics-housuhenkaripakkaus-30-kpl","status":"publish","type":"product","link":"https:\/\/nordicmart.andreevmaster.com\/fi\/tuote\/songmics-housuhenkaripakkaus-30-kpl\/","title":{"rendered":"SONGMICS housuhenkaripakkaus, 30 kpl"},"content":{"rendered":"<p>Tuotetiedot: V\u00e4ri: vaaleanpunainen Materiaali: ABS-muovi, nailon, sametti Koko per henkari: 42,5 x 0,5 x 23,5 cm (P x L x K) Paino: 2,6 kg Maks. staattinen kantavuus per henkari: 2,5 kg Toimitus sis\u00e4lt\u00e4\u00e4: 30 x henkari SONGMICS-ohjeet:\u00c4l\u00e4 ripusta m\u00e4rki\u00e4 vaatteita henkareille. Pid\u00e4 tuote poissa l\u00e4mm\u00f6n ja syttymisl\u00e4hteiden l\u00e4heisyydest\u00e4. \u00c4l\u00e4 altista tuotetta suoralle auringonvalolle pitki\u00e4 aikoja.<\/p>\n","protected":false},"excerpt":{"rendered":"<p>SONGMICS 30 kpl housuhenkareita, samettisia, kiinnikkeell\u00e4 ja klipseill\u00e4, ohuet, luistamattomat, tilaa s\u00e4\u00e4st\u00e4v\u00e4t, 360\u00b0 k\u00e4\u00e4ntyv\u00e4t koukut pukuihin, paitoihin, takkeihin ja takkeihin, 42,5 cm, harmaa CRF12V-30<\/p>\n","protected":false},"featured_media":0,"comment_status":"open","ping_status":"closed","template":"","meta":[],"product_brand":[],"product_cat":[32],"product_tag":[],"class_list":{"0":"post-29912","1":"product","2":"type-product","3":"status-publish","5":"product_cat-uncategorized-fi","7":"first","8":"instock","9":"shipping-taxable","10":"purchasable","11":"product-type-simple"},"_links":{"self":[{"href":"https:\/\/nordicmart.andreevmaster.com\/fi\/wp-json\/wp\/v2\/product\/29912","targetHints":{"allow":["GET"]}}],"collection":[{"href":"https:\/\/nordicmart.andreevmaster.com\/fi\/wp-json\/wp\/v2\/product"}],"about":[{"href":"https:\/\/nordicmart.andreevmaster.com\/fi\/wp-json\/wp\/v2\/types\/product"}],"replies":[{"embeddable":true,"href":"https:\/\/nordicmart.andreevmaster.com\/fi\/wp-json\/wp\/v2\/comments?post=29912"}],"wp:attachment":[{"href":"https:\/\/nordicmart.andreevmaster.com\/fi\/wp-json\/wp\/v2\/media?parent=29912"}],"wp:term":[{"taxonomy":"product_brand","embeddable":true,"href":"https:\/\/nordicmart.andreevmaster.com\/fi\/wp-json\/wp\/v2\/product_brand?post=29912"},{"taxonomy":"product_cat","embeddable":true,"href":"https:\/\/nordicmart.andreevmaster.com\/fi\/wp-json\/wp\/v2\/product_cat?post=29912"},{"taxonomy":"product_tag","embeddable":true,"href":"https:\/\/nordicmart.andreevmaster.com\/fi\/wp-json\/wp\/v2\/product_tag?post=29912"}],"curies":[{"name":"wp","href":"https:\/\/api.w.org\/{rel}","templated":true}]}}