{"id":29911,"date":"2026-02-27T00:08:18","date_gmt":"2026-02-27T00:08:18","guid":{"rendered":"https:\/\/nordicmart.andreevmaster.com\/product\/songmics-housuhenkarit-samettipaallysteella-12-kpln-sarja\/"},"modified":"2026-02-27T09:32:20","modified_gmt":"2026-02-27T09:32:20","slug":"songmics-housuhenkarit-samettipaallysteella-12-kpln-sarja","status":"publish","type":"product","link":"https:\/\/nordicmart.andreevmaster.com\/fi\/tuote\/songmics-housuhenkarit-samettipaallysteella-12-kpln-sarja\/","title":{"rendered":"SONGMICS housuhenkarit samettip\u00e4\u00e4llysteell\u00e4, 12 kpl:n sarja"},"content":{"rendered":"<p>SONGMICS pyrkii tarjoamaan sinulle korkealaatuisia ja k\u00e4yt\u00e4nn\u00f6llisi\u00e4 henkareita. Pyrimme jatkuvasti tekem\u00e4\u00e4n vaatteiden s\u00e4ilytt\u00e4misest\u00e4 mahdollisimman helppoa. Pyrimme jatkuvasti parantamaan tuotteitamme ehdotustesi mukaisesti.K\u00e4yt\u00e4mme aina korkealaatuisia materiaaleja varmistaaksemme tuotteiden hyv\u00e4n laadun. Meille on t\u00e4rke\u00e4\u00e4, ett\u00e4 kaikki asiakkaat l\u00f6yt\u00e4v\u00e4t sopivat henkarit SONGMICS:lt\u00e4. SONGMICS:n henkarit \u2013 jokap\u00e4iv\u00e4iset kumppanit jokaisessa vaatekaapissa Tuotetiedot:V\u00e4ri: vaaleanpunainen Materiaali: ABS-muovi, nailon, sametti Koko per henkari: 42,5 x 0,5 x 23,5 cm (P x L x K) Paino: 1 kg Maks. staattinen kantavuus per henkari: 2,5 kg Toimitus sis\u00e4lt\u00e4\u00e4: 12 x henkari SONGMICS Huomautukset: \u00c4l\u00e4 ripusta m\u00e4rki\u00e4 vaatteita henkareille.Pid\u00e4 tuote poissa l\u00e4mm\u00f6nl\u00e4hteist\u00e4 ja syttymisl\u00e4hteist\u00e4. \u00c4l\u00e4 altista tuotetta suoralle auringonvalolle pitki\u00e4 aikoja.<\/p>\n","protected":false},"excerpt":{"rendered":"<p>SONGMICS 30 kpl housuhenkareita, samettisia, kiinnikkeell\u00e4 ja klipseill\u00e4, ohuet, luistamattomat, tilaa s\u00e4\u00e4st\u00e4v\u00e4t, 360\u00b0 k\u00e4\u00e4ntyv\u00e4t koukut pukuihin, paitoihin, takkeihin ja takkeihin, 42,5 cm, harmaa CRF12V-30<\/p>\n","protected":false},"featured_media":39314,"comment_status":"open","ping_status":"closed","template":"","meta":[],"product_brand":[],"product_cat":[32],"product_tag":[],"class_list":{"0":"post-29911","1":"product","2":"type-product","3":"status-publish","4":"has-post-thumbnail","6":"product_cat-uncategorized-fi","8":"first","9":"instock","10":"shipping-taxable","11":"purchasable","12":"product-type-simple"},"_links":{"self":[{"href":"https:\/\/nordicmart.andreevmaster.com\/fi\/wp-json\/wp\/v2\/product\/29911","targetHints":{"allow":["GET"]}}],"collection":[{"href":"https:\/\/nordicmart.andreevmaster.com\/fi\/wp-json\/wp\/v2\/product"}],"about":[{"href":"https:\/\/nordicmart.andreevmaster.com\/fi\/wp-json\/wp\/v2\/types\/product"}],"replies":[{"embeddable":true,"href":"https:\/\/nordicmart.andreevmaster.com\/fi\/wp-json\/wp\/v2\/comments?post=29911"}],"wp:featuredmedia":[{"embeddable":true,"href":"https:\/\/nordicmart.andreevmaster.com\/fi\/wp-json\/wp\/v2\/media\/39314"}],"wp:attachment":[{"href":"https:\/\/nordicmart.andreevmaster.com\/fi\/wp-json\/wp\/v2\/media?parent=29911"}],"wp:term":[{"taxonomy":"product_brand","embeddable":true,"href":"https:\/\/nordicmart.andreevmaster.com\/fi\/wp-json\/wp\/v2\/product_brand?post=29911"},{"taxonomy":"product_cat","embeddable":true,"href":"https:\/\/nordicmart.andreevmaster.com\/fi\/wp-json\/wp\/v2\/product_cat?post=29911"},{"taxonomy":"product_tag","embeddable":true,"href":"https:\/\/nordicmart.andreevmaster.com\/fi\/wp-json\/wp\/v2\/product_tag?post=29911"}],"curies":[{"name":"wp","href":"https:\/\/api.w.org\/{rel}","templated":true}]}}