{"id":29910,"date":"2026-02-27T00:08:18","date_gmt":"2026-02-27T00:08:18","guid":{"rendered":"https:\/\/nordicmart.andreevmaster.com\/product\/songmics-housuhenkarit-30-kpl-musta\/"},"modified":"2026-02-27T09:32:20","modified_gmt":"2026-02-27T09:32:20","slug":"songmics-housuhenkarit-30-kpl-musta","status":"publish","type":"product","link":"https:\/\/nordicmart.andreevmaster.com\/fi\/tuote\/songmics-housuhenkarit-30-kpl-musta\/","title":{"rendered":"SONGMICS housuhenkarit 30 kpl musta"},"content":{"rendered":"<p>Songmics on t\u00e4ysin sitoutunut tarjoamaan parempia ja laadukkaampia henkareita. Pyrimme jatkuvasti ratkaisemaan kaikenlaisten vaatteiden s\u00e4ilytysongelmat. Pyrimme jatkuvasti parantamaan tuotetta ehdotustenne perusteella. Pyrimme jatkuvasti k\u00e4ytt\u00e4m\u00e4\u00e4n korkealaatuisia materiaaleja parhaan laadun takaamiseksi.Pyrimme aina varmistamaan, ett\u00e4 jokainen l\u00f6yt\u00e4\u00e4 Songmicsilt\u00e4 sopivat henkarit. Songmics-housuhenkarit seuraavat sinua joka puolelle kotia. Tuotetiedot: Kunkin henkarin mitat: 42,5 x 23,5 x 0,5 cm (L x K x S) V\u00e4ri: musta Materiaali: ABS-muovi + sametti Kunkin henkarin kantavuus: 5 kg Puristusvoima: 2,5 kg Nettopaino: 1 kg Bruttopaino: 1,6 kg Toimitus sis\u00e4lt\u00e4\u00e4: 30 x henkari Huomautukset: V\u00e4lt\u00e4 ripustamasta m\u00e4rki\u00e4 vaatteita suoraan henkareille.Pid\u00e4 henkarit poissa syttymisl\u00e4hteist\u00e4, \u00e4l\u00e4 altista henkareita suoralle voimakkaalle auringonvalolle.<\/p>\n","protected":false},"excerpt":{"rendered":"<p>SONGMICS 30 kpl housuhenkareita, samettisia, kiinnikkeell\u00e4 ja klipseill\u00e4, ohuet, luistamattomat, tilaa s\u00e4\u00e4st\u00e4v\u00e4t, 360\u00b0 k\u00e4\u00e4ntyv\u00e4t koukut pukuihin, paitoihin, takkeihin ja takkeihin, 42,5 cm, harmaa CRF12V-30<\/p>\n","protected":false},"featured_media":39313,"comment_status":"open","ping_status":"closed","template":"","meta":[],"product_brand":[],"product_cat":[32],"product_tag":[],"class_list":{"0":"post-29910","1":"product","2":"type-product","3":"status-publish","4":"has-post-thumbnail","6":"product_cat-uncategorized-fi","8":"first","9":"instock","10":"shipping-taxable","11":"purchasable","12":"product-type-simple"},"_links":{"self":[{"href":"https:\/\/nordicmart.andreevmaster.com\/fi\/wp-json\/wp\/v2\/product\/29910","targetHints":{"allow":["GET"]}}],"collection":[{"href":"https:\/\/nordicmart.andreevmaster.com\/fi\/wp-json\/wp\/v2\/product"}],"about":[{"href":"https:\/\/nordicmart.andreevmaster.com\/fi\/wp-json\/wp\/v2\/types\/product"}],"replies":[{"embeddable":true,"href":"https:\/\/nordicmart.andreevmaster.com\/fi\/wp-json\/wp\/v2\/comments?post=29910"}],"wp:featuredmedia":[{"embeddable":true,"href":"https:\/\/nordicmart.andreevmaster.com\/fi\/wp-json\/wp\/v2\/media\/39313"}],"wp:attachment":[{"href":"https:\/\/nordicmart.andreevmaster.com\/fi\/wp-json\/wp\/v2\/media?parent=29910"}],"wp:term":[{"taxonomy":"product_brand","embeddable":true,"href":"https:\/\/nordicmart.andreevmaster.com\/fi\/wp-json\/wp\/v2\/product_brand?post=29910"},{"taxonomy":"product_cat","embeddable":true,"href":"https:\/\/nordicmart.andreevmaster.com\/fi\/wp-json\/wp\/v2\/product_cat?post=29910"},{"taxonomy":"product_tag","embeddable":true,"href":"https:\/\/nordicmart.andreevmaster.com\/fi\/wp-json\/wp\/v2\/product_tag?post=29910"}],"curies":[{"name":"wp","href":"https:\/\/api.w.org\/{rel}","templated":true}]}}