{"id":29909,"date":"2026-02-27T00:08:17","date_gmt":"2026-02-27T00:08:17","guid":{"rendered":"https:\/\/nordicmart.andreevmaster.com\/product\/songmics-housuhenkari-sametti-12-kpl-musta\/"},"modified":"2026-02-27T09:32:20","modified_gmt":"2026-02-27T09:32:20","slug":"songmics-housuhenkari-sametti-12-kpl-musta","status":"publish","type":"product","link":"https:\/\/nordicmart.andreevmaster.com\/fi\/tuote\/songmics-housuhenkari-sametti-12-kpl-musta\/","title":{"rendered":"SONGMICS housuhenkari, sametti, 12 kpl, musta"},"content":{"rendered":"<p>SONGMICS-vaatehenkareiden avulla voit sanoa hyv\u00e4stit kaaokselle vaatekaapissasi. Mustat vaatehenkarit aikuisille, joissa on flokattu pinta, on varustettu joustavilla kiinnikkeill\u00e4, joihin voi ripustaa erilaisia vaatekappaleita, kuten takkeja, hameita, housuja, farkkuja, T-paitoja, huiveja ja solmioita. Musta samettip\u00e4\u00e4llyste tarjoaa paitsi luistamattoman pinnan my\u00f6s koristeellisen ulkon\u00e4\u00f6n. Metallikiinnikkeet ovat kest\u00e4vi\u00e4 ja pitk\u00e4ik\u00e4isi\u00e4, ja PVC-muovilla varustetut kiinnityspalat est\u00e4v\u00e4t vaatteiden liukumisen tai painaumien syntymisen. Kromatun ja 360\u00b0 k\u00e4\u00e4ntyv\u00e4n ripustuskoukun ansiosta vaatteiden ripustaminen ja ottaminen pois on helpompaa. Ohut, 0,5 cm paksu henkari s\u00e4\u00e4st\u00e4\u00e4 my\u00f6s paljon tilaa vaatekaapissasi. Tuotetiedot: &#8211; Kunkin henkarin mitat: 42,5 x 23,5 x 0,5 cm (L x K x S) &#8211; V\u00e4ri: musta &#8211; Materiaali: ABS-muovi + sametti &#8211; Kunkin henkarin kantavuus: 5 kg &#8211; Puristusvoima: 2,5 kg &#8211; Nettopaino: 1 kg &#8211; Bruttopaino: 1,6 kg Toimitus sis\u00e4lt\u00e4\u00e4: &#8211; 12 x henkari  Huomautukset: &#8211; 1. V\u00e4lt\u00e4 ripustamasta m\u00e4rki\u00e4 vaatteita suoraan henkareille. &#8211; 2. Pid\u00e4 henkarit poissa syttymisl\u00e4hteist\u00e4, \u00e4l\u00e4 altista henkareita suoralle voimakkaalle auringonvalolle.<\/p>\n","protected":false},"excerpt":{"rendered":"<p>SONGMICS 30 kpl housuhenkareita, samettisia, kiinnikkeell\u00e4 ja klipseill\u00e4, ohuet, luistamattomat, tilaa s\u00e4\u00e4st\u00e4v\u00e4t, 360\u00b0 k\u00e4\u00e4ntyv\u00e4t koukut pukuihin, paitoihin, takkeihin ja takkeihin, 42,5 cm, harmaa CRF12V-30<\/p>\n","protected":false},"featured_media":39312,"comment_status":"open","ping_status":"closed","template":"","meta":[],"product_brand":[],"product_cat":[32],"product_tag":[],"class_list":{"0":"post-29909","1":"product","2":"type-product","3":"status-publish","4":"has-post-thumbnail","6":"product_cat-uncategorized-fi","8":"first","9":"instock","10":"shipping-taxable","11":"purchasable","12":"product-type-simple"},"_links":{"self":[{"href":"https:\/\/nordicmart.andreevmaster.com\/fi\/wp-json\/wp\/v2\/product\/29909","targetHints":{"allow":["GET"]}}],"collection":[{"href":"https:\/\/nordicmart.andreevmaster.com\/fi\/wp-json\/wp\/v2\/product"}],"about":[{"href":"https:\/\/nordicmart.andreevmaster.com\/fi\/wp-json\/wp\/v2\/types\/product"}],"replies":[{"embeddable":true,"href":"https:\/\/nordicmart.andreevmaster.com\/fi\/wp-json\/wp\/v2\/comments?post=29909"}],"wp:featuredmedia":[{"embeddable":true,"href":"https:\/\/nordicmart.andreevmaster.com\/fi\/wp-json\/wp\/v2\/media\/39312"}],"wp:attachment":[{"href":"https:\/\/nordicmart.andreevmaster.com\/fi\/wp-json\/wp\/v2\/media?parent=29909"}],"wp:term":[{"taxonomy":"product_brand","embeddable":true,"href":"https:\/\/nordicmart.andreevmaster.com\/fi\/wp-json\/wp\/v2\/product_brand?post=29909"},{"taxonomy":"product_cat","embeddable":true,"href":"https:\/\/nordicmart.andreevmaster.com\/fi\/wp-json\/wp\/v2\/product_cat?post=29909"},{"taxonomy":"product_tag","embeddable":true,"href":"https:\/\/nordicmart.andreevmaster.com\/fi\/wp-json\/wp\/v2\/product_tag?post=29909"}],"curies":[{"name":"wp","href":"https:\/\/api.w.org\/{rel}","templated":true}]}}