{"id":29908,"date":"2026-02-27T00:08:17","date_gmt":"2026-02-27T00:08:17","guid":{"rendered":"https:\/\/nordicmart.andreevmaster.com\/product\/songmics-samettihenkari-100-kpl-vaaleanharmaa\/"},"modified":"2026-02-27T09:32:20","modified_gmt":"2026-02-27T09:32:20","slug":"songmics-samettihenkari-100-kpl-vaaleanharmaa","status":"publish","type":"product","link":"https:\/\/nordicmart.andreevmaster.com\/fi\/tuote\/songmics-samettihenkari-100-kpl-vaaleanharmaa\/","title":{"rendered":"SONGMICS samettihenkari 100 kpl vaaleanharmaa"},"content":{"rendered":"<p>Eritt\u00e4in ohut muotoilu, tilaa s\u00e4\u00e4st\u00e4v\u00e4 &#8212; T\u00e4st\u00e4 p\u00e4iv\u00e4st\u00e4 l\u00e4htien sinun ei en\u00e4\u00e4 tarvitse heitt\u00e4\u00e4 vanhoja vaatteitasi pois, jotta saat tilaa uusille. SONGMICS-samettip\u00e4\u00e4llysteisill\u00e4 henkareilla voit hy\u00f6dynt\u00e4\u00e4 vaatekaapin tilan optimaalisesti.Yleisk\u00e4ytt\u00f6inen, eritt\u00e4in k\u00e4yt\u00e4nn\u00f6llinen \u2013 Henkari t\u00e4ytt\u00e4\u00e4 monia tarpeitasi, sill\u00e4 voit ripustaa siihen paitoja, housuja, olkaimettomia toppeja, rintaliivej\u00e4, solmioita, huiveja jne. Se kest\u00e4\u00e4 my\u00f6s raskaat talvitakit. Songmics-henkari, jossa on flokattu pinta, tarjoaa sinulle luistamattoman, tilaa s\u00e4\u00e4st\u00e4v\u00e4n ja kest\u00e4v\u00e4n ratkaisun vaatteiden ripustamiseen. Erilaisten tarpeiden t\u00e4ytt\u00e4miseksi t\u00e4m\u00e4 henkari on suunniteltu monik\u00e4ytt\u00f6iseksi, joten voit ripustaa siihen turvallisesti paitsi takit ja topit my\u00f6s housut ja solmiot.Huomautukset: Ennen k\u00e4ytt\u00f6\u00e4 puhalta hiustenkuivaajalla pinnalla oleva nukka pois (pinnalla oleva nukka voi olla pakkauspussissa tai henkareissa, se on normaalia, \u00e4l\u00e4 huoli).V\u00e4lt\u00e4 ripustimien pitk\u00e4aikaista s\u00e4ilytyst\u00e4 kosteissa ja kuumissa tiloissa. V\u00e4lt\u00e4 ripustamasta m\u00e4rki\u00e4 vaatteita ripustimille.Tuotetiedot: Materiaali: ABS (muovi) + sametti V\u00e4ri: vaaleanharmaa Mitat: 45 x 23,5 x 0,6 cm (L x K x S) Koukun korkeus: 8 cm Koukun aukko: 5,4 cm Toimitus sis\u00e4lt\u00e4\u00e4: 100 x henkari housutangolla<\/p>\n","protected":false},"excerpt":{"rendered":"<p>SONGMICS 100 kpl vaatehenkareita, samettia, henkarisetti liukumattomalla pinnalla, tilaa s\u00e4\u00e4st\u00e4v\u00e4 pukuhenkari, 360\u00b0 k\u00e4\u00e4ntyv\u00e4 metallikoukku, vaaleanharmaa CRF100VX<\/p>\n","protected":false},"featured_media":39311,"comment_status":"open","ping_status":"closed","template":"","meta":[],"product_brand":[],"product_cat":[32],"product_tag":[],"class_list":{"0":"post-29908","1":"product","2":"type-product","3":"status-publish","4":"has-post-thumbnail","6":"product_cat-uncategorized-fi","8":"first","9":"instock","10":"shipping-taxable","11":"purchasable","12":"product-type-simple"},"_links":{"self":[{"href":"https:\/\/nordicmart.andreevmaster.com\/fi\/wp-json\/wp\/v2\/product\/29908","targetHints":{"allow":["GET"]}}],"collection":[{"href":"https:\/\/nordicmart.andreevmaster.com\/fi\/wp-json\/wp\/v2\/product"}],"about":[{"href":"https:\/\/nordicmart.andreevmaster.com\/fi\/wp-json\/wp\/v2\/types\/product"}],"replies":[{"embeddable":true,"href":"https:\/\/nordicmart.andreevmaster.com\/fi\/wp-json\/wp\/v2\/comments?post=29908"}],"wp:featuredmedia":[{"embeddable":true,"href":"https:\/\/nordicmart.andreevmaster.com\/fi\/wp-json\/wp\/v2\/media\/39311"}],"wp:attachment":[{"href":"https:\/\/nordicmart.andreevmaster.com\/fi\/wp-json\/wp\/v2\/media?parent=29908"}],"wp:term":[{"taxonomy":"product_brand","embeddable":true,"href":"https:\/\/nordicmart.andreevmaster.com\/fi\/wp-json\/wp\/v2\/product_brand?post=29908"},{"taxonomy":"product_cat","embeddable":true,"href":"https:\/\/nordicmart.andreevmaster.com\/fi\/wp-json\/wp\/v2\/product_cat?post=29908"},{"taxonomy":"product_tag","embeddable":true,"href":"https:\/\/nordicmart.andreevmaster.com\/fi\/wp-json\/wp\/v2\/product_tag?post=29908"}],"curies":[{"name":"wp","href":"https:\/\/api.w.org\/{rel}","templated":true}]}}