{"id":29901,"date":"2026-02-27T00:08:16","date_gmt":"2026-02-27T00:08:16","guid":{"rendered":"https:\/\/nordicmart.andreevmaster.com\/product\/songmics-vauvan-vaatehenkari-50-kpln-sarja-28-x-175-cm-kyyhkynharmaa\/"},"modified":"2026-02-27T09:32:19","modified_gmt":"2026-02-27T09:32:19","slug":"songmics-vauvan-vaatehenkari-50-kpln-sarja-28-x-175-cm-kyyhkynharmaa","status":"publish","type":"product","link":"https:\/\/nordicmart.andreevmaster.com\/fi\/tuote\/songmics-vauvan-vaatehenkari-50-kpln-sarja-28-x-175-cm-kyyhkynharmaa\/","title":{"rendered":"SONGMICS Vauvan vaatehenkari 50 kpl:n sarja 28 x 17,5 cm kyyhkynharmaa"},"content":{"rendered":"<p>SONGMICS vauvanvaatehenkari 50 kpl:n sarja, 28 x 17,5 cm, lastenvaatehenkari vaatekaappiin, samettinen, luistamaton, lastenvaatehenkari, tilaa s\u00e4\u00e4st\u00e4v\u00e4, leve\u00e4t olkap\u00e4\u00e4t, kyyhkynharmaa CRF037G01<br \/>\nV\u00e4ri: kyyhkynharmaa<br \/>\nMateriaali: ABS-muovi, sametti, metallikoukku<br \/>\nKoko per henkari: 28 x 17,5 cm (L x K)<br \/>\n50 henkarin paino: 1,9 kg<br \/>\nHenkarin maks. staattinen kantavuus: 5 kg<\/p>\n","protected":false},"excerpt":{"rendered":"<p>SONGMICS vauvanvaatehenkari 50 kpl:n sarja, 28 x 17,5 cm, lastenvaatehenkari vaatekaappiin, samettinen, luistamaton, lastenvaatehenkari, tilaa s\u00e4\u00e4st\u00e4v\u00e4, leve\u00e4t olkap\u00e4\u00e4t, kyyhkynharmaa CRF037G01<\/p>\n","protected":false},"featured_media":39304,"comment_status":"open","ping_status":"closed","template":"","meta":[],"product_brand":[],"product_cat":[32],"product_tag":[],"class_list":{"0":"post-29901","1":"product","2":"type-product","3":"status-publish","4":"has-post-thumbnail","6":"product_cat-uncategorized-fi","8":"first","9":"instock","10":"shipping-taxable","11":"purchasable","12":"product-type-simple"},"_links":{"self":[{"href":"https:\/\/nordicmart.andreevmaster.com\/fi\/wp-json\/wp\/v2\/product\/29901","targetHints":{"allow":["GET"]}}],"collection":[{"href":"https:\/\/nordicmart.andreevmaster.com\/fi\/wp-json\/wp\/v2\/product"}],"about":[{"href":"https:\/\/nordicmart.andreevmaster.com\/fi\/wp-json\/wp\/v2\/types\/product"}],"replies":[{"embeddable":true,"href":"https:\/\/nordicmart.andreevmaster.com\/fi\/wp-json\/wp\/v2\/comments?post=29901"}],"wp:featuredmedia":[{"embeddable":true,"href":"https:\/\/nordicmart.andreevmaster.com\/fi\/wp-json\/wp\/v2\/media\/39304"}],"wp:attachment":[{"href":"https:\/\/nordicmart.andreevmaster.com\/fi\/wp-json\/wp\/v2\/media?parent=29901"}],"wp:term":[{"taxonomy":"product_brand","embeddable":true,"href":"https:\/\/nordicmart.andreevmaster.com\/fi\/wp-json\/wp\/v2\/product_brand?post=29901"},{"taxonomy":"product_cat","embeddable":true,"href":"https:\/\/nordicmart.andreevmaster.com\/fi\/wp-json\/wp\/v2\/product_cat?post=29901"},{"taxonomy":"product_tag","embeddable":true,"href":"https:\/\/nordicmart.andreevmaster.com\/fi\/wp-json\/wp\/v2\/product_tag?post=29901"}],"curies":[{"name":"wp","href":"https:\/\/api.w.org\/{rel}","templated":true}]}}