{"id":29896,"date":"2026-02-27T00:08:15","date_gmt":"2026-02-27T00:08:15","guid":{"rendered":"https:\/\/nordicmart.andreevmaster.com\/product\/songmics-vaatehenkari-sametti-50-kpln-sarja-tilaa-saastava-harmaa\/"},"modified":"2026-02-27T09:32:18","modified_gmt":"2026-02-27T09:32:18","slug":"songmics-vaatehenkari-sametti-50-kpln-sarja-tilaa-saastava-harmaa","status":"publish","type":"product","link":"https:\/\/nordicmart.andreevmaster.com\/fi\/tuote\/songmics-vaatehenkari-sametti-50-kpln-sarja-tilaa-saastava-harmaa\/","title":{"rendered":"SONGMICS vaatehenkari sametti 50 kpl:n sarja tilaa s\u00e4\u00e4st\u00e4v\u00e4 harmaa"},"content":{"rendered":"<p>SONGMICS vaatehenkari, sametti, 30 kpl:n sarja, henkari, luistamaton, olkap\u00e4\u00e4alueella lovet, housujen kiinnityskohta, 360\u00b0 k\u00e4\u00e4ntyv\u00e4 koukku, tilaa s\u00e4\u00e4st\u00e4v\u00e4, paksuus 0,6 cm, pituus 43 cm, musta CRF029B03<br \/>\nV\u00e4ri: harmaa<br \/>\nMateriaali: sametti, ABS-muovi, metallikoukku<br \/>\nKoko per henkari: 43 x 22 cm (L x K)<br \/>\n50 henkarin paino: 3,7 kg<br \/>\nHenkarin maks. staattinen kantavuus: 5 kg<\/p>\n","protected":false},"excerpt":{"rendered":"<p>SONGMICS vaatehenkari, sametti, 30 kpl:n sarja, henkari, luistamaton, olkap\u00e4\u00e4alueella lovet, housujen kiinnityskohta, 360\u00b0 k\u00e4\u00e4ntyv\u00e4 koukku, tilaa s\u00e4\u00e4st\u00e4v\u00e4, paksuus 0,6 cm, pituus 43 cm, musta CRF029B03<\/p>\n","protected":false},"featured_media":39299,"comment_status":"open","ping_status":"closed","template":"","meta":[],"product_brand":[],"product_cat":[32],"product_tag":[],"class_list":{"0":"post-29896","1":"product","2":"type-product","3":"status-publish","4":"has-post-thumbnail","6":"product_cat-uncategorized-fi","8":"first","9":"instock","10":"shipping-taxable","11":"purchasable","12":"product-type-simple"},"_links":{"self":[{"href":"https:\/\/nordicmart.andreevmaster.com\/fi\/wp-json\/wp\/v2\/product\/29896","targetHints":{"allow":["GET"]}}],"collection":[{"href":"https:\/\/nordicmart.andreevmaster.com\/fi\/wp-json\/wp\/v2\/product"}],"about":[{"href":"https:\/\/nordicmart.andreevmaster.com\/fi\/wp-json\/wp\/v2\/types\/product"}],"replies":[{"embeddable":true,"href":"https:\/\/nordicmart.andreevmaster.com\/fi\/wp-json\/wp\/v2\/comments?post=29896"}],"wp:featuredmedia":[{"embeddable":true,"href":"https:\/\/nordicmart.andreevmaster.com\/fi\/wp-json\/wp\/v2\/media\/39299"}],"wp:attachment":[{"href":"https:\/\/nordicmart.andreevmaster.com\/fi\/wp-json\/wp\/v2\/media?parent=29896"}],"wp:term":[{"taxonomy":"product_brand","embeddable":true,"href":"https:\/\/nordicmart.andreevmaster.com\/fi\/wp-json\/wp\/v2\/product_brand?post=29896"},{"taxonomy":"product_cat","embeddable":true,"href":"https:\/\/nordicmart.andreevmaster.com\/fi\/wp-json\/wp\/v2\/product_cat?post=29896"},{"taxonomy":"product_tag","embeddable":true,"href":"https:\/\/nordicmart.andreevmaster.com\/fi\/wp-json\/wp\/v2\/product_tag?post=29896"}],"curies":[{"name":"wp","href":"https:\/\/api.w.org\/{rel}","templated":true}]}}