{"id":29891,"date":"2026-02-27T00:08:14","date_gmt":"2026-02-27T00:08:14","guid":{"rendered":"https:\/\/nordicmart.andreevmaster.com\/product\/songmics-lasten-vaatehenkari-50-kpln-sarja-360-kaantyvilla-koukkuilla-mansikanpunainen\/"},"modified":"2026-02-27T09:32:17","modified_gmt":"2026-02-27T09:32:17","slug":"songmics-lasten-vaatehenkari-50-kpln-sarja-360-kaantyvilla-koukkuilla-mansikanpunainen","status":"publish","type":"product","link":"https:\/\/nordicmart.andreevmaster.com\/fi\/tuote\/songmics-lasten-vaatehenkari-50-kpln-sarja-360-kaantyvilla-koukkuilla-mansikanpunainen\/","title":{"rendered":"SONGMICS lasten vaatehenkari 50 kpl:n sarja, 360\u00b0 k\u00e4\u00e4ntyvill\u00e4 koukkuilla, mansikanpunainen"},"content":{"rendered":"<p>SONGMICS lasten henkarit, 50 kpl:n sarja, samettiset henkarit ros\u00e9gold-koukulla, luistamattomat, vaatekaappiin, lastenvaatteille, vauvanvaatteille, hameille ja housuille, vaaleanpunaiset CRF027P01<br \/>\nV\u00e4ri: mansikanpunainen<br \/>\nMateriaali: ABS-muovi, sametti, metallikoukut<br \/>\nKoko per henkari: 30 x 20,5 cm (L x K)<br \/>\n50 ripustimen paino: 2,4 kg<br \/>\nHenkarin maks. staattinen kantavuus: 3 kg<\/p>\n","protected":false},"excerpt":{"rendered":"<p>SONGMICS lasten henkarit, 50 kpl:n sarja, samettiset henkarit ros\u00e9gold-koukulla, luistamattomat, vaatekaappiin, lastenvaatteille, vauvanvaatteille, hameille ja housuille, vaaleanpunaiset CRF027P01<\/p>\n","protected":false},"featured_media":39294,"comment_status":"open","ping_status":"closed","template":"","meta":[],"product_brand":[],"product_cat":[32],"product_tag":[],"class_list":{"0":"post-29891","1":"product","2":"type-product","3":"status-publish","4":"has-post-thumbnail","6":"product_cat-uncategorized-fi","8":"first","9":"instock","10":"shipping-taxable","11":"purchasable","12":"product-type-simple"},"_links":{"self":[{"href":"https:\/\/nordicmart.andreevmaster.com\/fi\/wp-json\/wp\/v2\/product\/29891","targetHints":{"allow":["GET"]}}],"collection":[{"href":"https:\/\/nordicmart.andreevmaster.com\/fi\/wp-json\/wp\/v2\/product"}],"about":[{"href":"https:\/\/nordicmart.andreevmaster.com\/fi\/wp-json\/wp\/v2\/types\/product"}],"replies":[{"embeddable":true,"href":"https:\/\/nordicmart.andreevmaster.com\/fi\/wp-json\/wp\/v2\/comments?post=29891"}],"wp:featuredmedia":[{"embeddable":true,"href":"https:\/\/nordicmart.andreevmaster.com\/fi\/wp-json\/wp\/v2\/media\/39294"}],"wp:attachment":[{"href":"https:\/\/nordicmart.andreevmaster.com\/fi\/wp-json\/wp\/v2\/media?parent=29891"}],"wp:term":[{"taxonomy":"product_brand","embeddable":true,"href":"https:\/\/nordicmart.andreevmaster.com\/fi\/wp-json\/wp\/v2\/product_brand?post=29891"},{"taxonomy":"product_cat","embeddable":true,"href":"https:\/\/nordicmart.andreevmaster.com\/fi\/wp-json\/wp\/v2\/product_cat?post=29891"},{"taxonomy":"product_tag","embeddable":true,"href":"https:\/\/nordicmart.andreevmaster.com\/fi\/wp-json\/wp\/v2\/product_tag?post=29891"}],"curies":[{"name":"wp","href":"https:\/\/api.w.org\/{rel}","templated":true}]}}