{"id":29888,"date":"2026-02-27T00:08:13","date_gmt":"2026-02-27T00:08:13","guid":{"rendered":"https:\/\/nordicmart.andreevmaster.com\/product\/songmics-lasten-vaatehenkari-50-kpln-sarja\/"},"modified":"2026-02-27T09:32:17","modified_gmt":"2026-02-27T09:32:17","slug":"songmics-lasten-vaatehenkari-50-kpln-sarja","status":"publish","type":"product","link":"https:\/\/nordicmart.andreevmaster.com\/fi\/tuote\/songmics-lasten-vaatehenkari-50-kpln-sarja\/","title":{"rendered":"SONGMICS lasten vaatehenkari 50 kpl:n sarja"},"content":{"rendered":"<p>&#8221;Is\u00e4! \u00c4iti! En l\u00f6yd\u00e4 lempipaitaani!&#8221; Jos t\u00e4m\u00e4 tilanne kuulostaa tutulta, SONGMICS:n 50 kappaleen lastenvaatehenkareiden sarja, jonka mitat ovat 30 x 0,5 x 20,5 cm, on juuri sinulle sopiva. K\u00e4yt\u00e4nn\u00f6llinen apulainen arkeen: n\u00e4iden henkareiden p\u00e4\u00e4t ovat kaarevat, joten ne sopivat erinomaisesti T-paitoihin ja paitoihin, joihin ne eiv\u00e4t j\u00e4t\u00e4 h\u00e4iritsevi\u00e4 painaumia. Olkap\u00e4\u00e4alueella olevien lovien ansiosta henkarit sopivat my\u00f6s olkaimettomien toppien ja aluspaitojen ripustamiseen. Luistamaton pinta: Pinta on lis\u00e4ksi p\u00e4\u00e4llystetty korkealaatuisella sametilla, joka ei nukkaannu ja est\u00e4\u00e4 vaatteita liukumasta. Vihdoin jokaisella vaatekappaleella on oma mukava kotipaikkansa! Anna lastesi p\u00e4\u00e4tt\u00e4\u00e4: ohuet henkarit s\u00e4\u00e4st\u00e4v\u00e4t tilaa ja pit\u00e4v\u00e4t vaatekaapin j\u00e4rjestyksess\u00e4. 360\u00b0 k\u00e4\u00e4ntyv\u00e4t metallikoukut auttavat sinua asettamaan henkarit tarpeidesi mukaan. Jopa lapset ovat innoissaan siististi vierekk\u00e4in roikkuvista vaatteistaan, sill\u00e4 nyt he voivat vihdoin valita asunsa itse. Tuotetiedot:- V\u00e4ri: vaaleanpunainen &#8211; Materiaali: ABS-muovi, sametti, metallikoukut &#8211; Koko per henkari: 30 x 0,5 x 20,5 cm (P x L x K) &#8211; Paino per henkari: 48 g &#8211; Maks. staattinen kantavuus per henkari: 3 kg Toimitus sis\u00e4lt\u00e4\u00e4: &#8211; 50 x lastenvaatehenkari SONGMICS Huomautukset:- Tuote sopii 0\u20136-vuotiaiden lasten vaatteille. &#8211; \u00c4l\u00e4 ripusta henkareille vaatteita, jotka ylitt\u00e4v\u00e4t maksimaalisen kantokyvyn. &#8211; \u00c4l\u00e4 ripusta henkareille m\u00e4rki\u00e4 vaatteita. &#8211; \u00c4l\u00e4 k\u00e4yt\u00e4 n\u00e4it\u00e4 henkareita kuivausrummussa.<\/p>\n","protected":false},"excerpt":{"rendered":"<p>SONGMICS lasten henkarit, 50 kpl:n sarja, samettiset henkarit ros\u00e9gold-koukulla, luistamattomat, vaatekaappiin, lastenvaatteille, vauvanvaatteille, hameille ja housuille, vaaleanpunaiset CRF027P01<\/p>\n","protected":false},"featured_media":39291,"comment_status":"open","ping_status":"closed","template":"","meta":[],"product_brand":[],"product_cat":[32],"product_tag":[],"class_list":{"0":"post-29888","1":"product","2":"type-product","3":"status-publish","4":"has-post-thumbnail","6":"product_cat-uncategorized-fi","8":"first","9":"instock","10":"shipping-taxable","11":"purchasable","12":"product-type-simple"},"_links":{"self":[{"href":"https:\/\/nordicmart.andreevmaster.com\/fi\/wp-json\/wp\/v2\/product\/29888","targetHints":{"allow":["GET"]}}],"collection":[{"href":"https:\/\/nordicmart.andreevmaster.com\/fi\/wp-json\/wp\/v2\/product"}],"about":[{"href":"https:\/\/nordicmart.andreevmaster.com\/fi\/wp-json\/wp\/v2\/types\/product"}],"replies":[{"embeddable":true,"href":"https:\/\/nordicmart.andreevmaster.com\/fi\/wp-json\/wp\/v2\/comments?post=29888"}],"wp:featuredmedia":[{"embeddable":true,"href":"https:\/\/nordicmart.andreevmaster.com\/fi\/wp-json\/wp\/v2\/media\/39291"}],"wp:attachment":[{"href":"https:\/\/nordicmart.andreevmaster.com\/fi\/wp-json\/wp\/v2\/media?parent=29888"}],"wp:term":[{"taxonomy":"product_brand","embeddable":true,"href":"https:\/\/nordicmart.andreevmaster.com\/fi\/wp-json\/wp\/v2\/product_brand?post=29888"},{"taxonomy":"product_cat","embeddable":true,"href":"https:\/\/nordicmart.andreevmaster.com\/fi\/wp-json\/wp\/v2\/product_cat?post=29888"},{"taxonomy":"product_tag","embeddable":true,"href":"https:\/\/nordicmart.andreevmaster.com\/fi\/wp-json\/wp\/v2\/product_tag?post=29888"}],"curies":[{"name":"wp","href":"https:\/\/api.w.org\/{rel}","templated":true}]}}