{"id":29881,"date":"2026-02-27T00:08:12","date_gmt":"2026-02-27T00:08:12","guid":{"rendered":"https:\/\/nordicmart.andreevmaster.com\/product\/songmics-vaatehenkari-20-kpln-sarja-valkoinen\/"},"modified":"2026-02-27T09:32:16","modified_gmt":"2026-02-27T09:32:16","slug":"songmics-vaatehenkari-20-kpln-sarja-valkoinen","status":"publish","type":"product","link":"https:\/\/nordicmart.andreevmaster.com\/fi\/tuote\/songmics-vaatehenkari-20-kpln-sarja-valkoinen\/","title":{"rendered":"SONGMICS vaatehenkari 20 kpl:n sarja, valkoinen"},"content":{"rendered":"<p>&#8221;V\u00e4hemm\u00e4n on enemm\u00e4n&#8221; -filosofia vaatekaapissa Ohut henkarit ovat helpoin tapa sijoittaa enemm\u00e4n vaatteita. Jos ne tarjoavat erinomaisen valikoiman, et voisi l\u00f6yt\u00e4\u00e4 parempaa vaihtoehtoa. Kuten n\u00e4m\u00e4 SONGMICS-samettiset henkarit, jotka ovat vain 0,5 cm paksuja ja kantavat kukin 5 kg, ne hy\u00f6dynt\u00e4v\u00e4t vaatekaapin tilan parhaalla mahdollisella tavalla ja viev\u00e4t v\u00e4hemm\u00e4n tilaa. Huolelliset yksityiskohdat jokaiselle vaatekappaleelle Jopa herkimm\u00e4tkin silkkihameet eiv\u00e4t luiskahda pehmeilt\u00e4 ja luistamattomilta samettisilta; paidat eiv\u00e4t j\u00e4t\u00e4 \u00e4rsytt\u00e4vi\u00e4 j\u00e4lki\u00e4 ergonomisen olkap\u00e4\u00e4muotoilun ansiosta; olkaimelliset mekot istuvat hyvin uriin; 360\u00b0 k\u00e4\u00e4ntyv\u00e4t koukut ovat helppoja, jos ne ripustetaan v\u00e4\u00e4r\u00e4\u00e4n suuntaan. Lyhyesti sanottuna, jokaiselle l\u00f6ytyy jotain! Tekniset tiedot: &#8211; V\u00e4ri: valkoinen &#8211; Materiaali: ABS-muovi, sametti, metallikoukku &#8211; Mitat: 42 x 0,5 x 21,5 cm (pituus x leveys x korkeus) &#8211; Kunkin henkarin paino: 68 g &#8211; Suurin staattinen kantavuus: 5 kg per henkari Pakkauksen sis\u00e4lt\u00f6: &#8211; 20 x samettinen henkari SONGMICS:n huomautukset: &#8211; \u00c4l\u00e4 k\u00e4yt\u00e4 tuotetta pesukoneessa tai kuivausrummussa. &#8211; \u00c4l\u00e4 ylikuormita tuotetta.<\/p>\n","protected":false},"excerpt":{"rendered":"<p>SONGMICS-vaatehenkari, sametti, 20 kpl:n sarja, takkipidike, luistamaton pinta, pituus 42 cm, pukupidike, ohut, kest\u00e4v\u00e4, 360\u00b0 k\u00e4\u00e4ntyv\u00e4 koukku, ruusukulta, takkeja varten, musta CRF026B01<\/p>\n","protected":false},"featured_media":39284,"comment_status":"open","ping_status":"closed","template":"","meta":[],"product_brand":[],"product_cat":[32],"product_tag":[],"class_list":{"0":"post-29881","1":"product","2":"type-product","3":"status-publish","4":"has-post-thumbnail","6":"product_cat-uncategorized-fi","8":"first","9":"instock","10":"shipping-taxable","11":"purchasable","12":"product-type-simple"},"_links":{"self":[{"href":"https:\/\/nordicmart.andreevmaster.com\/fi\/wp-json\/wp\/v2\/product\/29881","targetHints":{"allow":["GET"]}}],"collection":[{"href":"https:\/\/nordicmart.andreevmaster.com\/fi\/wp-json\/wp\/v2\/product"}],"about":[{"href":"https:\/\/nordicmart.andreevmaster.com\/fi\/wp-json\/wp\/v2\/types\/product"}],"replies":[{"embeddable":true,"href":"https:\/\/nordicmart.andreevmaster.com\/fi\/wp-json\/wp\/v2\/comments?post=29881"}],"wp:featuredmedia":[{"embeddable":true,"href":"https:\/\/nordicmart.andreevmaster.com\/fi\/wp-json\/wp\/v2\/media\/39284"}],"wp:attachment":[{"href":"https:\/\/nordicmart.andreevmaster.com\/fi\/wp-json\/wp\/v2\/media?parent=29881"}],"wp:term":[{"taxonomy":"product_brand","embeddable":true,"href":"https:\/\/nordicmart.andreevmaster.com\/fi\/wp-json\/wp\/v2\/product_brand?post=29881"},{"taxonomy":"product_cat","embeddable":true,"href":"https:\/\/nordicmart.andreevmaster.com\/fi\/wp-json\/wp\/v2\/product_cat?post=29881"},{"taxonomy":"product_tag","embeddable":true,"href":"https:\/\/nordicmart.andreevmaster.com\/fi\/wp-json\/wp\/v2\/product_tag?post=29881"}],"curies":[{"name":"wp","href":"https:\/\/api.w.org\/{rel}","templated":true}]}}