{"id":29879,"date":"2026-02-27T00:08:11","date_gmt":"2026-02-27T00:08:11","guid":{"rendered":"https:\/\/nordicmart.andreevmaster.com\/product\/songmics-vaatehenkari-sametti-20-kpln-sarja-musta\/"},"modified":"2026-02-27T09:32:15","modified_gmt":"2026-02-27T09:32:15","slug":"songmics-vaatehenkari-sametti-20-kpln-sarja-musta","status":"publish","type":"product","link":"https:\/\/nordicmart.andreevmaster.com\/fi\/tuote\/songmics-vaatehenkari-sametti-20-kpln-sarja-musta\/","title":{"rendered":"SONGMICS vaatehenkari, sametti, 20 kpl:n sarja, musta"},"content":{"rendered":"<p>SONGMICS-vaatehenkari, sametti, 20 kpl:n sarja, takkipidike, luistamaton pinta, pituus 42 cm, pukupidike, ohut, kest\u00e4v\u00e4, 360\u00b0 k\u00e4\u00e4ntyv\u00e4 koukku, ruusukulta, takkeja varten, musta CRF026B01<br \/>\nV\u00e4ri: vaaleanpunainen<br \/>\nMateriaali: ABS-muovi, sametti, metallinen koukku<br \/>\nKoko: 42 x 0,5 x 21,5 cm (P x L x K)<br \/>\nPaino per henkari: 68 g<br \/>\nHenkarin maks. staattinen kantavuus: 5 kg<\/p>\n","protected":false},"excerpt":{"rendered":"<p>SONGMICS-vaatehenkari, sametti, 20 kpl:n sarja, takkipidike, luistamaton pinta, pituus 42 cm, pukupidike, ohut, kest\u00e4v\u00e4, 360\u00b0 k\u00e4\u00e4ntyv\u00e4 koukku, ruusukulta, takkeja varten, musta CRF026B01<\/p>\n","protected":false},"featured_media":39282,"comment_status":"open","ping_status":"closed","template":"","meta":[],"product_brand":[],"product_cat":[32],"product_tag":[],"class_list":{"0":"post-29879","1":"product","2":"type-product","3":"status-publish","4":"has-post-thumbnail","6":"product_cat-uncategorized-fi","8":"first","9":"instock","10":"shipping-taxable","11":"purchasable","12":"product-type-simple"},"_links":{"self":[{"href":"https:\/\/nordicmart.andreevmaster.com\/fi\/wp-json\/wp\/v2\/product\/29879","targetHints":{"allow":["GET"]}}],"collection":[{"href":"https:\/\/nordicmart.andreevmaster.com\/fi\/wp-json\/wp\/v2\/product"}],"about":[{"href":"https:\/\/nordicmart.andreevmaster.com\/fi\/wp-json\/wp\/v2\/types\/product"}],"replies":[{"embeddable":true,"href":"https:\/\/nordicmart.andreevmaster.com\/fi\/wp-json\/wp\/v2\/comments?post=29879"}],"wp:featuredmedia":[{"embeddable":true,"href":"https:\/\/nordicmart.andreevmaster.com\/fi\/wp-json\/wp\/v2\/media\/39282"}],"wp:attachment":[{"href":"https:\/\/nordicmart.andreevmaster.com\/fi\/wp-json\/wp\/v2\/media?parent=29879"}],"wp:term":[{"taxonomy":"product_brand","embeddable":true,"href":"https:\/\/nordicmart.andreevmaster.com\/fi\/wp-json\/wp\/v2\/product_brand?post=29879"},{"taxonomy":"product_cat","embeddable":true,"href":"https:\/\/nordicmart.andreevmaster.com\/fi\/wp-json\/wp\/v2\/product_cat?post=29879"},{"taxonomy":"product_tag","embeddable":true,"href":"https:\/\/nordicmart.andreevmaster.com\/fi\/wp-json\/wp\/v2\/product_tag?post=29879"}],"curies":[{"name":"wp","href":"https:\/\/api.w.org\/{rel}","templated":true}]}}