{"id":29878,"date":"2026-02-27T00:08:11","date_gmt":"2026-02-27T00:08:11","guid":{"rendered":"https:\/\/nordicmart.andreevmaster.com\/product\/songmics-vaatehenkari-50-kpln-sarja-valkoista-samettia\/"},"modified":"2026-02-27T09:32:15","modified_gmt":"2026-02-27T09:32:15","slug":"songmics-vaatehenkari-50-kpln-sarja-valkoista-samettia","status":"publish","type":"product","link":"https:\/\/nordicmart.andreevmaster.com\/fi\/tuote\/songmics-vaatehenkari-50-kpln-sarja-valkoista-samettia\/","title":{"rendered":"SONGMICS-vaatehenkari, 50 kpl:n sarja, valkoista samettia"},"content":{"rendered":"<p>Henkarit, jotka ovat n\u00e4enn\u00e4isesti arkisia tarvikkeita, helpottavat arkeasi huomattavasti. SONGMICS-henkareiden yksinkertainen ja k\u00e4yt\u00e4nn\u00f6llinen muotoilu auttaa sinua j\u00e4rjest\u00e4m\u00e4\u00e4n vaatekaappisi kuntoon. N\u00e4in aamuisin vaatteiden valitseminen on taas hauskaa! Kaksinkertaista vaatekaappisi tila Verrattuna putkikaapuihin n\u00e4m\u00e4 0,6 cm ohuet samettikaaput viev\u00e4t v\u00e4hemm\u00e4n tilaa, joten voit sijoittaa vaatekaappiisi kaksinkertaisen m\u00e4\u00e4r\u00e4n vaatteita. T\u00e4ydellinen ratkaisu pieniin vaatekaappeihin! Vahvat, mutta my\u00f6s hell\u00e4varaiset N\u00e4m\u00e4 takkikaaput ovat riitt\u00e4v\u00e4n vahvat kest\u00e4m\u00e4\u00e4n jopa raskaiden talvitakkien painon. Mutta niill\u00e4 on my\u00f6s hell\u00e4varainen puoli \u2013 niiden miellytt\u00e4v\u00e4n pehme\u00e4n pinnan ansiosta jopa hienoimmat vaatteesi pysyv\u00e4t siistein\u00e4 ja rypistym\u00e4tt\u00f6min\u00e4. N\u00e4m\u00e4 50 v\u00e4rikk\u00e4it\u00e4 henkaria eiv\u00e4t vain n\u00e4yt\u00e4 hyv\u00e4lt\u00e4, vaan ovat my\u00f6s k\u00e4yt\u00e4nn\u00f6llisi\u00e4 apulaisia arjessa. T\u00e4nne mahtuu koko asu N\u00e4ille henkareille voit ripustaa paitsi takit, paidat ja villapaidat, my\u00f6s solmiot, vy\u00f6t ja huivit pienen keskipalkin ansiosta. Housut voit ripustaa tukevalle poikkipalkille. Tuotetiedot: &#8211; V\u00e4ri: valkoinen &#8211; Materiaali: sametti, ABS-muovi, metallikoukku &#8211; Koko per henkari: 45 x 0,6 x 23,5 cm (P x L x K) &#8211; Paino per henkari: 78 g &#8211; Maks. staattinen kantavuus per henkari: 5 kg Toimitus sis\u00e4lt\u00e4\u00e4: &#8211; 50 x samettinen henkari SONGMICS Huomautukset:- \u00c4l\u00e4 ripusta m\u00e4rki\u00e4 vaatteita henkareille. &#8211; Pid\u00e4 henkarit poissa l\u00e4mm\u00f6nl\u00e4hteist\u00e4 ja syttymisl\u00e4hteist\u00e4. &#8211; \u00c4l\u00e4 k\u00e4yt\u00e4 henkareita korkeassa l\u00e4mp\u00f6tilassa tai kosteassa ymp\u00e4rist\u00f6ss\u00e4. &#8211; H&#038;<\/p>\n","protected":false},"excerpt":{"rendered":"<p>SONGMICS samettinen vaatehenkari, 50 kpl, luistamaton, takkihenkkari, k\u00e4\u00e4ntyv\u00e4 koukku ruusukullassa, paksuus 0,6 cm, tilaa s\u00e4\u00e4st\u00e4v\u00e4, pituus 45 cm, takkeihin, paitoihin, hameisiin, housuihin, solmioihin, valkoinen CRF021W02<\/p>\n","protected":false},"featured_media":39281,"comment_status":"open","ping_status":"closed","template":"","meta":[],"product_brand":[],"product_cat":[32],"product_tag":[],"class_list":{"0":"post-29878","1":"product","2":"type-product","3":"status-publish","4":"has-post-thumbnail","6":"product_cat-uncategorized-fi","8":"first","9":"instock","10":"shipping-taxable","11":"purchasable","12":"product-type-simple"},"_links":{"self":[{"href":"https:\/\/nordicmart.andreevmaster.com\/fi\/wp-json\/wp\/v2\/product\/29878","targetHints":{"allow":["GET"]}}],"collection":[{"href":"https:\/\/nordicmart.andreevmaster.com\/fi\/wp-json\/wp\/v2\/product"}],"about":[{"href":"https:\/\/nordicmart.andreevmaster.com\/fi\/wp-json\/wp\/v2\/types\/product"}],"replies":[{"embeddable":true,"href":"https:\/\/nordicmart.andreevmaster.com\/fi\/wp-json\/wp\/v2\/comments?post=29878"}],"wp:featuredmedia":[{"embeddable":true,"href":"https:\/\/nordicmart.andreevmaster.com\/fi\/wp-json\/wp\/v2\/media\/39281"}],"wp:attachment":[{"href":"https:\/\/nordicmart.andreevmaster.com\/fi\/wp-json\/wp\/v2\/media?parent=29878"}],"wp:term":[{"taxonomy":"product_brand","embeddable":true,"href":"https:\/\/nordicmart.andreevmaster.com\/fi\/wp-json\/wp\/v2\/product_brand?post=29878"},{"taxonomy":"product_cat","embeddable":true,"href":"https:\/\/nordicmart.andreevmaster.com\/fi\/wp-json\/wp\/v2\/product_cat?post=29878"},{"taxonomy":"product_tag","embeddable":true,"href":"https:\/\/nordicmart.andreevmaster.com\/fi\/wp-json\/wp\/v2\/product_tag?post=29878"}],"curies":[{"name":"wp","href":"https:\/\/api.w.org\/{rel}","templated":true}]}}