{"id":29873,"date":"2026-02-27T00:08:10","date_gmt":"2026-02-27T00:08:10","guid":{"rendered":"https:\/\/nordicmart.andreevmaster.com\/product\/songmics-henkaripakkaus-50-kpl-pituus-435-cm-musta\/"},"modified":"2026-02-27T09:32:15","modified_gmt":"2026-02-27T09:32:15","slug":"songmics-henkaripakkaus-50-kpl-pituus-435-cm-musta","status":"publish","type":"product","link":"https:\/\/nordicmart.andreevmaster.com\/fi\/tuote\/songmics-henkaripakkaus-50-kpl-pituus-435-cm-musta\/","title":{"rendered":"SONGMICS henkaripakkaus, 50 kpl, pituus 43,5 cm, musta"},"content":{"rendered":"<p>SONGMICS samettinen vaatehenkari, 50 kpl, luistamaton, takkihenkkari, k\u00e4\u00e4ntyv\u00e4 koukku ruusukullassa, paksuus 0,6 cm, tilaa s\u00e4\u00e4st\u00e4v\u00e4, pituus 45 cm, takkeihin, paitoihin, hameisiin, housuihin, solmioihin, valkoinen CRF021W02<br \/>\nV\u00e4ri: musta<br \/>\nMateriaali: sametti, ABS-muovi, metallikoukku<br \/>\nKoko per henkari: 43,5 x 22,5 cm (L x K)<br \/>\n50 henkarin paino: 3,9 kg<br \/>\nHenkarin maks. staattinen kantavuus: 5 kg<\/p>\n","protected":false},"excerpt":{"rendered":"<p>SONGMICS samettinen vaatehenkari, 50 kpl, luistamaton, takkihenkkari, k\u00e4\u00e4ntyv\u00e4 koukku ruusukullassa, paksuus 0,6 cm, tilaa s\u00e4\u00e4st\u00e4v\u00e4, pituus 45 cm, takkeihin, paitoihin, hameisiin, housuihin, solmioihin, valkoinen CRF021W02<\/p>\n","protected":false},"featured_media":39276,"comment_status":"open","ping_status":"closed","template":"","meta":[],"product_brand":[],"product_cat":[32],"product_tag":[],"class_list":{"0":"post-29873","1":"product","2":"type-product","3":"status-publish","4":"has-post-thumbnail","6":"product_cat-uncategorized-fi","8":"first","9":"instock","10":"shipping-taxable","11":"purchasable","12":"product-type-simple"},"_links":{"self":[{"href":"https:\/\/nordicmart.andreevmaster.com\/fi\/wp-json\/wp\/v2\/product\/29873","targetHints":{"allow":["GET"]}}],"collection":[{"href":"https:\/\/nordicmart.andreevmaster.com\/fi\/wp-json\/wp\/v2\/product"}],"about":[{"href":"https:\/\/nordicmart.andreevmaster.com\/fi\/wp-json\/wp\/v2\/types\/product"}],"replies":[{"embeddable":true,"href":"https:\/\/nordicmart.andreevmaster.com\/fi\/wp-json\/wp\/v2\/comments?post=29873"}],"wp:featuredmedia":[{"embeddable":true,"href":"https:\/\/nordicmart.andreevmaster.com\/fi\/wp-json\/wp\/v2\/media\/39276"}],"wp:attachment":[{"href":"https:\/\/nordicmart.andreevmaster.com\/fi\/wp-json\/wp\/v2\/media?parent=29873"}],"wp:term":[{"taxonomy":"product_brand","embeddable":true,"href":"https:\/\/nordicmart.andreevmaster.com\/fi\/wp-json\/wp\/v2\/product_brand?post=29873"},{"taxonomy":"product_cat","embeddable":true,"href":"https:\/\/nordicmart.andreevmaster.com\/fi\/wp-json\/wp\/v2\/product_cat?post=29873"},{"taxonomy":"product_tag","embeddable":true,"href":"https:\/\/nordicmart.andreevmaster.com\/fi\/wp-json\/wp\/v2\/product_tag?post=29873"}],"curies":[{"name":"wp","href":"https:\/\/api.w.org\/{rel}","templated":true}]}}