{"id":29872,"date":"2026-02-27T00:08:10","date_gmt":"2026-02-27T00:08:10","guid":{"rendered":"https:\/\/nordicmart.andreevmaster.com\/product\/songmics-vaatehenkari-valkoinen\/"},"modified":"2026-02-27T09:32:14","modified_gmt":"2026-02-27T09:32:14","slug":"songmics-vaatehenkari-valkoinen","status":"publish","type":"product","link":"https:\/\/nordicmart.andreevmaster.com\/fi\/tuote\/songmics-vaatehenkari-valkoinen\/","title":{"rendered":"SONGMICS vaatehenkari, valkoinen"},"content":{"rendered":"<p>Henkarit, jotka ovat n\u00e4enn\u00e4isesti arkisia tarvikkeita, helpottavat huomattavasti arkeasi. SONGMICS-henkareiden yksinkertainen ja k\u00e4yt\u00e4nn\u00f6llinen muotoilu auttaa sinua pit\u00e4m\u00e4\u00e4n vaatekaappisi kunnossa. N\u00e4in aamuisin vaatteiden valitseminen on taas hauskaa! Kaksinkertaista vaatekaapin tila Verrattuna putkimaisiin vaatehenkareihin n\u00e4m\u00e4 0,6 cm ohuet samettiset vaatehenkarit viev\u00e4t v\u00e4hemm\u00e4n tilaa, joten vaatekaappiisi mahtuu kaksinkertainen m\u00e4\u00e4r\u00e4 vaatteita. T\u00e4ydellinen ratkaisu pieniin vaatekaappeihin! Vahvat, mutta my\u00f6s hell\u00e4varaiset N\u00e4m\u00e4 takkivaatehenkarit ovat riitt\u00e4v\u00e4n vahvat kest\u00e4m\u00e4\u00e4n jopa raskaiden talvitakkien painon. Mutta niill\u00e4 on my\u00f6s hell\u00e4varainen puoli \u2013 niiden miellytt\u00e4v\u00e4n pehme\u00e4n pinnan ansiosta jopa hienoimmat vaatteesi pysyv\u00e4t siistein\u00e4 ja rypistym\u00e4tt\u00f6min\u00e4 ripustettuna. N\u00e4m\u00e4 50 v\u00e4rikk\u00e4it\u00e4 henkaria eiv\u00e4t vain n\u00e4yt\u00e4 hyv\u00e4lt\u00e4, vaan ovat my\u00f6s k\u00e4yt\u00e4nn\u00f6llisi\u00e4 apulaisia arjessa. T\u00e4nne mahtuu koko asu N\u00e4ille henkareille voit ripustaa paitsi takit, paidat ja villapaidat, my\u00f6s solmiot, vy\u00f6t ja huivit pienen keskipalkin ansiosta. Ripusta housut helposti tukevan poikkipalkin yli. Tuotetiedot:- V\u00e4ri: valkoinen &#8211; Materiaali: sametti, ABS-muovi, metallikoukku &#8211; Koko per henkari: 45 x 0,6 x 23,5 cm (P x L x K) &#8211; Paino per henkari: 78 g &#8211; Maks. staattinen kantavuus per henkari: 5 kg Toimitus sis\u00e4lt\u00e4\u00e4: &#8211; 50 x samettinen henkari SONGMICS Huomautukset:- \u00c4l\u00e4 ripusta m\u00e4rki\u00e4 vaatteita henkareille. &#8211; Pid\u00e4 henkarit poissa l\u00e4mm\u00f6nl\u00e4hteist\u00e4 ja syttymisl\u00e4hteist\u00e4. &#8211; \u00c4l\u00e4 k\u00e4yt\u00e4 henkareita korkeassa l\u00e4mp\u00f6tilassa tai kosteassa ymp\u00e4rist\u00f6ss\u00e4. &#8211; \u00c4l\u00e4 ripusta liian painavia esineit\u00e4 tai vaatteita henkareille. &#8211; \u00c4l\u00e4 k\u00e4yt\u00e4 n\u00e4it\u00e4 henkareita kuivausrummussa.<\/p>\n","protected":false},"excerpt":{"rendered":"<p>SONGMICS samettiset henkarit, 20 kpl, luistamattomat, takkikoukut, paksuus 0,6 cm, pukukoukut, tilaa s\u00e4\u00e4st\u00e4v\u00e4t, 360\u00b0 k\u00e4\u00e4ntyv\u00e4 koukku, leveys 45 cm, takkeihin, pukuihin, hameisiin, paitoihin, housuihin, valkoiset CRF020W01<\/p>\n","protected":false},"featured_media":39275,"comment_status":"open","ping_status":"closed","template":"","meta":[],"product_brand":[],"product_cat":[32],"product_tag":[],"class_list":{"0":"post-29872","1":"product","2":"type-product","3":"status-publish","4":"has-post-thumbnail","6":"product_cat-uncategorized-fi","8":"first","9":"instock","10":"shipping-taxable","11":"purchasable","12":"product-type-simple"},"_links":{"self":[{"href":"https:\/\/nordicmart.andreevmaster.com\/fi\/wp-json\/wp\/v2\/product\/29872","targetHints":{"allow":["GET"]}}],"collection":[{"href":"https:\/\/nordicmart.andreevmaster.com\/fi\/wp-json\/wp\/v2\/product"}],"about":[{"href":"https:\/\/nordicmart.andreevmaster.com\/fi\/wp-json\/wp\/v2\/types\/product"}],"replies":[{"embeddable":true,"href":"https:\/\/nordicmart.andreevmaster.com\/fi\/wp-json\/wp\/v2\/comments?post=29872"}],"wp:featuredmedia":[{"embeddable":true,"href":"https:\/\/nordicmart.andreevmaster.com\/fi\/wp-json\/wp\/v2\/media\/39275"}],"wp:attachment":[{"href":"https:\/\/nordicmart.andreevmaster.com\/fi\/wp-json\/wp\/v2\/media?parent=29872"}],"wp:term":[{"taxonomy":"product_brand","embeddable":true,"href":"https:\/\/nordicmart.andreevmaster.com\/fi\/wp-json\/wp\/v2\/product_brand?post=29872"},{"taxonomy":"product_cat","embeddable":true,"href":"https:\/\/nordicmart.andreevmaster.com\/fi\/wp-json\/wp\/v2\/product_cat?post=29872"},{"taxonomy":"product_tag","embeddable":true,"href":"https:\/\/nordicmart.andreevmaster.com\/fi\/wp-json\/wp\/v2\/product_tag?post=29872"}],"curies":[{"name":"wp","href":"https:\/\/api.w.org\/{rel}","templated":true}]}}