{"id":29868,"date":"2026-02-27T00:08:09","date_gmt":"2026-02-27T00:08:09","guid":{"rendered":"https:\/\/nordicmart.andreevmaster.com\/product\/songmics-20-kpln-sarja-samettisia-henkareita-vaaleanvihrea\/"},"modified":"2026-02-27T09:32:14","modified_gmt":"2026-02-27T09:32:14","slug":"songmics-20-kpln-sarja-samettisia-henkareita-vaaleanvihrea","status":"publish","type":"product","link":"https:\/\/nordicmart.andreevmaster.com\/fi\/tuote\/songmics-20-kpln-sarja-samettisia-henkareita-vaaleanvihrea\/","title":{"rendered":"SONGMICS 20 kpl:n sarja samettisia henkareita, vaaleanvihre\u00e4"},"content":{"rendered":"<p>Tuotetiedot:V\u00e4ri: vaaleanvihre\u00e4 Materiaali: sametti, ABS-muovi, metallikoukku Koko per henkari: 43,5 x 0,6 x 22,5 cm (P x L x K) 20 henkarin paino: 1,6 kg Maks. staattinen kantavuus per henkari: 5 kg Toimitus sis\u00e4lt\u00e4\u00e4: 20 x henkari SONGMICS Huomautukset:\u00c4l\u00e4 ripusta m\u00e4rki\u00e4 vaatteita henkareille. \u00c4l\u00e4 ripusta liian painavia vaatteita henkareille. \u00c4l\u00e4 k\u00e4yt\u00e4 n\u00e4it\u00e4 henkareita kuivausrummussa.<\/p>\n","protected":false},"excerpt":{"rendered":"<p>SONGMICS samettiset henkarit, 20 kpl, luistamattomat, takkikoukut, paksuus 0,6 cm, pukukoukut, tilaa s\u00e4\u00e4st\u00e4v\u00e4t, 360\u00b0 k\u00e4\u00e4ntyv\u00e4 koukku, leveys 45 cm, takkeihin, pukuihin, hameisiin, paitoihin, housuihin, valkoiset CRF020W01<\/p>\n","protected":false},"featured_media":39272,"comment_status":"open","ping_status":"closed","template":"","meta":[],"product_brand":[],"product_cat":[32],"product_tag":[],"class_list":{"0":"post-29868","1":"product","2":"type-product","3":"status-publish","4":"has-post-thumbnail","6":"product_cat-uncategorized-fi","8":"first","9":"instock","10":"shipping-taxable","11":"purchasable","12":"product-type-simple"},"_links":{"self":[{"href":"https:\/\/nordicmart.andreevmaster.com\/fi\/wp-json\/wp\/v2\/product\/29868","targetHints":{"allow":["GET"]}}],"collection":[{"href":"https:\/\/nordicmart.andreevmaster.com\/fi\/wp-json\/wp\/v2\/product"}],"about":[{"href":"https:\/\/nordicmart.andreevmaster.com\/fi\/wp-json\/wp\/v2\/types\/product"}],"replies":[{"embeddable":true,"href":"https:\/\/nordicmart.andreevmaster.com\/fi\/wp-json\/wp\/v2\/comments?post=29868"}],"wp:featuredmedia":[{"embeddable":true,"href":"https:\/\/nordicmart.andreevmaster.com\/fi\/wp-json\/wp\/v2\/media\/39272"}],"wp:attachment":[{"href":"https:\/\/nordicmart.andreevmaster.com\/fi\/wp-json\/wp\/v2\/media?parent=29868"}],"wp:term":[{"taxonomy":"product_brand","embeddable":true,"href":"https:\/\/nordicmart.andreevmaster.com\/fi\/wp-json\/wp\/v2\/product_brand?post=29868"},{"taxonomy":"product_cat","embeddable":true,"href":"https:\/\/nordicmart.andreevmaster.com\/fi\/wp-json\/wp\/v2\/product_cat?post=29868"},{"taxonomy":"product_tag","embeddable":true,"href":"https:\/\/nordicmart.andreevmaster.com\/fi\/wp-json\/wp\/v2\/product_tag?post=29868"}],"curies":[{"name":"wp","href":"https:\/\/api.w.org\/{rel}","templated":true}]}}