{"id":29866,"date":"2026-02-27T00:08:09","date_gmt":"2026-02-27T00:08:09","guid":{"rendered":"https:\/\/nordicmart.andreevmaster.com\/product\/songmics-samettinen-henkari-50-kpl-harmaa\/"},"modified":"2026-02-27T09:32:13","modified_gmt":"2026-02-27T09:32:13","slug":"songmics-samettinen-henkari-50-kpl-harmaa","status":"publish","type":"product","link":"https:\/\/nordicmart.andreevmaster.com\/fi\/tuote\/songmics-samettinen-henkari-50-kpl-harmaa\/","title":{"rendered":"SONGMICS samettinen henkari 50 kpl harmaa"},"content":{"rendered":"<p>Luistamaton samettinen henkari Pehme\u00e4 samettip\u00e4\u00e4llyste, jonka v\u00e4ri ei haalistu, suojaa vaatteitasi ja est\u00e4\u00e4 niiden luistamisen, joten paidat, mekot jne. pysyv\u00e4t aina paikoillaan. Alareuna, joka on my\u00f6s samettip\u00e4\u00e4llysteinen, suojaa housujasi rypistymiselt\u00e4. Enemm\u00e4n tilaa vaatekaapissasi Jokainen henkari on vain 5 mm paksu ja vie v\u00e4h\u00e4n tilaa kaapissa. Voit ripustaa takit ja housut yhdess\u00e4 henkarille. N\u00e4in koko asu mahtuu yhdelle henkarille, mik\u00e4 s\u00e4\u00e4st\u00e4\u00e4 tilaa ja aikaa aamuisin asua valitessa. S-muotoinen aukko Henkarissa on erityinen S-muotoinen aukko, jotta voit ripustaa T-paidat tai neuleet niiden alkuper\u00e4isess\u00e4 muodossa ilman, ett\u00e4 kaulus menee ep\u00e4kuntoon. Lis\u00e4ksi henkarissa on alaosa housuille ja pieni keskipalkki huiveille, solmioille jne. Tuotetiedot: V\u00e4ri: harmaa Materiaali: ABS-muovi, sametti Mitat: 44 x 23 x 0,5 cm (L x K x S) Paino per henkari: 86 g Maks. kantavuus per henkari: 5 kg Toimitus sis\u00e4lt\u00e4\u00e4: 50 x henkari SONGMICS Huomautukset: \u00c4l\u00e4 ripusta m\u00e4rki\u00e4 vaatteita henkareille. Pid\u00e4 henkarit poissa syttymisl\u00e4hteist\u00e4.\u00c4l\u00e4 k\u00e4yt\u00e4 henkareita huoneissa, joissa on korkea l\u00e4mp\u00f6tila ja korkea kosteus. \u00c4l\u00e4 ripusta liian painavia esineit\u00e4 tai vaatteita henkareille. \u00c4l\u00e4 k\u00e4yt\u00e4 n\u00e4it\u00e4 henkareita kannettavassa kuivausrummussa.<\/p>\n","protected":false},"excerpt":{"rendered":"<p>SONGMICS vaateripustimet, 50 kpl, samettip\u00e4\u00e4llysteiset, luistamattomat ja tilaa s\u00e4\u00e4st\u00e4v\u00e4t, parannetut pukuhenkarit, 360\u00b0 k\u00e4\u00e4ntyv\u00e4 koukku, harmaa CRF01V-50<\/p>\n","protected":false},"featured_media":39270,"comment_status":"open","ping_status":"closed","template":"","meta":[],"product_brand":[],"product_cat":[32],"product_tag":[],"class_list":{"0":"post-29866","1":"product","2":"type-product","3":"status-publish","4":"has-post-thumbnail","6":"product_cat-uncategorized-fi","8":"first","9":"instock","10":"shipping-taxable","11":"purchasable","12":"product-type-simple"},"_links":{"self":[{"href":"https:\/\/nordicmart.andreevmaster.com\/fi\/wp-json\/wp\/v2\/product\/29866","targetHints":{"allow":["GET"]}}],"collection":[{"href":"https:\/\/nordicmart.andreevmaster.com\/fi\/wp-json\/wp\/v2\/product"}],"about":[{"href":"https:\/\/nordicmart.andreevmaster.com\/fi\/wp-json\/wp\/v2\/types\/product"}],"replies":[{"embeddable":true,"href":"https:\/\/nordicmart.andreevmaster.com\/fi\/wp-json\/wp\/v2\/comments?post=29866"}],"wp:featuredmedia":[{"embeddable":true,"href":"https:\/\/nordicmart.andreevmaster.com\/fi\/wp-json\/wp\/v2\/media\/39270"}],"wp:attachment":[{"href":"https:\/\/nordicmart.andreevmaster.com\/fi\/wp-json\/wp\/v2\/media?parent=29866"}],"wp:term":[{"taxonomy":"product_brand","embeddable":true,"href":"https:\/\/nordicmart.andreevmaster.com\/fi\/wp-json\/wp\/v2\/product_brand?post=29866"},{"taxonomy":"product_cat","embeddable":true,"href":"https:\/\/nordicmart.andreevmaster.com\/fi\/wp-json\/wp\/v2\/product_cat?post=29866"},{"taxonomy":"product_tag","embeddable":true,"href":"https:\/\/nordicmart.andreevmaster.com\/fi\/wp-json\/wp\/v2\/product_tag?post=29866"}],"curies":[{"name":"wp","href":"https:\/\/api.w.org\/{rel}","templated":true}]}}