{"id":29860,"date":"2026-02-27T00:08:08","date_gmt":"2026-02-27T00:08:08","guid":{"rendered":"https:\/\/nordicmart.andreevmaster.com\/product\/songmics-vaateripustimet-sametti-20-kpln-sarja-saadettavat-harmaat\/"},"modified":"2026-02-27T09:32:12","modified_gmt":"2026-02-27T09:32:12","slug":"songmics-vaateripustimet-sametti-20-kpln-sarja-saadettavat-harmaat","status":"publish","type":"product","link":"https:\/\/nordicmart.andreevmaster.com\/fi\/tuote\/songmics-vaateripustimet-sametti-20-kpln-sarja-saadettavat-harmaat\/","title":{"rendered":"SONGMICS vaateripustimet, sametti, 20 kpl:n sarja, s\u00e4\u00e4dett\u00e4v\u00e4t, harmaat"},"content":{"rendered":"<p>SONGMICS housuhenkari, 12 kpl:n sarja, 42,5 cm:n samettinen henkari s\u00e4\u00e4dett\u00e4vill\u00e4 klipseill\u00e4, kest\u00e4v\u00e4, luistamaton ja tilaa s\u00e4\u00e4st\u00e4v\u00e4, housuille, hameille, takkeille, mekkoille, olkaimellisille topeille, valkoinen CRF012W01<br \/>\nV\u00e4ri: harmaa<br \/>\nMateriaali: ABS-muovi, sametti, metalli<br \/>\nKoko per henkari: 42,5 x 23,5 cm (L x K)<br \/>\n20 henkarin paino: 1,8 kg<br \/>\nTakkihousunpidikkeen maks. staattinen kantavuus: 5 kg<br \/>\nHousuhenkarin maks. staattinen kantavuus: 2,5 kg<\/p>\n","protected":false},"excerpt":{"rendered":"<p>SONGMICS housuhenkari, 12 kpl:n sarja, 42,5 cm:n samettinen henkari s\u00e4\u00e4dett\u00e4vill\u00e4 klipseill\u00e4, kest\u00e4v\u00e4, luistamaton ja tilaa s\u00e4\u00e4st\u00e4v\u00e4, housuille, hameille, takkeille, mekkoille, olkaimellisille topeille, valkoinen CRF012W01<\/p>\n","protected":false},"featured_media":39264,"comment_status":"open","ping_status":"closed","template":"","meta":[],"product_brand":[],"product_cat":[32],"product_tag":[],"class_list":{"0":"post-29860","1":"product","2":"type-product","3":"status-publish","4":"has-post-thumbnail","6":"product_cat-uncategorized-fi","8":"first","9":"instock","10":"shipping-taxable","11":"purchasable","12":"product-type-simple"},"_links":{"self":[{"href":"https:\/\/nordicmart.andreevmaster.com\/fi\/wp-json\/wp\/v2\/product\/29860","targetHints":{"allow":["GET"]}}],"collection":[{"href":"https:\/\/nordicmart.andreevmaster.com\/fi\/wp-json\/wp\/v2\/product"}],"about":[{"href":"https:\/\/nordicmart.andreevmaster.com\/fi\/wp-json\/wp\/v2\/types\/product"}],"replies":[{"embeddable":true,"href":"https:\/\/nordicmart.andreevmaster.com\/fi\/wp-json\/wp\/v2\/comments?post=29860"}],"wp:featuredmedia":[{"embeddable":true,"href":"https:\/\/nordicmart.andreevmaster.com\/fi\/wp-json\/wp\/v2\/media\/39264"}],"wp:attachment":[{"href":"https:\/\/nordicmart.andreevmaster.com\/fi\/wp-json\/wp\/v2\/media?parent=29860"}],"wp:term":[{"taxonomy":"product_brand","embeddable":true,"href":"https:\/\/nordicmart.andreevmaster.com\/fi\/wp-json\/wp\/v2\/product_brand?post=29860"},{"taxonomy":"product_cat","embeddable":true,"href":"https:\/\/nordicmart.andreevmaster.com\/fi\/wp-json\/wp\/v2\/product_cat?post=29860"},{"taxonomy":"product_tag","embeddable":true,"href":"https:\/\/nordicmart.andreevmaster.com\/fi\/wp-json\/wp\/v2\/product_tag?post=29860"}],"curies":[{"name":"wp","href":"https:\/\/api.w.org\/{rel}","templated":true}]}}