{"id":29855,"date":"2026-02-27T00:08:07","date_gmt":"2026-02-27T00:08:07","guid":{"rendered":"https:\/\/nordicmart.andreevmaster.com\/product\/kuvioitu-peitto-120x120\/"},"modified":"2026-02-27T09:32:12","modified_gmt":"2026-02-27T09:32:12","slug":"kuvioitu-peitto-120x120","status":"publish","type":"product","link":"https:\/\/nordicmart.andreevmaster.com\/fi\/tuote\/kuvioitu-peitto-120x120\/","title":{"rendered":"Kuvioitu peitto 120&#215;120"},"content":{"rendered":"<p>FLY-malliston musliininen swaddle-peitto on v\u00e4ltt\u00e4m\u00e4t\u00f6n osa vauvan vaatevarastoa. Herk\u00e4n ja kevyen kankaansa ansiosta se sopii erinomaisesti lapsen peitt\u00e4miseen k\u00e4velyll\u00e4 tai korvaamaan peiton vauvans\u00e4ngyss\u00e4.<br \/>\nPeitto on valmistettu korkealaatuisesta musliinista, jolla on edistykselliset l\u00e4mm\u00f6ns\u00e4\u00e4t\u00f6ominaisuudet, jotka takaavat erinomaisen nukkumismukavuuden.Se on suunniteltu ja valmistettu Puolassa, ja siin\u00e4 on kiinnitetty huomiota jokaiseen yksityiskohtaan. Tuote on pakattu l\u00e4pin\u00e4kyv\u00e4\u00e4n, biohajoavaan pussiin. Erinomainen idea vauvakutsuille, syntym\u00e4p\u00e4iv\u00e4lahjaksi tai erityistilaisuuksiin.**<br \/>\n****<\/p>\n<p>Materiaali**: &#8211; 100 % musliinia, **Oeko-TEX Standard 100 -sertifikaatti ** **<br \/>\n****Pesuohjeet:** &#8211; konepesu 40 \u00b0C:ssa &#8211; silitys enint\u00e4\u00e4n 110 \u00b0C:ssa<br \/>\n&#8211; ei valkaisuaineita<br \/>\n&#8211; ei rumpukuivausta<\/p>\n<p>**Mitat:** 120&#215;120 cm<\/p>\n","protected":false},"excerpt":{"rendered":"<p>FLY-malliston musliininen swaddle-peitto on v\u00e4ltt\u00e4m\u00e4t\u00f6n osa vauvan vaatevarastoa. Herk\u00e4n ja kevyen kankaansa ansiosta se sopii erinomaisesti lapsen peitt\u00e4miseen k\u00e4velyll\u00e4 tai korvaamaan peiton vauvans\u00e4ngyss\u00e4. Peitto on valmistettu korkealaatuisesta musliinista, jolla on edistykselliset l\u00e4mm\u00f6ns\u00e4\u00e4t\u00f6ominaisuudet, jotka takaavat erinomaisen nukkumismukavuuden.Se on suunniteltu ja valmistettu Puolassa, ja siin\u00e4 on kiinnitetty huomiota jokaiseen yksityiskohtaan. Tuote on pakattu l\u00e4pin\u00e4kyv\u00e4\u00e4n, biohajoavaan pussiin. Erinomainen [&hellip;]<\/p>\n","protected":false},"featured_media":0,"comment_status":"open","ping_status":"closed","template":"","meta":[],"product_brand":[],"product_cat":[32],"product_tag":[],"class_list":{"0":"post-29855","1":"product","2":"type-product","3":"status-publish","5":"product_cat-uncategorized-fi","7":"first","8":"instock","9":"shipping-taxable","10":"purchasable","11":"product-type-simple"},"_links":{"self":[{"href":"https:\/\/nordicmart.andreevmaster.com\/fi\/wp-json\/wp\/v2\/product\/29855","targetHints":{"allow":["GET"]}}],"collection":[{"href":"https:\/\/nordicmart.andreevmaster.com\/fi\/wp-json\/wp\/v2\/product"}],"about":[{"href":"https:\/\/nordicmart.andreevmaster.com\/fi\/wp-json\/wp\/v2\/types\/product"}],"replies":[{"embeddable":true,"href":"https:\/\/nordicmart.andreevmaster.com\/fi\/wp-json\/wp\/v2\/comments?post=29855"}],"wp:attachment":[{"href":"https:\/\/nordicmart.andreevmaster.com\/fi\/wp-json\/wp\/v2\/media?parent=29855"}],"wp:term":[{"taxonomy":"product_brand","embeddable":true,"href":"https:\/\/nordicmart.andreevmaster.com\/fi\/wp-json\/wp\/v2\/product_brand?post=29855"},{"taxonomy":"product_cat","embeddable":true,"href":"https:\/\/nordicmart.andreevmaster.com\/fi\/wp-json\/wp\/v2\/product_cat?post=29855"},{"taxonomy":"product_tag","embeddable":true,"href":"https:\/\/nordicmart.andreevmaster.com\/fi\/wp-json\/wp\/v2\/product_tag?post=29855"}],"curies":[{"name":"wp","href":"https:\/\/api.w.org\/{rel}","templated":true}]}}