{"id":29854,"date":"2026-02-27T00:08:07","date_gmt":"2026-02-27T00:08:07","guid":{"rendered":"https:\/\/nordicmart.andreevmaster.com\/product\/axi-tonttitalo-liukumaella-118-cm\/"},"modified":"2026-02-27T09:32:11","modified_gmt":"2026-02-27T09:32:11","slug":"axi-tonttitalo-liukumaella-118-cm","status":"publish","type":"product","link":"https:\/\/nordicmart.andreevmaster.com\/fi\/tuote\/axi-tonttitalo-liukumaella-118-cm\/","title":{"rendered":"AXI-tonttitalo liukum\u00e4ell\u00e4 118 cm"},"content":{"rendered":"<p>AXI-tonttitalo liukum\u00e4ell\u00e4 on 2-vuotiaille lapsille tarkoitettu lelu, joka tarjoaa runsaasti ulkoilumahdollisuuksia. Talo on tilava ja toimiva, joten se sopii erinomaisesti ryhm\u00e4leikkeihin. Talo seisoo korkeilla pylv\u00e4ill\u00e4, joihin p\u00e4\u00e4see vakaalla tikkailla. Terassilta voi laskea alas 118 cm pitk\u00e4\u00e4 liukum\u00e4ke\u00e4, joka tarjoaa varmasti paljon hauskaa pienille. Talossa on v\u00e4rikk\u00e4\u00e4t ikkunat, joissa on avattavat ja suljettavat ikkunaluukut, sek\u00e4 etuovi. Ominaisuudet: &#8211; talo on suunniteltu 2-vuotiaille ja sit\u00e4 vanhemmille lapsille, &#8211; valmistettu hemlock-puusta (kanadalainen kuusi), joka on luonnostaan s\u00e4\u00e4nkest\u00e4v\u00e4 eik\u00e4 delaminoidu, &#8211; mukana 118 cm pitk\u00e4 liukum\u00e4ki, &#8211; alustan korkeus 57 cm, &#8211; suurin sallittu kuormitus 150 kg. [img-114480-left-thickbox_default]<\/p>\n","protected":false},"excerpt":{"rendered":"<p>AXI-tonttitalo liukum\u00e4ell\u00e4 on 2-vuotiaille lapsille tarkoitettu lelu, joka tarjoaa runsaasti ulkoilumahdollisuuksia. Talo on tilava ja toimiva, joten se sopii erinomaisesti ryhm\u00e4leikkeihin. Talo seisoo korkeilla pylv\u00e4ill\u00e4, joihin p\u00e4\u00e4see vakaalla tikkailla. Terassilta voi laskea alas 118 cm pitk\u00e4\u00e4 liukum\u00e4ke\u00e4, joka tarjoaa varmasti paljon hauskaa pienille. Talossa on v\u00e4rikk\u00e4\u00e4t ikkunat, joissa on avattavat ja suljettavat ikkunaluukut, sek\u00e4 etuovi. [&hellip;]<\/p>\n","protected":false},"featured_media":0,"comment_status":"open","ping_status":"closed","template":"","meta":[],"product_brand":[],"product_cat":[32],"product_tag":[],"class_list":{"0":"post-29854","1":"product","2":"type-product","3":"status-publish","5":"product_cat-uncategorized-fi","7":"first","8":"instock","9":"shipping-taxable","10":"purchasable","11":"product-type-simple"},"_links":{"self":[{"href":"https:\/\/nordicmart.andreevmaster.com\/fi\/wp-json\/wp\/v2\/product\/29854","targetHints":{"allow":["GET"]}}],"collection":[{"href":"https:\/\/nordicmart.andreevmaster.com\/fi\/wp-json\/wp\/v2\/product"}],"about":[{"href":"https:\/\/nordicmart.andreevmaster.com\/fi\/wp-json\/wp\/v2\/types\/product"}],"replies":[{"embeddable":true,"href":"https:\/\/nordicmart.andreevmaster.com\/fi\/wp-json\/wp\/v2\/comments?post=29854"}],"wp:attachment":[{"href":"https:\/\/nordicmart.andreevmaster.com\/fi\/wp-json\/wp\/v2\/media?parent=29854"}],"wp:term":[{"taxonomy":"product_brand","embeddable":true,"href":"https:\/\/nordicmart.andreevmaster.com\/fi\/wp-json\/wp\/v2\/product_brand?post=29854"},{"taxonomy":"product_cat","embeddable":true,"href":"https:\/\/nordicmart.andreevmaster.com\/fi\/wp-json\/wp\/v2\/product_cat?post=29854"},{"taxonomy":"product_tag","embeddable":true,"href":"https:\/\/nordicmart.andreevmaster.com\/fi\/wp-json\/wp\/v2\/product_tag?post=29854"}],"curies":[{"name":"wp","href":"https:\/\/api.w.org\/{rel}","templated":true}]}}