{"id":29853,"date":"2026-02-27T00:08:07","date_gmt":"2026-02-27T00:08:07","guid":{"rendered":"https:\/\/nordicmart.andreevmaster.com\/product\/songmics-keittiohylly-pesualtaan-alle-valkoinen\/"},"modified":"2026-02-27T09:32:11","modified_gmt":"2026-02-27T09:32:11","slug":"songmics-keittiohylly-pesualtaan-alle-valkoinen","status":"publish","type":"product","link":"https:\/\/nordicmart.andreevmaster.com\/fi\/tuote\/songmics-keittiohylly-pesualtaan-alle-valkoinen\/","title":{"rendered":"SONGMICS keitti\u00f6hylly pesualtaan alle, valkoinen"},"content":{"rendered":"<p>Tuotetiedot: V\u00e4ri: valkoinen Materiaali: PP-muovi (polypropeeni), ruostumattomasta ter\u00e4ksest\u00e4 valmistetut putket Koko: 40 x 22 x 31 cm (P x L x K) Paino: 0,6 kg Hyllyn maksimaalinen staattinen kantavuus: 5 kg Toimitus sis\u00e4lt\u00e4\u00e4: 1 x alakaapin hylly 6 x koukku 1 x ohjeet SONGMICS Huomautukset:Asenna tuote vain t\u00e4m\u00e4n ohjeen mukaisesti. \u00c4l\u00e4 pura sit\u00e4 v\u00e4kisin.<\/p>\n","protected":false},"excerpt":{"rendered":"<p>SONGMICS keitti\u00f6hylly, pesualtaan alle, alakaapin hylly, kylpyhuonehylly, pesualtaan alle, tiskikaapin hylly, 2 tasoa, 6 koukkua, s\u00e4ilytys pesualtaan alla, keitti\u00f6\u00f6n, kylpyhuoneeseen, valkoinen BUO001W01<\/p>\n","protected":false},"featured_media":39261,"comment_status":"open","ping_status":"closed","template":"","meta":[],"product_brand":[],"product_cat":[32],"product_tag":[],"class_list":{"0":"post-29853","1":"product","2":"type-product","3":"status-publish","4":"has-post-thumbnail","6":"product_cat-uncategorized-fi","8":"first","9":"instock","10":"shipping-taxable","11":"purchasable","12":"product-type-simple"},"_links":{"self":[{"href":"https:\/\/nordicmart.andreevmaster.com\/fi\/wp-json\/wp\/v2\/product\/29853","targetHints":{"allow":["GET"]}}],"collection":[{"href":"https:\/\/nordicmart.andreevmaster.com\/fi\/wp-json\/wp\/v2\/product"}],"about":[{"href":"https:\/\/nordicmart.andreevmaster.com\/fi\/wp-json\/wp\/v2\/types\/product"}],"replies":[{"embeddable":true,"href":"https:\/\/nordicmart.andreevmaster.com\/fi\/wp-json\/wp\/v2\/comments?post=29853"}],"wp:featuredmedia":[{"embeddable":true,"href":"https:\/\/nordicmart.andreevmaster.com\/fi\/wp-json\/wp\/v2\/media\/39261"}],"wp:attachment":[{"href":"https:\/\/nordicmart.andreevmaster.com\/fi\/wp-json\/wp\/v2\/media?parent=29853"}],"wp:term":[{"taxonomy":"product_brand","embeddable":true,"href":"https:\/\/nordicmart.andreevmaster.com\/fi\/wp-json\/wp\/v2\/product_brand?post=29853"},{"taxonomy":"product_cat","embeddable":true,"href":"https:\/\/nordicmart.andreevmaster.com\/fi\/wp-json\/wp\/v2\/product_cat?post=29853"},{"taxonomy":"product_tag","embeddable":true,"href":"https:\/\/nordicmart.andreevmaster.com\/fi\/wp-json\/wp\/v2\/product_tag?post=29853"}],"curies":[{"name":"wp","href":"https:\/\/api.w.org\/{rel}","templated":true}]}}