{"id":29852,"date":"2026-02-27T00:08:06","date_gmt":"2026-02-27T00:08:06","guid":{"rendered":"https:\/\/nordicmart.andreevmaster.com\/product\/songmics-tiskikaapin-jarjestelija-2-tasoa-musta\/"},"modified":"2026-02-27T09:32:11","modified_gmt":"2026-02-27T09:32:11","slug":"songmics-tiskikaapin-jarjestelija-2-tasoa-musta","status":"publish","type":"product","link":"https:\/\/nordicmart.andreevmaster.com\/fi\/tuote\/songmics-tiskikaapin-jarjestelija-2-tasoa-musta\/","title":{"rendered":"SONGMICS tiskikaapin j\u00e4rjestelij\u00e4, 2 tasoa, musta"},"content":{"rendered":"<p>SONGMICS keitti\u00f6hylly, pesualtaan alle, alakaapin hylly, kylpyhuonehylly, pesualtaan alle, tiskikaapin hylly, 2 tasoa, 6 koukkua, s\u00e4ilytys pesualtaan alla, keitti\u00f6\u00f6n, kylpyhuoneeseen, valkoinen BUO001W01<br \/>\nV\u00e4ri: musta<br \/>\nMateriaali: PP-muovi (polypropeeni), ruostumattomasta ter\u00e4ksest\u00e4 valmistetut putket<br \/>\nKoko: 22 x 40 x 31 cm (S x L x K)<br \/>\nPaino: 0,6 kg<br \/>\nMaks. staattinen kantavuus hylly\u00e4 kohti: 5 kg<\/p>\n","protected":false},"excerpt":{"rendered":"<p>SONGMICS keitti\u00f6hylly, pesualtaan alle, alakaapin hylly, kylpyhuonehylly, pesualtaan alle, tiskikaapin hylly, 2 tasoa, 6 koukkua, s\u00e4ilytys pesualtaan alla, keitti\u00f6\u00f6n, kylpyhuoneeseen, valkoinen BUO001W01<\/p>\n","protected":false},"featured_media":39260,"comment_status":"open","ping_status":"closed","template":"","meta":[],"product_brand":[],"product_cat":[32],"product_tag":[],"class_list":{"0":"post-29852","1":"product","2":"type-product","3":"status-publish","4":"has-post-thumbnail","6":"product_cat-uncategorized-fi","8":"first","9":"instock","10":"shipping-taxable","11":"purchasable","12":"product-type-simple"},"_links":{"self":[{"href":"https:\/\/nordicmart.andreevmaster.com\/fi\/wp-json\/wp\/v2\/product\/29852","targetHints":{"allow":["GET"]}}],"collection":[{"href":"https:\/\/nordicmart.andreevmaster.com\/fi\/wp-json\/wp\/v2\/product"}],"about":[{"href":"https:\/\/nordicmart.andreevmaster.com\/fi\/wp-json\/wp\/v2\/types\/product"}],"replies":[{"embeddable":true,"href":"https:\/\/nordicmart.andreevmaster.com\/fi\/wp-json\/wp\/v2\/comments?post=29852"}],"wp:featuredmedia":[{"embeddable":true,"href":"https:\/\/nordicmart.andreevmaster.com\/fi\/wp-json\/wp\/v2\/media\/39260"}],"wp:attachment":[{"href":"https:\/\/nordicmart.andreevmaster.com\/fi\/wp-json\/wp\/v2\/media?parent=29852"}],"wp:term":[{"taxonomy":"product_brand","embeddable":true,"href":"https:\/\/nordicmart.andreevmaster.com\/fi\/wp-json\/wp\/v2\/product_brand?post=29852"},{"taxonomy":"product_cat","embeddable":true,"href":"https:\/\/nordicmart.andreevmaster.com\/fi\/wp-json\/wp\/v2\/product_cat?post=29852"},{"taxonomy":"product_tag","embeddable":true,"href":"https:\/\/nordicmart.andreevmaster.com\/fi\/wp-json\/wp\/v2\/product_tag?post=29852"}],"curies":[{"name":"wp","href":"https:\/\/api.w.org\/{rel}","templated":true}]}}