{"id":29848,"date":"2026-02-27T00:08:06","date_gmt":"2026-02-27T00:08:06","guid":{"rendered":"https:\/\/nordicmart.andreevmaster.com\/product\/songmics-wc-hylly-kylpyhuonehylly-pesukonehylly\/"},"modified":"2026-02-27T09:32:10","modified_gmt":"2026-02-27T09:32:10","slug":"songmics-wc-hylly-kylpyhuonehylly-pesukonehylly","status":"publish","type":"product","link":"https:\/\/nordicmart.andreevmaster.com\/fi\/tuote\/songmics-wc-hylly-kylpyhuonehylly-pesukonehylly\/","title":{"rendered":"SONGMICS WC-hylly, kylpyhuonehylly, pesukonehylly"},"content":{"rendered":"<p>SONGMICS WC-hylly, kylpyhuonehylly, pesukonehylly, 3-tasoinen bambusta valmistettu kylpyhuonehylly, s\u00e4\u00e4dett\u00e4v\u00e4, monik\u00e4ytt\u00f6inen, staattinen kantavuus 15 kg per taso, helppo asentaa, valkoinen BTS01WT<br \/>\nTekniset tiedot:<br \/>\n&#8211; Mitat: 26 x 63 x 170 cm (S x L x K)<br \/>\n&#8211; Paino: 5,5 kg<br \/>\n&#8211; Maks. staattinen kantavuus tasoa kohti: 15 kg<br \/>\n&#8211; Materiaali: bambu<br \/>\n&#8211; V\u00e4ri: luonnonbeige<\/p>\n","protected":false},"excerpt":{"rendered":"<p>SONGMICS WC-hylly, kylpyhuonehylly, pesukonehylly, 3-tasoinen bambusta valmistettu kylpyhuonehylly, s\u00e4\u00e4dett\u00e4v\u00e4, monik\u00e4ytt\u00f6inen, staattinen kantavuus 15 kg per taso, helppo asentaa, valkoinen BTS01WT<\/p>\n","protected":false},"featured_media":39256,"comment_status":"open","ping_status":"closed","template":"","meta":[],"product_brand":[],"product_cat":[32],"product_tag":[],"class_list":{"0":"post-29848","1":"product","2":"type-product","3":"status-publish","4":"has-post-thumbnail","6":"product_cat-uncategorized-fi","8":"first","9":"instock","10":"shipping-taxable","11":"purchasable","12":"product-type-simple"},"_links":{"self":[{"href":"https:\/\/nordicmart.andreevmaster.com\/fi\/wp-json\/wp\/v2\/product\/29848","targetHints":{"allow":["GET"]}}],"collection":[{"href":"https:\/\/nordicmart.andreevmaster.com\/fi\/wp-json\/wp\/v2\/product"}],"about":[{"href":"https:\/\/nordicmart.andreevmaster.com\/fi\/wp-json\/wp\/v2\/types\/product"}],"replies":[{"embeddable":true,"href":"https:\/\/nordicmart.andreevmaster.com\/fi\/wp-json\/wp\/v2\/comments?post=29848"}],"wp:featuredmedia":[{"embeddable":true,"href":"https:\/\/nordicmart.andreevmaster.com\/fi\/wp-json\/wp\/v2\/media\/39256"}],"wp:attachment":[{"href":"https:\/\/nordicmart.andreevmaster.com\/fi\/wp-json\/wp\/v2\/media?parent=29848"}],"wp:term":[{"taxonomy":"product_brand","embeddable":true,"href":"https:\/\/nordicmart.andreevmaster.com\/fi\/wp-json\/wp\/v2\/product_brand?post=29848"},{"taxonomy":"product_cat","embeddable":true,"href":"https:\/\/nordicmart.andreevmaster.com\/fi\/wp-json\/wp\/v2\/product_cat?post=29848"},{"taxonomy":"product_tag","embeddable":true,"href":"https:\/\/nordicmart.andreevmaster.com\/fi\/wp-json\/wp\/v2\/product_tag?post=29848"}],"curies":[{"name":"wp","href":"https:\/\/api.w.org\/{rel}","templated":true}]}}